{"id":14872,"date":"2021-03-01T20:13:36","date_gmt":"2021-03-01T20:13:36","guid":{"rendered":"http:\/\/turismehortadesantjoan.cat\/?page_id=14872"},"modified":"2021-03-01T20:13:36","modified_gmt":"2021-03-01T20:13:36","slug":"fira-dolca-tardor","status":"publish","type":"page","link":"https:\/\/turismehortadesantjoan.cat\/es\/fira-dolca-tardor","title":{"rendered":"Fira Dol\u00e7a Tardor"},"content":{"rendered":"<section class=\"kc-elm kc-css-913637 kc_row\"><div class=\"kc-row-container  kc-container\"><div class=\"kc-wrap-columns\"><div class=\"kc-elm kc-css-815434 kc_col-sm-6 kc_column kc_col-sm-6\"><div class=\"kc-col-container\">\n<div class=\"kc-elm kc-css-568149 kc-title-wrap \">\n\n\t<h4 class=\"kc_title\">\"Dulce Oto\u00f1o\" - Fiesta del Mostillo y productos de artesan\u00eda<\/h4>\n<\/div>\n<div class=\"kc-elm kc-css-727444 kc_text_block\"><\/p>\n<p>Fiesta que se celebra el primer domingo del mes de octubre y tiene lugar en el n\u00facleo antiguo de la poblaci\u00f3n, donde los dulces m\u00e1s tradicionales y productos de artesan\u00eda de nuestra tierra toman todo el protagonismo.<\/p>\n<p>La \u00abDulce Oto\u00f1o\u00bb es una muestra o feria de productos de elaboraci\u00f3n artesanal que hace homenaje a las tradiciones y costumbres de nuestra tierra, donde se puede encontrar lo mejor de los productos que el oto\u00f1o ofrece. Como es el caso de la uva, que con su mosto, harina y frutos secos, se elabora \u00abel mostillo\u00bb. Postres deliciosos y protagonistas de la fiesta, t\u00edpico de las zonas donde hay vi\u00f1a y de una gran elaboraci\u00f3n artesanal.<\/p>\n<p>Durante todo el d\u00eda tambi\u00e9n se puede disfrutar de tapas elaboradas por los restaurantes del municipio y vinos de las bodegas de la Comarca de la Terra Alta.<\/p>\n<p>Concierto de m\u00fasica, gigantes, talleres para los m\u00e1s peque\u00f1os y otras actividades complementan este d\u00eda con un gran abanico de opciones para todas las edades.<\/p>\n<p>\n<\/div><\/div><\/div><div class=\"kc-elm kc-css-441420 kc_col-sm-6 kc_column kc_col-sm-6\"><div class=\"kc-col-container\"><div class=\"kc_shortcode kc_single_image effect-default\"><img decoding=\"async\" data-src=\"https:\/\/turismehortadesantjoan.cat\/wp-content\/uploads\/2021\/03\/festa-mostillo-2.jpg\" alt=\"\" src=\"data:image\/svg+xml;base64,PHN2ZyB3aWR0aD0iMSIgaGVpZ2h0PSIxIiB4bWxucz0iaHR0cDovL3d3dy53My5vcmcvMjAwMC9zdmciPjwvc3ZnPg==\" class=\"lazyload\" style=\"--smush-placeholder-width: 467px; --smush-placeholder-aspect-ratio: 467\/268;\" \/><\/div><\/div><\/div><\/div><\/div><\/section>\n","protected":false},"excerpt":{"rendered":"","protected":false},"author":1,"featured_media":0,"parent":0,"menu_order":0,"comment_status":"closed","ping_status":"closed","template":"","meta":{"footnotes":""},"yoast_head":"<!-- This site is optimized with the Yoast SEO plugin v24.5 - https:\/\/yoast.com\/wordpress\/plugins\/seo\/ -->\n<title>Fira Dol\u00e7a Tardor - Turisme Horta de Sant Joan<\/title>\n<meta name=\"robots\" content=\"index, follow, max-snippet:-1, max-image-preview:large, max-video-preview:-1\" \/>\n<link rel=\"canonical\" href=\"https:\/\/turismehortadesantjoan.cat\/es\/fira-dolca-tardor\" \/>\n<meta property=\"og:locale\" content=\"es_ES\" \/>\n<meta property=\"og:type\" content=\"article\" \/>\n<meta property=\"og:title\" content=\"Fira Dol\u00e7a Tardor - Turisme Horta de Sant Joan\" \/>\n<meta property=\"og:description\" content=\"\u00abDulce Oto\u00f1o\u00bb &#8211; Fiesta del Mostillo y productos de artesan\u00eda Fiesta que se celebra el primer domingo del mes de octubre y tiene lugar en el n\u00facleo antiguo de la &hellip; Continue reading Fira Dol\u00e7a Tardor &rarr;\" \/>\n<meta property=\"og:url\" content=\"https:\/\/turismehortadesantjoan.cat\/es\/fira-dolca-tardor\" \/>\n<meta property=\"og:site_name\" content=\"Turisme Horta de Sant Joan\" \/>\n<meta property=\"og:image\" content=\"https:\/\/turismehortadesantjoan.cat\/wp-content\/uploads\/2021\/03\/festa-mostillo-2.jpg\" \/>\n<meta name=\"twitter:card\" content=\"summary_large_image\" \/>\n<meta name=\"twitter:label1\" content=\"Tiempo de lectura\" \/>\n\t<meta name=\"twitter:data1\" content=\"1 minuto\" \/>\n<script type=\"application\/ld+json\" class=\"yoast-schema-graph\">{\"@context\":\"https:\/\/schema.org\",\"@graph\":[{\"@type\":\"WebPage\",\"@id\":\"https:\/\/turismehortadesantjoan.cat\/es\/fira-dolca-tardor\",\"url\":\"https:\/\/turismehortadesantjoan.cat\/es\/fira-dolca-tardor\",\"name\":\"Fira Dol\u00e7a Tardor - Turisme Horta de Sant Joan\",\"isPartOf\":{\"@id\":\"http:\/\/turismehortadesantjoan.cat\/es#website\"},\"primaryImageOfPage\":{\"@id\":\"https:\/\/turismehortadesantjoan.cat\/es\/fira-dolca-tardor#primaryimage\"},\"image\":{\"@id\":\"https:\/\/turismehortadesantjoan.cat\/es\/fira-dolca-tardor#primaryimage\"},\"thumbnailUrl\":\"https:\/\/turismehortadesantjoan.cat\/wp-content\/uploads\/2021\/03\/festa-mostillo-2.jpg\",\"datePublished\":\"2021-03-01T20:13:36+00:00\",\"breadcrumb\":{\"@id\":\"https:\/\/turismehortadesantjoan.cat\/es\/fira-dolca-tardor#breadcrumb\"},\"inLanguage\":\"es\",\"potentialAction\":[{\"@type\":\"ReadAction\",\"target\":[\"https:\/\/turismehortadesantjoan.cat\/es\/fira-dolca-tardor\"]}]},{\"@type\":\"ImageObject\",\"inLanguage\":\"es\",\"@id\":\"https:\/\/turismehortadesantjoan.cat\/es\/fira-dolca-tardor#primaryimage\",\"url\":\"https:\/\/turismehortadesantjoan.cat\/wp-content\/uploads\/2021\/03\/festa-mostillo-2.jpg\",\"contentUrl\":\"https:\/\/turismehortadesantjoan.cat\/wp-content\/uploads\/2021\/03\/festa-mostillo-2.jpg\"},{\"@type\":\"BreadcrumbList\",\"@id\":\"https:\/\/turismehortadesantjoan.cat\/es\/fira-dolca-tardor#breadcrumb\",\"itemListElement\":[{\"@type\":\"ListItem\",\"position\":1,\"name\":\"Inici\",\"item\":\"http:\/\/turismehortadesantjoan.cat\/es\"},{\"@type\":\"ListItem\",\"position\":2,\"name\":\"Fira Dol\u00e7a Tardor\"}]},{\"@type\":\"WebSite\",\"@id\":\"http:\/\/turismehortadesantjoan.cat\/es#website\",\"url\":\"http:\/\/turismehortadesantjoan.cat\/es\",\"name\":\"Turisme Horta de Sant Joan\",\"description\":\"\",\"publisher\":{\"@id\":\"http:\/\/turismehortadesantjoan.cat\/es#organization\"},\"potentialAction\":[{\"@type\":\"SearchAction\",\"target\":{\"@type\":\"EntryPoint\",\"urlTemplate\":\"http:\/\/turismehortadesantjoan.cat\/es?s={search_term_string}\"},\"query-input\":{\"@type\":\"PropertyValueSpecification\",\"valueRequired\":true,\"valueName\":\"search_term_string\"}}],\"inLanguage\":\"es\"},{\"@type\":\"Organization\",\"@id\":\"http:\/\/turismehortadesantjoan.cat\/es#organization\",\"name\":\"Turisme Horta de Sant Joan\",\"url\":\"http:\/\/turismehortadesantjoan.cat\/es\",\"logo\":{\"@type\":\"ImageObject\",\"inLanguage\":\"es\",\"@id\":\"http:\/\/turismehortadesantjoan.cat\/es#\/schema\/logo\/image\/\",\"url\":\"https:\/\/turismehortadesantjoan.cat\/wp-content\/uploads\/2017\/10\/cropped-Sin-ti\u0301tulo-2.png\",\"contentUrl\":\"https:\/\/turismehortadesantjoan.cat\/wp-content\/uploads\/2017\/10\/cropped-Sin-ti\u0301tulo-2.png\",\"width\":169,\"height\":40,\"caption\":\"Turisme Horta de Sant Joan\"},\"image\":{\"@id\":\"http:\/\/turismehortadesantjoan.cat\/es#\/schema\/logo\/image\/\"}}]}<\/script>\n<!-- \/ Yoast SEO plugin. -->","yoast_head_json":{"title":"Fira Dol\u00e7a Tardor - Turisme Horta de Sant Joan","robots":{"index":"index","follow":"follow","max-snippet":"max-snippet:-1","max-image-preview":"max-image-preview:large","max-video-preview":"max-video-preview:-1"},"canonical":"https:\/\/turismehortadesantjoan.cat\/es\/fira-dolca-tardor","og_locale":"es_ES","og_type":"article","og_title":"Fira Dol\u00e7a Tardor - Turisme Horta de Sant Joan","og_description":"\u00abDulce Oto\u00f1o\u00bb &#8211; Fiesta del Mostillo y productos de artesan\u00eda Fiesta que se celebra el primer domingo del mes de octubre y tiene lugar en el n\u00facleo antiguo de la &hellip; Continue reading Fira Dol\u00e7a Tardor &rarr;","og_url":"https:\/\/turismehortadesantjoan.cat\/es\/fira-dolca-tardor","og_site_name":"Turisme Horta de Sant Joan","og_image":[{"url":"https:\/\/turismehortadesantjoan.cat\/wp-content\/uploads\/2021\/03\/festa-mostillo-2.jpg","type":"","width":"","height":""}],"twitter_card":"summary_large_image","twitter_misc":{"Tiempo de lectura":"1 minuto"},"schema":{"@context":"https:\/\/schema.org","@graph":[{"@type":"WebPage","@id":"https:\/\/turismehortadesantjoan.cat\/es\/fira-dolca-tardor","url":"https:\/\/turismehortadesantjoan.cat\/es\/fira-dolca-tardor","name":"Fira Dol\u00e7a Tardor - Turisme Horta de Sant Joan","isPartOf":{"@id":"http:\/\/turismehortadesantjoan.cat\/es#website"},"primaryImageOfPage":{"@id":"https:\/\/turismehortadesantjoan.cat\/es\/fira-dolca-tardor#primaryimage"},"image":{"@id":"https:\/\/turismehortadesantjoan.cat\/es\/fira-dolca-tardor#primaryimage"},"thumbnailUrl":"https:\/\/turismehortadesantjoan.cat\/wp-content\/uploads\/2021\/03\/festa-mostillo-2.jpg","datePublished":"2021-03-01T20:13:36+00:00","breadcrumb":{"@id":"https:\/\/turismehortadesantjoan.cat\/es\/fira-dolca-tardor#breadcrumb"},"inLanguage":"es","potentialAction":[{"@type":"ReadAction","target":["https:\/\/turismehortadesantjoan.cat\/es\/fira-dolca-tardor"]}]},{"@type":"ImageObject","inLanguage":"es","@id":"https:\/\/turismehortadesantjoan.cat\/es\/fira-dolca-tardor#primaryimage","url":"https:\/\/turismehortadesantjoan.cat\/wp-content\/uploads\/2021\/03\/festa-mostillo-2.jpg","contentUrl":"https:\/\/turismehortadesantjoan.cat\/wp-content\/uploads\/2021\/03\/festa-mostillo-2.jpg"},{"@type":"BreadcrumbList","@id":"https:\/\/turismehortadesantjoan.cat\/es\/fira-dolca-tardor#breadcrumb","itemListElement":[{"@type":"ListItem","position":1,"name":"Inici","item":"http:\/\/turismehortadesantjoan.cat\/es"},{"@type":"ListItem","position":2,"name":"Fira Dol\u00e7a Tardor"}]},{"@type":"WebSite","@id":"http:\/\/turismehortadesantjoan.cat\/es#website","url":"http:\/\/turismehortadesantjoan.cat\/es","name":"Turisme Horta de Sant Joan","description":"","publisher":{"@id":"http:\/\/turismehortadesantjoan.cat\/es#organization"},"potentialAction":[{"@type":"SearchAction","target":{"@type":"EntryPoint","urlTemplate":"http:\/\/turismehortadesantjoan.cat\/es?s={search_term_string}"},"query-input":{"@type":"PropertyValueSpecification","valueRequired":true,"valueName":"search_term_string"}}],"inLanguage":"es"},{"@type":"Organization","@id":"http:\/\/turismehortadesantjoan.cat\/es#organization","name":"Turisme Horta de Sant Joan","url":"http:\/\/turismehortadesantjoan.cat\/es","logo":{"@type":"ImageObject","inLanguage":"es","@id":"http:\/\/turismehortadesantjoan.cat\/es#\/schema\/logo\/image\/","url":"https:\/\/turismehortadesantjoan.cat\/wp-content\/uploads\/2017\/10\/cropped-Sin-ti\u0301tulo-2.png","contentUrl":"https:\/\/turismehortadesantjoan.cat\/wp-content\/uploads\/2017\/10\/cropped-Sin-ti\u0301tulo-2.png","width":169,"height":40,"caption":"Turisme Horta de Sant Joan"},"image":{"@id":"http:\/\/turismehortadesantjoan.cat\/es#\/schema\/logo\/image\/"}}]}},"_links":{"self":[{"href":"https:\/\/turismehortadesantjoan.cat\/es\/wp-json\/wp\/v2\/pages\/14872"}],"collection":[{"href":"https:\/\/turismehortadesantjoan.cat\/es\/wp-json\/wp\/v2\/pages"}],"about":[{"href":"https:\/\/turismehortadesantjoan.cat\/es\/wp-json\/wp\/v2\/types\/page"}],"author":[{"embeddable":true,"href":"https:\/\/turismehortadesantjoan.cat\/es\/wp-json\/wp\/v2\/users\/1"}],"replies":[{"embeddable":true,"href":"https:\/\/turismehortadesantjoan.cat\/es\/wp-json\/wp\/v2\/comments?post=14872"}],"version-history":[{"count":1,"href":"https:\/\/turismehortadesantjoan.cat\/es\/wp-json\/wp\/v2\/pages\/14872\/revisions"}],"predecessor-version":[{"id":14873,"href":"https:\/\/turismehortadesantjoan.cat\/es\/wp-json\/wp\/v2\/pages\/14872\/revisions\/14873"}],"wp:attachment":[{"href":"https:\/\/turismehortadesantjoan.cat\/es\/wp-json\/wp\/v2\/media?parent=14872"}],"curies":[{"name":"wp","href":"https:\/\/api.w.org\/{rel}","templated":true}]}}