{"id":14711,"date":"2021-01-26T17:38:41","date_gmt":"2021-01-26T17:38:41","guid":{"rendered":"http:\/\/turismehortadesantjoan.cat\/arbres-monumentals"},"modified":"2021-01-26T17:55:37","modified_gmt":"2021-01-26T17:55:37","slug":"arboles-monumentales","status":"publish","type":"page","link":"https:\/\/turismehortadesantjoan.cat\/es\/arboles-monumentales","title":{"rendered":"\u00c1rboles monumentales"},"content":{"rendered":"<p><section class=\"kc-elm kc-css-351781 kc_row\"><div class=\"kc-row-container  kc-container\"><div class=\"kc-wrap-columns\"><div class=\"kc-elm kc-css-247953 kc_col-sm-6 kc_column kc_col-sm-6\"><div class=\"kc-col-container\">\n<div class=\"kc-elm kc-css-296861 kc-title-wrap \">\n\n\t<h4 class=\"kc_title\">Los tesoros de Horta de Sant Joan<\/h4>\n<\/div>\n<div class=\"kc-elm kc-css-843132 kc_text_block\"><\/p>\n<p>Horta de Sant Joan debe de ser la poblaci\u00f3n con m\u00e1s \u00c1rboles Monumentales de Catalu\u00f1a (exceptuando el jard\u00edn bot\u00e1nico de\u00a0Masjoan, en Espinelves): seis dentro de su t\u00e9rmino municipal. Si sumamos los tres \u00e1rboles monumentales de la poblaci\u00f3n vecina de Arnes, podemos llegar a la conclusi\u00f3n que la comarca de la Terra Alta es muy prol\u00edfica en cuanto a la aparici\u00f3n de \u00e1rboles excepcionales. Empezamos por dos de sus monumentales pinos y quiz\u00e1s su \u00e1rbol m\u00e1s conocido,\u00a0Lo\u00a0Parot.<\/p>\n<p>\n<\/div><\/div><\/div><div class=\"kc-elm kc-css-615667 kc_col-sm-6 kc_column kc_col-sm-6\"><div class=\"kc-col-container\"><div class=\"kc_shortcode kc_single_image effect-default\"><img decoding=\"async\" data-src=\"https:\/\/turismehortadesantjoan.cat\/wp-content\/uploads\/2021\/01\/Horta2.jpg\" alt=\"\" src=\"data:image\/svg+xml;base64,PHN2ZyB3aWR0aD0iMSIgaGVpZ2h0PSIxIiB4bWxucz0iaHR0cDovL3d3dy53My5vcmcvMjAwMC9zdmciPjwvc3ZnPg==\" class=\"lazyload\" style=\"--smush-placeholder-width: 640px; --smush-placeholder-aspect-ratio: 640\/393;\" \/><\/div><\/div><\/div><\/div><\/div><\/section><section class=\"kc-elm kc-css-120348 kc_row\"><div class=\"kc-row-container  kc-container\"><div class=\"kc-wrap-columns\"><div class=\"kc-elm kc-css-162672 kc_col-sm-12 kc_column kc_col-sm-12\"><div class=\"kc-col-container\"><div class=\"kc-elm kc-css-367597\" style=\"height: 20px; clear: both; width:100%;\"><\/div><\/div><\/div><\/div><\/div><\/section><section class=\"kc-elm kc-css-817348 kc_row\"><div class=\"kc-row-container  kc-container\"><div class=\"kc-wrap-columns\"><div class=\"kc-elm kc-css-581646 kc_col-sm-6 kc_column kc_col-sm-6\"><div class=\"kc-col-container\">\n<div class=\"kc-elm kc-css-11523 kc-title-wrap \">\n\n\t<h4 class=\"kc_title\">LO PAROT<\/h4>\n<\/div>\n<div class=\"kc-elm kc-css-965647 kc_text_block\"><\/p>\n<p>Es un \u00e1rbol gigante situado a unos *500m de la salida de Huerta en direcci\u00f3n a Bot, se accede por un camino que arranca a mano derecha a pie de carretera, en el punto kilom\u00e9trico 3. Tenemos que seguir 50 metros hasta las<br \/>edificaciones, de donde sale un senderito que nos lleva hacia el bancal inferior a la derecha, donde se encuentra el \u00e1rbol.<br \/>Lo Parot fue declarado \u00e1rbol monumental en 1990. Est\u00e1 situado a una altitud de 480 m, tiene un voltio de ca\u00f1\u00f3n a 1,30 m del suelo de 7,45 m y un voltio de tronco de 15 m. El di\u00e1metro de la copa actual es de 9 m, a pesar de que antes de la Guerra Civil ocupaba todo el ancho del bancal donde est\u00e1 situado, sobrepas\u00e1ndolo.<br \/>Se trata de un olivo (Olea europea) de una variedad desconocida hoy en d\u00eda, que se caracteriza para tener<br \/>las hojas y el fruto algo m\u00e1s alargados que la variedad llamada Empeltre, cultivada tradicionalmente en toda la comarca y al Bajo Arag\u00f3n. Respecto a su edad, se cree que se trata de un \u00e1rbol con m\u00e1s de dos mil a\u00f1os de antig\u00fcedad, que nos llevar\u00eda en el tiempo hasta la \u00e9poca de los \u00edberos y romanos.<br \/>Es de agradecer a su propietario actual y a los campesinos que lo han mimado a lo largo del tiempo, su esfuerzo para<br \/>mantenerlo y cultivarlo hasta el nuestros d\u00edas.<\/p>\n<p>\n<\/div><div class=\"kc_shortcode kc_single_image effect-default\"><img decoding=\"async\" data-src=\"https:\/\/turismehortadesantjoan.cat\/wp-content\/uploads\/2021\/01\/MasDelSerranet_slider-gallery8.jpg\" alt=\"\" src=\"data:image\/svg+xml;base64,PHN2ZyB3aWR0aD0iMSIgaGVpZ2h0PSIxIiB4bWxucz0iaHR0cDovL3d3dy53My5vcmcvMjAwMC9zdmciPjwvc3ZnPg==\" class=\"lazyload\" style=\"--smush-placeholder-width: 970px; --smush-placeholder-aspect-ratio: 970\/540;\" \/><\/div><div class=\"kc-elm kc-css-401549\" style=\"height: 20px; clear: both; width:100%;\"><\/div><div class=\"kc-elm kc-css-966123 kc_text_block\"><\/p>\n<ul>\n<li>Declarado \u00c1rbol Monumental: en 1990<\/li>\n<li>Propietario: J. Badia Alcoverro<\/li>\n<li>T\u00e9rmino municipal: Horta de Sant Joan<\/li>\n<li>Coordenadas UTM ED50 (m): X 275022\u00a0\u00a0Y 4542480<\/li>\n<li>Levantar\u00eda total: 8 m<\/li>\n<li>Voltio de ca\u00f1\u00f3n: 7,45 m<\/li>\n<li>Copa mediana: 8,5 m<\/li>\n<li>Edad estimada: 2000 a\u00f1os<\/li>\n<\/ul>\n<p>\n<\/div><\/div><\/div><div class=\"kc-elm kc-css-390282 kc_col-sm-6 kc_column kc_col-sm-6\"><div class=\"kc-col-container\">\n<div class=\"kc-elm kc-css-535809 kc-title-wrap \">\n\n\t<h4 class=\"kc_title\">PINO DE BALIJA<\/h4>\n<\/div>\n<div class=\"kc-elm kc-css-241522 kc_text_block\"><\/p>\n<p>Es un gran pino carrasco tambi\u00e9n declarado \u00e1rbol monumental, situado a la partida de los\u00a0Pesells\u00a0cerca del camino principal y a 4 kil\u00f3metros del cuello de en Sabat\u00e9. Tiene 19 m de altura y 4,40 m de voltio de ca\u00f1\u00f3n, que corresponde a un di\u00e1metro de 1,37 m y 5,60 m de voltio de tronco. Son de resaltar las gruesas ramas, entre 10 y 12 m, que bajan y se apoyan en tierra, t\u00edpico de este tipo de \u00e1rboles viejos que no han crecido aislados. El peso del propio ramaje, agraviado por las escarchadas, nieves y vientos le dan un aspecto fantasmag\u00f3rico.<\/p>\n<p>\n<\/div><div class=\"kc_shortcode kc_single_image effect-default\"><img decoding=\"async\" data-src=\"https:\/\/turismehortadesantjoan.cat\/wp-content\/uploads\/2021\/01\/Horta4.jpg\" alt=\"\" src=\"data:image\/svg+xml;base64,PHN2ZyB3aWR0aD0iMSIgaGVpZ2h0PSIxIiB4bWxucz0iaHR0cDovL3d3dy53My5vcmcvMjAwMC9zdmciPjwvc3ZnPg==\" class=\"lazyload\" style=\"--smush-placeholder-width: 640px; --smush-placeholder-aspect-ratio: 640\/399;\" \/><\/div><div class=\"kc-elm kc-css-915856\" style=\"height: 20px; clear: both; width:100%;\"><\/div><div class=\"kc-elm kc-css-196172 kc_text_block\"><\/p>\n<ul>\n<li>Declarado \u00c1rbol Monumental: en 1992<\/li>\n<li>T\u00e9rmino municipal: Horta de Sant Joan (los *Pessells)<\/li>\n<li>Coordenadas *UTM ED50 (m): X 275022\u00a0 *Y 4542480<\/li>\n<li>Levantar\u00eda total: 19 m<\/li>\n<li>Voltio de ca\u00f1\u00f3n: 4,3 m<\/li>\n<li>Copa mediana: 21,5 m<\/li>\n<\/ul>\n<p>\n<\/div><\/div><\/div><\/div><\/div><\/section><\/p>\n","protected":false},"excerpt":{"rendered":"","protected":false},"author":1,"featured_media":0,"parent":0,"menu_order":0,"comment_status":"closed","ping_status":"closed","template":"","meta":{"footnotes":""},"yoast_head":"<!-- This site is optimized with the Yoast SEO plugin v24.5 - https:\/\/yoast.com\/wordpress\/plugins\/seo\/ -->\n<title>\u00c1rboles monumentales - Turisme Horta de Sant Joan<\/title>\n<meta name=\"robots\" content=\"index, follow, max-snippet:-1, max-image-preview:large, max-video-preview:-1\" \/>\n<link rel=\"canonical\" href=\"https:\/\/turismehortadesantjoan.cat\/es\/arboles-monumentales\" \/>\n<meta property=\"og:locale\" content=\"es_ES\" \/>\n<meta property=\"og:type\" content=\"article\" \/>\n<meta property=\"og:title\" content=\"\u00c1rboles monumentales - Turisme Horta de Sant Joan\" \/>\n<meta property=\"og:description\" content=\"Los tesoros de Horta de Sant Joan Horta de Sant Joan debe de ser la poblaci\u00f3n con m\u00e1s \u00c1rboles Monumentales de Catalu\u00f1a (exceptuando el jard\u00edn bot\u00e1nico de\u00a0Masjoan, en Espinelves): seis &hellip; Continue reading \u00c1rboles monumentales &rarr;\" \/>\n<meta property=\"og:url\" content=\"https:\/\/turismehortadesantjoan.cat\/es\/arboles-monumentales\" \/>\n<meta property=\"og:site_name\" content=\"Turisme Horta de Sant Joan\" \/>\n<meta property=\"article:modified_time\" content=\"2021-01-26T17:55:37+00:00\" \/>\n<meta property=\"og:image\" content=\"https:\/\/turismehortadesantjoan.cat\/wp-content\/uploads\/2021\/01\/Horta2.jpg\" \/>\n<meta name=\"twitter:card\" content=\"summary_large_image\" \/>\n<meta name=\"twitter:label1\" content=\"Tiempo de lectura\" \/>\n\t<meta name=\"twitter:data1\" content=\"3 minutos\" \/>\n<script type=\"application\/ld+json\" class=\"yoast-schema-graph\">{\"@context\":\"https:\/\/schema.org\",\"@graph\":[{\"@type\":\"WebPage\",\"@id\":\"https:\/\/turismehortadesantjoan.cat\/es\/arboles-monumentales\",\"url\":\"https:\/\/turismehortadesantjoan.cat\/es\/arboles-monumentales\",\"name\":\"\u00c1rboles monumentales - Turisme Horta de Sant Joan\",\"isPartOf\":{\"@id\":\"http:\/\/turismehortadesantjoan.cat\/es#website\"},\"primaryImageOfPage\":{\"@id\":\"https:\/\/turismehortadesantjoan.cat\/es\/arboles-monumentales#primaryimage\"},\"image\":{\"@id\":\"https:\/\/turismehortadesantjoan.cat\/es\/arboles-monumentales#primaryimage\"},\"thumbnailUrl\":\"https:\/\/turismehortadesantjoan.cat\/wp-content\/uploads\/2021\/01\/Horta2.jpg\",\"datePublished\":\"2021-01-26T17:38:41+00:00\",\"dateModified\":\"2021-01-26T17:55:37+00:00\",\"breadcrumb\":{\"@id\":\"https:\/\/turismehortadesantjoan.cat\/es\/arboles-monumentales#breadcrumb\"},\"inLanguage\":\"es\",\"potentialAction\":[{\"@type\":\"ReadAction\",\"target\":[\"https:\/\/turismehortadesantjoan.cat\/es\/arboles-monumentales\"]}]},{\"@type\":\"ImageObject\",\"inLanguage\":\"es\",\"@id\":\"https:\/\/turismehortadesantjoan.cat\/es\/arboles-monumentales#primaryimage\",\"url\":\"https:\/\/turismehortadesantjoan.cat\/wp-content\/uploads\/2021\/01\/Horta2.jpg\",\"contentUrl\":\"https:\/\/turismehortadesantjoan.cat\/wp-content\/uploads\/2021\/01\/Horta2.jpg\"},{\"@type\":\"BreadcrumbList\",\"@id\":\"https:\/\/turismehortadesantjoan.cat\/es\/arboles-monumentales#breadcrumb\",\"itemListElement\":[{\"@type\":\"ListItem\",\"position\":1,\"name\":\"Inici\",\"item\":\"http:\/\/turismehortadesantjoan.cat\/es\"},{\"@type\":\"ListItem\",\"position\":2,\"name\":\"\u00c1rboles monumentales\"}]},{\"@type\":\"WebSite\",\"@id\":\"http:\/\/turismehortadesantjoan.cat\/es#website\",\"url\":\"http:\/\/turismehortadesantjoan.cat\/es\",\"name\":\"Turisme Horta de Sant Joan\",\"description\":\"\",\"publisher\":{\"@id\":\"http:\/\/turismehortadesantjoan.cat\/es#organization\"},\"potentialAction\":[{\"@type\":\"SearchAction\",\"target\":{\"@type\":\"EntryPoint\",\"urlTemplate\":\"http:\/\/turismehortadesantjoan.cat\/es?s={search_term_string}\"},\"query-input\":{\"@type\":\"PropertyValueSpecification\",\"valueRequired\":true,\"valueName\":\"search_term_string\"}}],\"inLanguage\":\"es\"},{\"@type\":\"Organization\",\"@id\":\"http:\/\/turismehortadesantjoan.cat\/es#organization\",\"name\":\"Turisme Horta de Sant Joan\",\"url\":\"http:\/\/turismehortadesantjoan.cat\/es\",\"logo\":{\"@type\":\"ImageObject\",\"inLanguage\":\"es\",\"@id\":\"http:\/\/turismehortadesantjoan.cat\/es#\/schema\/logo\/image\/\",\"url\":\"https:\/\/turismehortadesantjoan.cat\/wp-content\/uploads\/2017\/10\/cropped-Sin-ti\u0301tulo-2.png\",\"contentUrl\":\"https:\/\/turismehortadesantjoan.cat\/wp-content\/uploads\/2017\/10\/cropped-Sin-ti\u0301tulo-2.png\",\"width\":169,\"height\":40,\"caption\":\"Turisme Horta de Sant Joan\"},\"image\":{\"@id\":\"http:\/\/turismehortadesantjoan.cat\/es#\/schema\/logo\/image\/\"}}]}<\/script>\n<!-- \/ Yoast SEO plugin. -->","yoast_head_json":{"title":"\u00c1rboles monumentales - Turisme Horta de Sant Joan","robots":{"index":"index","follow":"follow","max-snippet":"max-snippet:-1","max-image-preview":"max-image-preview:large","max-video-preview":"max-video-preview:-1"},"canonical":"https:\/\/turismehortadesantjoan.cat\/es\/arboles-monumentales","og_locale":"es_ES","og_type":"article","og_title":"\u00c1rboles monumentales - Turisme Horta de Sant Joan","og_description":"Los tesoros de Horta de Sant Joan Horta de Sant Joan debe de ser la poblaci\u00f3n con m\u00e1s \u00c1rboles Monumentales de Catalu\u00f1a (exceptuando el jard\u00edn bot\u00e1nico de\u00a0Masjoan, en Espinelves): seis &hellip; Continue reading \u00c1rboles monumentales &rarr;","og_url":"https:\/\/turismehortadesantjoan.cat\/es\/arboles-monumentales","og_site_name":"Turisme Horta de Sant Joan","article_modified_time":"2021-01-26T17:55:37+00:00","og_image":[{"url":"https:\/\/turismehortadesantjoan.cat\/wp-content\/uploads\/2021\/01\/Horta2.jpg","type":"","width":"","height":""}],"twitter_card":"summary_large_image","twitter_misc":{"Tiempo de lectura":"3 minutos"},"schema":{"@context":"https:\/\/schema.org","@graph":[{"@type":"WebPage","@id":"https:\/\/turismehortadesantjoan.cat\/es\/arboles-monumentales","url":"https:\/\/turismehortadesantjoan.cat\/es\/arboles-monumentales","name":"\u00c1rboles monumentales - Turisme Horta de Sant Joan","isPartOf":{"@id":"http:\/\/turismehortadesantjoan.cat\/es#website"},"primaryImageOfPage":{"@id":"https:\/\/turismehortadesantjoan.cat\/es\/arboles-monumentales#primaryimage"},"image":{"@id":"https:\/\/turismehortadesantjoan.cat\/es\/arboles-monumentales#primaryimage"},"thumbnailUrl":"https:\/\/turismehortadesantjoan.cat\/wp-content\/uploads\/2021\/01\/Horta2.jpg","datePublished":"2021-01-26T17:38:41+00:00","dateModified":"2021-01-26T17:55:37+00:00","breadcrumb":{"@id":"https:\/\/turismehortadesantjoan.cat\/es\/arboles-monumentales#breadcrumb"},"inLanguage":"es","potentialAction":[{"@type":"ReadAction","target":["https:\/\/turismehortadesantjoan.cat\/es\/arboles-monumentales"]}]},{"@type":"ImageObject","inLanguage":"es","@id":"https:\/\/turismehortadesantjoan.cat\/es\/arboles-monumentales#primaryimage","url":"https:\/\/turismehortadesantjoan.cat\/wp-content\/uploads\/2021\/01\/Horta2.jpg","contentUrl":"https:\/\/turismehortadesantjoan.cat\/wp-content\/uploads\/2021\/01\/Horta2.jpg"},{"@type":"BreadcrumbList","@id":"https:\/\/turismehortadesantjoan.cat\/es\/arboles-monumentales#breadcrumb","itemListElement":[{"@type":"ListItem","position":1,"name":"Inici","item":"http:\/\/turismehortadesantjoan.cat\/es"},{"@type":"ListItem","position":2,"name":"\u00c1rboles monumentales"}]},{"@type":"WebSite","@id":"http:\/\/turismehortadesantjoan.cat\/es#website","url":"http:\/\/turismehortadesantjoan.cat\/es","name":"Turisme Horta de Sant Joan","description":"","publisher":{"@id":"http:\/\/turismehortadesantjoan.cat\/es#organization"},"potentialAction":[{"@type":"SearchAction","target":{"@type":"EntryPoint","urlTemplate":"http:\/\/turismehortadesantjoan.cat\/es?s={search_term_string}"},"query-input":{"@type":"PropertyValueSpecification","valueRequired":true,"valueName":"search_term_string"}}],"inLanguage":"es"},{"@type":"Organization","@id":"http:\/\/turismehortadesantjoan.cat\/es#organization","name":"Turisme Horta de Sant Joan","url":"http:\/\/turismehortadesantjoan.cat\/es","logo":{"@type":"ImageObject","inLanguage":"es","@id":"http:\/\/turismehortadesantjoan.cat\/es#\/schema\/logo\/image\/","url":"https:\/\/turismehortadesantjoan.cat\/wp-content\/uploads\/2017\/10\/cropped-Sin-ti\u0301tulo-2.png","contentUrl":"https:\/\/turismehortadesantjoan.cat\/wp-content\/uploads\/2017\/10\/cropped-Sin-ti\u0301tulo-2.png","width":169,"height":40,"caption":"Turisme Horta de Sant Joan"},"image":{"@id":"http:\/\/turismehortadesantjoan.cat\/es#\/schema\/logo\/image\/"}}]}},"_links":{"self":[{"href":"https:\/\/turismehortadesantjoan.cat\/es\/wp-json\/wp\/v2\/pages\/14711"}],"collection":[{"href":"https:\/\/turismehortadesantjoan.cat\/es\/wp-json\/wp\/v2\/pages"}],"about":[{"href":"https:\/\/turismehortadesantjoan.cat\/es\/wp-json\/wp\/v2\/types\/page"}],"author":[{"embeddable":true,"href":"https:\/\/turismehortadesantjoan.cat\/es\/wp-json\/wp\/v2\/users\/1"}],"replies":[{"embeddable":true,"href":"https:\/\/turismehortadesantjoan.cat\/es\/wp-json\/wp\/v2\/comments?post=14711"}],"version-history":[{"count":2,"href":"https:\/\/turismehortadesantjoan.cat\/es\/wp-json\/wp\/v2\/pages\/14711\/revisions"}],"predecessor-version":[{"id":14713,"href":"https:\/\/turismehortadesantjoan.cat\/es\/wp-json\/wp\/v2\/pages\/14711\/revisions\/14713"}],"wp:attachment":[{"href":"https:\/\/turismehortadesantjoan.cat\/es\/wp-json\/wp\/v2\/media?parent=14711"}],"curies":[{"name":"wp","href":"https:\/\/api.w.org\/{rel}","templated":true}]}}