{"id":13836,"date":"2016-09-23T04:24:43","date_gmt":"2016-09-23T04:24:43","guid":{"rendered":"http:\/\/turismehortadesantjoan.cat\/contact-us"},"modified":"2021-01-26T15:58:48","modified_gmt":"2021-01-26T15:58:48","slug":"contact-us","status":"publish","type":"page","link":"https:\/\/turismehortadesantjoan.cat\/es\/contact-us","title":{"rendered":"Contacto"},"content":{"rendered":"<p><section class=\"kc-elm kc-css-797342 kc_row\"><div class=\"kc-row-container  kc-container\"><div class=\"kc-wrap-columns\"><div class=\"kc-elm kc-css-797303 kc_col-sm-12 kc_column kc_col-sm-12\"><div class=\"kc-col-container\"><div class=\"kc-elm kc-css-467276\" style=\"height: 190px; clear: both; width:100%;\"><\/div><\/div><\/div><\/div><\/div><\/section><section class=\"kc-elm kc-css-628017 kc_row\"><div class=\"kc-row-container  kc-container\"><div class=\"kc-wrap-columns\"><div class=\"kc-elm kc-css-115172 kc_col-sm-12 kc_column kc_col-sm-12\"><div class=\"kc-col-container\"><\/div><\/div><\/div><\/div><\/section><section class=\"kc-elm kc-css-750454 kc_row\"><div class=\"kc-row-container  kc-container\"><div class=\"kc-wrap-columns\"><div class=\"kc-elm kc-css-337107 kc_col-sm-12 kc_column kc_col-sm-12\"><div class=\"kc-col-container\"><div class=\"kc-elm kc-css-971309 kc_row kc_row_inner\"><div class=\"kc-elm kc-css-755314 kc_col-sm-3 kc_column_inner kc_col-sm-3\"><div class=\"kc_wrapper kc-col-inner-container\"><div class=\"kc-elm kc-css-413296 kc-icon-wrapper\">\n\t\t<i class=\"sl-direction\"><\/i>\n\t<\/div>\n\n<div class=\"kc-elm kc-css-530268 kc-title-wrap \">\n\n\t<h4 class=\"kc_title\">Direcci\u00f3n<\/h4>\n<\/div>\n<div class=\"kc-elm kc-css-938917 kc_text_block\"><\/p>\n<div class=\"field field-name-field-tel-fon field-type-text field-label-hidden\">\n<div class=\"field-items\">\n<div class=\"field-item even\">C\/ pintor Pablo Ruiz Picasso,18<\/div>\n<\/div>\n<\/div>\n<div class=\"field field-name-field-web field-type-link-field field-label-hidden\">\n<div class=\"field-items\">\n<div class=\"field-item even\">Horta de Sant Joan<\/div>\n<\/div>\n<\/div>\n<p>\n<\/div><\/div><\/div><div class=\"kc-elm kc-css-799829 kc_col-sm-3 kc_column_inner kc_col-sm-3\"><div class=\"kc_wrapper kc-col-inner-container\"><div class=\"kc-elm kc-css-14883 kc-icon-wrapper\">\n\t\t<i class=\"fa-phone\"><\/i>\n\t<\/div>\n\n<div class=\"kc-elm kc-css-861134 kc-title-wrap \">\n\n\t<h4 class=\"kc_title\">Tel\u00e9fono<\/h4>\n<\/div>\n<div class=\"kc-elm kc-css-592426 kc_text_block\"><\/p>\n<div>\n<div>\n<div>977 43 50 43<\/div>\n<div><\/div>\n<div>977 43 50 05<\/div>\n<\/div>\n<\/div>\n<div class=\"field field-name-field-adreca field-type-text field-label-hidden\">\n<div class=\"field-items\"><\/div>\n<\/div>\n<div class=\"field field-name-field-web field-type-link-field field-label-hidden\">\n<div class=\"field-items\">\n<div class=\"field-item even\"><\/div>\n<\/div>\n<\/div>\n<p>\n<\/div><\/div><\/div><div class=\"kc-elm kc-css-441931 kc_col-sm-3 kc_column_inner kc_col-sm-3\"><div class=\"kc_wrapper kc-col-inner-container\"><div class=\"kc-elm kc-css-559148 kc-icon-wrapper\">\n\t\t<i class=\"sl-note\"><\/i>\n\t<\/div>\n\n<div class=\"kc-elm kc-css-115522 kc-title-wrap \">\n\n\t<h4 class=\"kc_title\">Email<\/h4>\n<\/div>\n<div class=\"kc-elm kc-css-208355 kc_text_block\"><\/p>\n<div class=\"field field-name-field-tel-fon field-type-text field-label-hidden\">\n<div class=\"field-item even\">aj.horta@altanet.org<\/div>\n<\/div>\n<div class=\"field field-name-field-web field-type-link-field field-label-hidden\">\n<div class=\"field-items\">\n<div class=\"field-item even\"><a href=\"http:\/\/www.hortadesantjoan.cat\">www.hortadesantjoan.cat<\/a><\/div>\n<\/div>\n<\/div>\n<p>\n<\/div><div class=\"kc-elm kc-css-677152\" style=\"height: 10px; clear: both; width:100%;\"><\/div>\n<div class=\"kc-elm kc-css-680215\">\n\t<a class=\"\" href=\"https:\/\/www.facebook.com\/turismehorta\/?hc_ref=ARSz27y5BRERunZwM6dp1fB69Dli9APCGLWY-gKMg-fR_rsulLQywbQP-sTH4YogHrI&amp;fref=nf&amp;__tn__=kC-R\" target=\"_self\" title=\"\" onclick=\"\">\n\t\t<i class=\"fab-facebook\"><\/i> S\u00edguenos!\t<\/a>\n<\/div>\n<\/div><\/div><div class=\"kc-elm kc-css-958694 kc_col-sm-3 kc_column_inner kc_col-sm-3\"><div class=\"kc_wrapper kc-col-inner-container\"><div class=\"kc-elm kc-css-429723 kc-icon-wrapper\">\n\t\t<i class=\"sl-people\"><\/i>\n\t<\/div>\n\n<div class=\"kc-elm kc-css-375402 kc-title-wrap \">\n\n\t<h4 class=\"kc_title\">Horario<\/h4>\n<\/div>\n<div class=\"kc-elm kc-css-447010 kc_text_block\"><\/p>\n<ul>\n<li>Viernes de 16.00 a 19.00h<\/li>\n<li>S\u00e1bado de 10 a 13.30h y de 16.00 a 19.00h<\/li>\n<li>Domingo de 10 a 13.30h<\/li>\n<\/ul>\n<p>\n<\/div><\/div><\/div><\/div><div class=\"kc-elm kc-css-698797 kc_row kc_row_inner\"><div class=\"kc-elm kc-css-215724 kc_col-sm-12 kc_column_inner kc_col-sm-12\"><div class=\"kc_wrapper kc-col-inner-container\"><\/div><\/div><\/div><\/div><\/div><\/div><\/div><\/section><section class=\"kc-elm kc-css-964033 kc_row\"><div class=\"kc-row-container  kc-container\"><div class=\"kc-wrap-columns\"><div class=\"kc-elm kc-css-564619 kc_col-sm-6 kc_column kc_col-sm-6\"><div class=\"kc-col-container\">\n<div class=\"element-block-heading style-default\">\n\t<div class=\"wrapper\">\n\t\t<div class=\"inner\">\n\t\t\t\n\t\t\t\t\t\t<h2 class=\"heading\">Envianos tu duda o sugerencia!<\/h2>\n\t\t\t\t\t\t\n\t\t\t\t\t<\/div>\n\t<\/div>\n<\/div><div class=\"kc-contact-form7 kc-elm kc-css-726310\">\n<div class=\"wpcf7 no-js\" id=\"wpcf7-f6-o1\" lang=\"ca\" dir=\"ltr\">\n<div class=\"screen-reader-response\"><p role=\"status\" aria-live=\"polite\" aria-atomic=\"true\"><\/p> <ul><\/ul><\/div>\n<form action=\"\/es\/wp-json\/wp\/v2\/pages\/13836#wpcf7-f6-o1\" method=\"post\" class=\"wpcf7-form init\" aria-label=\"Formulari de contacte\" novalidate=\"novalidate\" data-status=\"init\">\n<div style=\"display: none;\">\n<input type=\"hidden\" name=\"_wpcf7\" value=\"6\" \/>\n<input type=\"hidden\" name=\"_wpcf7_version\" value=\"5.9.8\" \/>\n<input type=\"hidden\" name=\"_wpcf7_locale\" value=\"ca\" \/>\n<input type=\"hidden\" name=\"_wpcf7_unit_tag\" value=\"wpcf7-f6-o1\" \/>\n<input type=\"hidden\" name=\"_wpcf7_container_post\" value=\"0\" \/>\n<input type=\"hidden\" name=\"_wpcf7_posted_data_hash\" value=\"\" \/>\n<\/div>\n<p><label> EL teu nom<br \/>\n<span class=\"wpcf7-form-control-wrap\" data-name=\"your-name\"><input size=\"40\" maxlength=\"400\" class=\"wpcf7-form-control wpcf7-text wpcf7-validates-as-required\" aria-required=\"true\" aria-invalid=\"false\" value=\"\" type=\"text\" name=\"your-name\" \/><\/span> <\/label>\n<\/p>\n<p><label> El teu correu<br \/>\n<span class=\"wpcf7-form-control-wrap\" data-name=\"your-email\"><input size=\"40\" maxlength=\"400\" class=\"wpcf7-form-control wpcf7-email wpcf7-validates-as-required wpcf7-text wpcf7-validates-as-email\" aria-required=\"true\" aria-invalid=\"false\" value=\"\" type=\"email\" name=\"your-email\" \/><\/span> <\/label>\n<\/p>\n<p><label> Assumpte<br \/>\n<span class=\"wpcf7-form-control-wrap\" data-name=\"your-subject\"><input size=\"40\" maxlength=\"400\" class=\"wpcf7-form-control wpcf7-text wpcf7-validates-as-required\" aria-required=\"true\" aria-invalid=\"false\" value=\"\" type=\"text\" name=\"your-subject\" \/><\/span> <\/label>\n<\/p>\n<p><label> El teu missatge (optional)<br \/>\n<span class=\"wpcf7-form-control-wrap\" data-name=\"your-message\"><textarea cols=\"40\" rows=\"10\" maxlength=\"2000\" class=\"wpcf7-form-control wpcf7-textarea\" aria-invalid=\"false\" name=\"your-message\"><\/textarea><\/span> <\/label>\n<\/p>\n<p><button class=\"wpcf7-form-control wpcf7-submit has-spinner et_pb_button et_pb_bg_layout_light\" type=\"submit\" value=\"Enviar\">Enviar<\/button>\n<\/p><p style=\"display: none !important;\" class=\"akismet-fields-container\" data-prefix=\"_wpcf7_ak_\"><label>&#916;<textarea name=\"_wpcf7_ak_hp_textarea\" cols=\"45\" rows=\"8\" maxlength=\"100\"><\/textarea><\/label><input type=\"hidden\" id=\"ak_js_1\" name=\"_wpcf7_ak_js\" value=\"247\"\/><script>document.getElementById( \"ak_js_1\" ).setAttribute( \"value\", ( new Date() ).getTime() );<\/script><\/p><div class=\"wpcf7-response-output\" aria-hidden=\"true\"><\/div>\n<\/form>\n<\/div>\n<\/div><\/div><\/div><div class=\"kc-elm kc-css-658519 kc_col-sm-6 kc_column kc_col-sm-6\"><div class=\"kc-col-container\">\n<div class=\"element-block-heading style-default\">\n\t<div class=\"wrapper\">\n\t\t<div class=\"inner\">\n\t\t\t\n\t\t\t\t\t\t<h2 class=\"heading\">C\u00f3mo llegar?<\/h2>\n\t\t\t\t\t\t\n\t\t\t\t\t<\/div>\n\t<\/div>\n<\/div><div class=\"kc-elm kc-css-940005\" style=\"height: 20px; clear: both; width:100%;\"><\/div><div class=\"kc-elm kc-css-20930 kc_google_maps kc_shortcode\"><div style=\"height: 350px\" class=\"kc-google-maps\"><iframe data-src=\"https:\/\/www.google.com\/maps\/embed?pb=!1m18!1m12!1m3!1d3013.284772919624!2d0.3147913158570553!3d40.95333997930654!2m3!1f0!2f0!3f0!3m2!1i1024!2i768!4f13.1!3m3!1m2!1s0x12a0eaa18a3613e3%3A0x2914f43df988e833!2sCalle%20del%20Pintor%20Pablo%20Ruiz%20Picasso%2C%2018%2C%2043596%20Horta%20de%20San%20Juan%2C%20Tarragona!5e0!3m2!1ses!2ses!4v1611678134179!5m2!1ses!2ses\" width=\"100%\" height=\"350\" frameborder=\"0\" style=\"border:0;\" allowfullscreen=\"\" aria-hidden=\"false\" tabindex=\"0\" src=\"data:image\/svg+xml;base64,PHN2ZyB3aWR0aD0iMSIgaGVpZ2h0PSIxIiB4bWxucz0iaHR0cDovL3d3dy53My5vcmcvMjAwMC9zdmciPjwvc3ZnPg==\" class=\"lazyload\" data-load-mode=\"1\"><\/iframe><\/div><\/div><div class=\"kc-elm kc-css-683332\" style=\"height: 10px; clear: both; width:100%;\"><\/div>\n<div class=\"kc-elm kc-css-951374\">\n\t<a class=\"\" href=\"https:\/\/turismehortadesantjoan.cat\/es\/como-llegar\" target=\"_self\" title=\"Com arribar-hi\" onclick=\"\">\n\t\tVer c\u00f3mo llegar\t<\/a>\n<\/div>\n<\/div><\/div><\/div><\/div><\/section><\/p>\n","protected":false},"excerpt":{"rendered":"","protected":false},"author":1,"featured_media":0,"parent":0,"menu_order":0,"comment_status":"closed","ping_status":"closed","template":"","meta":{"footnotes":""},"yoast_head":"<!-- This site is optimized with the Yoast SEO plugin v24.5 - https:\/\/yoast.com\/wordpress\/plugins\/seo\/ -->\n<title>Contacto - Turisme Horta de Sant Joan<\/title>\n<meta name=\"robots\" content=\"index, follow, max-snippet:-1, max-image-preview:large, max-video-preview:-1\" \/>\n<link rel=\"canonical\" href=\"https:\/\/turismehortadesantjoan.cat\/es\/contact-us\" \/>\n<meta property=\"og:locale\" content=\"es_ES\" \/>\n<meta property=\"og:type\" content=\"article\" \/>\n<meta property=\"og:title\" content=\"Contacto - Turisme Horta de Sant Joan\" \/>\n<meta property=\"og:description\" content=\"Direcci\u00f3n C\/ pintor Pablo Ruiz Picasso,18 Horta de Sant Joan Tel\u00e9fono 977 43 50 43 977 43 50 05 Email aj.horta@altanet.org www.hortadesantjoan.cat S\u00edguenos! Horario Viernes de 16.00 a 19.00h S\u00e1bado &hellip; Continue reading Contacto &rarr;\" \/>\n<meta property=\"og:url\" content=\"https:\/\/turismehortadesantjoan.cat\/es\/contact-us\" \/>\n<meta property=\"og:site_name\" content=\"Turisme Horta de Sant Joan\" \/>\n<meta property=\"article:modified_time\" content=\"2021-01-26T15:58:48+00:00\" \/>\n<meta name=\"twitter:card\" content=\"summary_large_image\" \/>\n<script type=\"application\/ld+json\" class=\"yoast-schema-graph\">{\"@context\":\"https:\/\/schema.org\",\"@graph\":[{\"@type\":\"WebPage\",\"@id\":\"https:\/\/turismehortadesantjoan.cat\/es\/contact-us\",\"url\":\"https:\/\/turismehortadesantjoan.cat\/es\/contact-us\",\"name\":\"Contacto - Turisme Horta de Sant Joan\",\"isPartOf\":{\"@id\":\"https:\/\/turismehortadesantjoan.cat\/es\/#website\"},\"datePublished\":\"2016-09-23T04:24:43+00:00\",\"dateModified\":\"2021-01-26T15:58:48+00:00\",\"breadcrumb\":{\"@id\":\"https:\/\/turismehortadesantjoan.cat\/es\/contact-us#breadcrumb\"},\"inLanguage\":\"es\",\"potentialAction\":[{\"@type\":\"ReadAction\",\"target\":[\"https:\/\/turismehortadesantjoan.cat\/es\/contact-us\"]}]},{\"@type\":\"BreadcrumbList\",\"@id\":\"https:\/\/turismehortadesantjoan.cat\/es\/contact-us#breadcrumb\",\"itemListElement\":[{\"@type\":\"ListItem\",\"position\":1,\"name\":\"Inici\",\"item\":\"https:\/\/turismehortadesantjoan.cat\/es\"},{\"@type\":\"ListItem\",\"position\":2,\"name\":\"Contacto\"}]},{\"@type\":\"WebSite\",\"@id\":\"https:\/\/turismehortadesantjoan.cat\/es\/#website\",\"url\":\"https:\/\/turismehortadesantjoan.cat\/es\/\",\"name\":\"Turisme Horta de Sant Joan\",\"description\":\"\",\"publisher\":{\"@id\":\"https:\/\/turismehortadesantjoan.cat\/es\/#organization\"},\"potentialAction\":[{\"@type\":\"SearchAction\",\"target\":{\"@type\":\"EntryPoint\",\"urlTemplate\":\"https:\/\/turismehortadesantjoan.cat\/es\/?s={search_term_string}\"},\"query-input\":{\"@type\":\"PropertyValueSpecification\",\"valueRequired\":true,\"valueName\":\"search_term_string\"}}],\"inLanguage\":\"es\"},{\"@type\":\"Organization\",\"@id\":\"https:\/\/turismehortadesantjoan.cat\/es\/#organization\",\"name\":\"Turisme Horta de Sant Joan\",\"url\":\"https:\/\/turismehortadesantjoan.cat\/es\/\",\"logo\":{\"@type\":\"ImageObject\",\"inLanguage\":\"es\",\"@id\":\"https:\/\/turismehortadesantjoan.cat\/es\/#\/schema\/logo\/image\/\",\"url\":\"https:\/\/turismehortadesantjoan.cat\/wp-content\/uploads\/2017\/10\/cropped-Sin-ti\u0301tulo-2.png\",\"contentUrl\":\"https:\/\/turismehortadesantjoan.cat\/wp-content\/uploads\/2017\/10\/cropped-Sin-ti\u0301tulo-2.png\",\"width\":169,\"height\":40,\"caption\":\"Turisme Horta de Sant Joan\"},\"image\":{\"@id\":\"https:\/\/turismehortadesantjoan.cat\/es\/#\/schema\/logo\/image\/\"}}]}<\/script>\n<!-- \/ Yoast SEO plugin. -->","yoast_head_json":{"title":"Contacto - Turisme Horta de Sant Joan","robots":{"index":"index","follow":"follow","max-snippet":"max-snippet:-1","max-image-preview":"max-image-preview:large","max-video-preview":"max-video-preview:-1"},"canonical":"https:\/\/turismehortadesantjoan.cat\/es\/contact-us","og_locale":"es_ES","og_type":"article","og_title":"Contacto - Turisme Horta de Sant Joan","og_description":"Direcci\u00f3n C\/ pintor Pablo Ruiz Picasso,18 Horta de Sant Joan Tel\u00e9fono 977 43 50 43 977 43 50 05 Email aj.horta@altanet.org www.hortadesantjoan.cat S\u00edguenos! Horario Viernes de 16.00 a 19.00h S\u00e1bado &hellip; Continue reading Contacto &rarr;","og_url":"https:\/\/turismehortadesantjoan.cat\/es\/contact-us","og_site_name":"Turisme Horta de Sant Joan","article_modified_time":"2021-01-26T15:58:48+00:00","twitter_card":"summary_large_image","schema":{"@context":"https:\/\/schema.org","@graph":[{"@type":"WebPage","@id":"https:\/\/turismehortadesantjoan.cat\/es\/contact-us","url":"https:\/\/turismehortadesantjoan.cat\/es\/contact-us","name":"Contacto - Turisme Horta de Sant Joan","isPartOf":{"@id":"https:\/\/turismehortadesantjoan.cat\/es\/#website"},"datePublished":"2016-09-23T04:24:43+00:00","dateModified":"2021-01-26T15:58:48+00:00","breadcrumb":{"@id":"https:\/\/turismehortadesantjoan.cat\/es\/contact-us#breadcrumb"},"inLanguage":"es","potentialAction":[{"@type":"ReadAction","target":["https:\/\/turismehortadesantjoan.cat\/es\/contact-us"]}]},{"@type":"BreadcrumbList","@id":"https:\/\/turismehortadesantjoan.cat\/es\/contact-us#breadcrumb","itemListElement":[{"@type":"ListItem","position":1,"name":"Inici","item":"https:\/\/turismehortadesantjoan.cat\/es"},{"@type":"ListItem","position":2,"name":"Contacto"}]},{"@type":"WebSite","@id":"https:\/\/turismehortadesantjoan.cat\/es\/#website","url":"https:\/\/turismehortadesantjoan.cat\/es\/","name":"Turisme Horta de Sant Joan","description":"","publisher":{"@id":"https:\/\/turismehortadesantjoan.cat\/es\/#organization"},"potentialAction":[{"@type":"SearchAction","target":{"@type":"EntryPoint","urlTemplate":"https:\/\/turismehortadesantjoan.cat\/es\/?s={search_term_string}"},"query-input":{"@type":"PropertyValueSpecification","valueRequired":true,"valueName":"search_term_string"}}],"inLanguage":"es"},{"@type":"Organization","@id":"https:\/\/turismehortadesantjoan.cat\/es\/#organization","name":"Turisme Horta de Sant Joan","url":"https:\/\/turismehortadesantjoan.cat\/es\/","logo":{"@type":"ImageObject","inLanguage":"es","@id":"https:\/\/turismehortadesantjoan.cat\/es\/#\/schema\/logo\/image\/","url":"https:\/\/turismehortadesantjoan.cat\/wp-content\/uploads\/2017\/10\/cropped-Sin-ti\u0301tulo-2.png","contentUrl":"https:\/\/turismehortadesantjoan.cat\/wp-content\/uploads\/2017\/10\/cropped-Sin-ti\u0301tulo-2.png","width":169,"height":40,"caption":"Turisme Horta de Sant Joan"},"image":{"@id":"https:\/\/turismehortadesantjoan.cat\/es\/#\/schema\/logo\/image\/"}}]}},"_links":{"self":[{"href":"https:\/\/turismehortadesantjoan.cat\/es\/wp-json\/wp\/v2\/pages\/13836"}],"collection":[{"href":"https:\/\/turismehortadesantjoan.cat\/es\/wp-json\/wp\/v2\/pages"}],"about":[{"href":"https:\/\/turismehortadesantjoan.cat\/es\/wp-json\/wp\/v2\/types\/page"}],"author":[{"embeddable":true,"href":"https:\/\/turismehortadesantjoan.cat\/es\/wp-json\/wp\/v2\/users\/1"}],"replies":[{"embeddable":true,"href":"https:\/\/turismehortadesantjoan.cat\/es\/wp-json\/wp\/v2\/comments?post=13836"}],"version-history":[{"count":4,"href":"https:\/\/turismehortadesantjoan.cat\/es\/wp-json\/wp\/v2\/pages\/13836\/revisions"}],"predecessor-version":[{"id":14616,"href":"https:\/\/turismehortadesantjoan.cat\/es\/wp-json\/wp\/v2\/pages\/13836\/revisions\/14616"}],"wp:attachment":[{"href":"https:\/\/turismehortadesantjoan.cat\/es\/wp-json\/wp\/v2\/media?parent=13836"}],"curies":[{"name":"wp","href":"https:\/\/api.w.org\/{rel}","templated":true}]}}