{"id":13587,"date":"2020-11-14T12:59:41","date_gmt":"2020-11-14T12:59:41","guid":{"rendered":"http:\/\/turismehortadesantjoan.cat\/museus-i-espais"},"modified":"2020-12-12T15:14:07","modified_gmt":"2020-12-12T15:14:07","slug":"museosespacios","status":"publish","type":"page","link":"https:\/\/turismehortadesantjoan.cat\/es\/museosespacios","title":{"rendered":"Museos y espacios"},"content":{"rendered":"<section class=\"kc-elm kc-css-364398 kc_row\"><div class=\"kc-row-container  kc-container\"><div class=\"kc-wrap-columns\"><div class=\"kc-elm kc-css-566539 kc_col-sm-12 kc_column kc_col-sm-12\"><div class=\"kc-col-container\">\n<div class=\"element-block-heading style-default\">\n\t<div class=\"wrapper\">\n\t\t<div class=\"inner\">\n\t\t\t\n\t\t\t\t\t\t<h2 class=\"heading\">Museos y espacios culturales<\/h2>\n\t\t\t\t\t\t\n\t\t\t\t\t<\/div>\n\t<\/div>\n<\/div><div class=\"wpo-place\">\n\t\t<div class=\"opalplace-recent-place opalplace-rows\">\n\t\t \n\t\t\t<div class=\"row\">\n\t\t\t\t\t\t\t\t\t\t<div class=\"col-lg-12 col-md-12 col-sm-6  first-child\">\n\t\t\t\t\t\t \n<div itemscope itemtype=\"http:\/\/schema.org\/Activity\" class=\"page location-box post-14115 opal_place type-opal_place status-publish has-post-thumbnail hentry opal_categories-museus-i-espais\">\n\t\t\n\t<header>\n\t\t\t\t\t<div class=\"place-box-image\">\n\t\t        <a href=\"https:\/\/turismehortadesantjoan.cat\/es\/place\/ecomuseu-els-ports\" class=\"place-box-image-inner \">\t\n\t\t         \t<img decoding=\"async\" width=\"300\" height=\"200\" data-src=\"https:\/\/turismehortadesantjoan.cat\/wp-content\/uploads\/2020\/11\/2fe35d53b2acd77c691fd33ecd50431e4876bb03-300x200.jpg\" class=\"attachment-medium size-medium wp-post-image lazyload\" alt=\"\" data-srcset=\"https:\/\/turismehortadesantjoan.cat\/wp-content\/uploads\/2020\/11\/2fe35d53b2acd77c691fd33ecd50431e4876bb03-300x200.jpg 300w, https:\/\/turismehortadesantjoan.cat\/wp-content\/uploads\/2020\/11\/2fe35d53b2acd77c691fd33ecd50431e4876bb03.jpg 768w\" data-sizes=\"(max-width: 300px) 100vw, 300px\" src=\"data:image\/svg+xml;base64,PHN2ZyB3aWR0aD0iMSIgaGVpZ2h0PSIxIiB4bWxucz0iaHR0cDovL3d3dy53My5vcmcvMjAwMC9zdmciPjwvc3ZnPg==\" style=\"--smush-placeholder-width: 300px; --smush-placeholder-aspect-ratio: 300\/200;\" \/>\t\t        <\/a>\n\t\t\t<\/div>\n\t\t\t<\/header>\n \n\t<div class=\"entry-content\">\n\t\t<div class=\"entry-content-inner\">\n\t\t\t<h4 class=\"place-title\"><a href=\"https:\/\/turismehortadesantjoan.cat\/es\/place\/ecomuseu-els-ports\" rel=\"bookmark\">Ecomuseu Els Ports<\/a><\/h4>\t\t\t\t\t\t\t<div class=\"place-description\">\n\t\t\t\t\tEl Ecomuseo los Puertos es una iniciativa impulsada por el dinamismo sociocultural que caracteriza el municipio de Orta (Horta de San Juan), que la presenta a los municipios vecinos y los invita a participar y trabajar conjuntamente aprovechando los recursos patrimoniales de los Puertos (tanto naturales como culturales) con ...\t\t\t\t<\/div>\n\t\t\t\t\t\t\t\t\t<div class=\"place-learnmore text-center\">\n\t\t\t\t<a class=\"btn btn-primary\" href=\"http:\/\/www.elsports.cat\/\"> <span>Ver Web<\/span><\/a>\n\t\t\t<\/div>\n\t\t\t\t\t<\/div>\n\t<\/div><!-- .entry-content -->\n\n\t\n\t<meta itemprop=\"url\" content=\"https:\/\/turismehortadesantjoan.cat\/es\/place\/ecomuseu-els-ports\" \/>\n\n<\/div><!-- #post-## -->\n\t\n\t\t\t\t\t<\/div>\n\t\t\t\t\t\t\t\t\t<div class=\"col-lg-12 col-md-12 col-sm-6  first-child\">\n\t\t\t\t\t\t \n<div itemscope itemtype=\"http:\/\/schema.org\/Activity\" class=\"page location-box post-14121 opal_place type-opal_place status-publish has-post-thumbnail hentry opal_categories-museus-i-espais\">\n\t\t\n\t<header>\n\t\t\t\t\t<div class=\"place-box-image\">\n\t\t        <a href=\"https:\/\/turismehortadesantjoan.cat\/es\/place\/museu-picasso\" class=\"place-box-image-inner \">\t\n\t\t         \t<img decoding=\"async\" width=\"300\" height=\"201\" data-src=\"https:\/\/turismehortadesantjoan.cat\/wp-content\/uploads\/2020\/11\/centre_picasso-horta-1-300x201.jpg\" class=\"attachment-medium size-medium wp-post-image lazyload\" alt=\"\" data-srcset=\"https:\/\/turismehortadesantjoan.cat\/wp-content\/uploads\/2020\/11\/centre_picasso-horta-1-300x201.jpg 300w, https:\/\/turismehortadesantjoan.cat\/wp-content\/uploads\/2020\/11\/centre_picasso-horta-1-1194x800.jpg 1194w, https:\/\/turismehortadesantjoan.cat\/wp-content\/uploads\/2020\/11\/centre_picasso-horta-1-768x514.jpg 768w, https:\/\/turismehortadesantjoan.cat\/wp-content\/uploads\/2020\/11\/centre_picasso-horta-1-1536x1029.jpg 1536w, https:\/\/turismehortadesantjoan.cat\/wp-content\/uploads\/2020\/11\/centre_picasso-horta-1.jpg 2014w\" data-sizes=\"(max-width: 300px) 100vw, 300px\" src=\"data:image\/svg+xml;base64,PHN2ZyB3aWR0aD0iMSIgaGVpZ2h0PSIxIiB4bWxucz0iaHR0cDovL3d3dy53My5vcmcvMjAwMC9zdmciPjwvc3ZnPg==\" style=\"--smush-placeholder-width: 300px; --smush-placeholder-aspect-ratio: 300\/201;\" \/>\t\t        <\/a>\n\t\t\t<\/div>\n\t\t\t<\/header>\n \n\t<div class=\"entry-content\">\n\t\t<div class=\"entry-content-inner\">\n\t\t\t<h4 class=\"place-title\"><a href=\"https:\/\/turismehortadesantjoan.cat\/es\/place\/museu-picasso\" rel=\"bookmark\">Museu Picasso<\/a><\/h4>\t\t\t\t\t\t\t<div class=\"place-description\">\n\t\t\t\t\tEl Centro Picasso de Horta quiere ser un homenaje permanente a Picasso y re\u00fane la reproducci\u00f3n, lo m\u00e1s fiel posible de todas las obras que el artista cre\u00f3 en Horta &hellip; Continue reading Museu Picasso &rarr;\t\t\t\t<\/div>\n\t\t\t\t\t\t\t\t\t<div class=\"place-learnmore text-center\">\n\t\t\t\t<a class=\"btn btn-primary\" href=\"https:\/\/centrepicasso.cat\/?lang=es\"> <span>Ver Web<\/span><\/a>\n\t\t\t<\/div>\n\t\t\t\t\t<\/div>\n\t<\/div><!-- .entry-content -->\n\n\t\n\t<meta itemprop=\"url\" content=\"https:\/\/turismehortadesantjoan.cat\/es\/place\/museu-picasso\" \/>\n\n<\/div><!-- #post-## -->\n\t\n\t\t\t\t\t<\/div>\n\t\t\t\t\t\t\t\t<\/div>\n\t\t\t<\/div>\t\n<\/div>\n<\/div><\/div><\/div><\/div><\/section>\n","protected":false},"excerpt":{"rendered":"","protected":false},"author":1,"featured_media":0,"parent":0,"menu_order":0,"comment_status":"closed","ping_status":"closed","template":"","meta":{"footnotes":""},"yoast_head":"<!-- This site is optimized with the Yoast SEO plugin v24.5 - https:\/\/yoast.com\/wordpress\/plugins\/seo\/ -->\n<title>Museos y espacios - Turisme Horta de Sant Joan<\/title>\n<meta name=\"robots\" content=\"index, follow, max-snippet:-1, max-image-preview:large, max-video-preview:-1\" \/>\n<link rel=\"canonical\" href=\"https:\/\/turismehortadesantjoan.cat\/es\/museosespacios\" \/>\n<meta property=\"og:locale\" content=\"es_ES\" \/>\n<meta property=\"og:type\" content=\"article\" \/>\n<meta property=\"og:title\" content=\"Museos y espacios - Turisme Horta de Sant Joan\" \/>\n<meta property=\"og:description\" content=\"Museos y espacios culturales\" \/>\n<meta property=\"og:url\" content=\"https:\/\/turismehortadesantjoan.cat\/es\/museosespacios\" \/>\n<meta property=\"og:site_name\" content=\"Turisme Horta de Sant Joan\" \/>\n<meta property=\"article:modified_time\" content=\"2020-12-12T15:14:07+00:00\" \/>\n<meta name=\"twitter:card\" content=\"summary_large_image\" \/>\n<script type=\"application\/ld+json\" class=\"yoast-schema-graph\">{\"@context\":\"https:\/\/schema.org\",\"@graph\":[{\"@type\":\"WebPage\",\"@id\":\"https:\/\/turismehortadesantjoan.cat\/es\/museosespacios\",\"url\":\"https:\/\/turismehortadesantjoan.cat\/es\/museosespacios\",\"name\":\"Museos y espacios - Turisme Horta de Sant Joan\",\"isPartOf\":{\"@id\":\"http:\/\/turismehortadesantjoan.cat\/es#website\"},\"datePublished\":\"2020-11-14T12:59:41+00:00\",\"dateModified\":\"2020-12-12T15:14:07+00:00\",\"breadcrumb\":{\"@id\":\"https:\/\/turismehortadesantjoan.cat\/es\/museosespacios#breadcrumb\"},\"inLanguage\":\"es\",\"potentialAction\":[{\"@type\":\"ReadAction\",\"target\":[\"https:\/\/turismehortadesantjoan.cat\/es\/museosespacios\"]}]},{\"@type\":\"BreadcrumbList\",\"@id\":\"https:\/\/turismehortadesantjoan.cat\/es\/museosespacios#breadcrumb\",\"itemListElement\":[{\"@type\":\"ListItem\",\"position\":1,\"name\":\"Inici\",\"item\":\"https:\/\/turismehortadesantjoan.cat\/es\"},{\"@type\":\"ListItem\",\"position\":2,\"name\":\"Museos y espacios\"}]},{\"@type\":\"WebSite\",\"@id\":\"http:\/\/turismehortadesantjoan.cat\/es#website\",\"url\":\"http:\/\/turismehortadesantjoan.cat\/es\",\"name\":\"Turisme Horta de Sant Joan\",\"description\":\"\",\"publisher\":{\"@id\":\"http:\/\/turismehortadesantjoan.cat\/es#organization\"},\"potentialAction\":[{\"@type\":\"SearchAction\",\"target\":{\"@type\":\"EntryPoint\",\"urlTemplate\":\"http:\/\/turismehortadesantjoan.cat\/es?s={search_term_string}\"},\"query-input\":{\"@type\":\"PropertyValueSpecification\",\"valueRequired\":true,\"valueName\":\"search_term_string\"}}],\"inLanguage\":\"es\"},{\"@type\":\"Organization\",\"@id\":\"http:\/\/turismehortadesantjoan.cat\/es#organization\",\"name\":\"Turisme Horta de Sant Joan\",\"url\":\"http:\/\/turismehortadesantjoan.cat\/es\",\"logo\":{\"@type\":\"ImageObject\",\"inLanguage\":\"es\",\"@id\":\"http:\/\/turismehortadesantjoan.cat\/es#\/schema\/logo\/image\/\",\"url\":\"https:\/\/turismehortadesantjoan.cat\/wp-content\/uploads\/2017\/10\/cropped-Sin-ti\u0301tulo-2.png\",\"contentUrl\":\"https:\/\/turismehortadesantjoan.cat\/wp-content\/uploads\/2017\/10\/cropped-Sin-ti\u0301tulo-2.png\",\"width\":169,\"height\":40,\"caption\":\"Turisme Horta de Sant Joan\"},\"image\":{\"@id\":\"http:\/\/turismehortadesantjoan.cat\/es#\/schema\/logo\/image\/\"}}]}<\/script>\n<!-- \/ Yoast SEO plugin. -->","yoast_head_json":{"title":"Museos y espacios - Turisme Horta de Sant Joan","robots":{"index":"index","follow":"follow","max-snippet":"max-snippet:-1","max-image-preview":"max-image-preview:large","max-video-preview":"max-video-preview:-1"},"canonical":"https:\/\/turismehortadesantjoan.cat\/es\/museosespacios","og_locale":"es_ES","og_type":"article","og_title":"Museos y espacios - Turisme Horta de Sant Joan","og_description":"Museos y espacios culturales","og_url":"https:\/\/turismehortadesantjoan.cat\/es\/museosespacios","og_site_name":"Turisme Horta de Sant Joan","article_modified_time":"2020-12-12T15:14:07+00:00","twitter_card":"summary_large_image","schema":{"@context":"https:\/\/schema.org","@graph":[{"@type":"WebPage","@id":"https:\/\/turismehortadesantjoan.cat\/es\/museosespacios","url":"https:\/\/turismehortadesantjoan.cat\/es\/museosespacios","name":"Museos y espacios - Turisme Horta de Sant Joan","isPartOf":{"@id":"http:\/\/turismehortadesantjoan.cat\/es#website"},"datePublished":"2020-11-14T12:59:41+00:00","dateModified":"2020-12-12T15:14:07+00:00","breadcrumb":{"@id":"https:\/\/turismehortadesantjoan.cat\/es\/museosespacios#breadcrumb"},"inLanguage":"es","potentialAction":[{"@type":"ReadAction","target":["https:\/\/turismehortadesantjoan.cat\/es\/museosespacios"]}]},{"@type":"BreadcrumbList","@id":"https:\/\/turismehortadesantjoan.cat\/es\/museosespacios#breadcrumb","itemListElement":[{"@type":"ListItem","position":1,"name":"Inici","item":"https:\/\/turismehortadesantjoan.cat\/es"},{"@type":"ListItem","position":2,"name":"Museos y espacios"}]},{"@type":"WebSite","@id":"http:\/\/turismehortadesantjoan.cat\/es#website","url":"http:\/\/turismehortadesantjoan.cat\/es","name":"Turisme Horta de Sant Joan","description":"","publisher":{"@id":"http:\/\/turismehortadesantjoan.cat\/es#organization"},"potentialAction":[{"@type":"SearchAction","target":{"@type":"EntryPoint","urlTemplate":"http:\/\/turismehortadesantjoan.cat\/es?s={search_term_string}"},"query-input":{"@type":"PropertyValueSpecification","valueRequired":true,"valueName":"search_term_string"}}],"inLanguage":"es"},{"@type":"Organization","@id":"http:\/\/turismehortadesantjoan.cat\/es#organization","name":"Turisme Horta de Sant Joan","url":"http:\/\/turismehortadesantjoan.cat\/es","logo":{"@type":"ImageObject","inLanguage":"es","@id":"http:\/\/turismehortadesantjoan.cat\/es#\/schema\/logo\/image\/","url":"https:\/\/turismehortadesantjoan.cat\/wp-content\/uploads\/2017\/10\/cropped-Sin-ti\u0301tulo-2.png","contentUrl":"https:\/\/turismehortadesantjoan.cat\/wp-content\/uploads\/2017\/10\/cropped-Sin-ti\u0301tulo-2.png","width":169,"height":40,"caption":"Turisme Horta de Sant Joan"},"image":{"@id":"http:\/\/turismehortadesantjoan.cat\/es#\/schema\/logo\/image\/"}}]}},"_links":{"self":[{"href":"https:\/\/turismehortadesantjoan.cat\/es\/wp-json\/wp\/v2\/pages\/13587"}],"collection":[{"href":"https:\/\/turismehortadesantjoan.cat\/es\/wp-json\/wp\/v2\/pages"}],"about":[{"href":"https:\/\/turismehortadesantjoan.cat\/es\/wp-json\/wp\/v2\/types\/page"}],"author":[{"embeddable":true,"href":"https:\/\/turismehortadesantjoan.cat\/es\/wp-json\/wp\/v2\/users\/1"}],"replies":[{"embeddable":true,"href":"https:\/\/turismehortadesantjoan.cat\/es\/wp-json\/wp\/v2\/comments?post=13587"}],"version-history":[{"count":1,"href":"https:\/\/turismehortadesantjoan.cat\/es\/wp-json\/wp\/v2\/pages\/13587\/revisions"}],"predecessor-version":[{"id":13588,"href":"https:\/\/turismehortadesantjoan.cat\/es\/wp-json\/wp\/v2\/pages\/13587\/revisions\/13588"}],"wp:attachment":[{"href":"https:\/\/turismehortadesantjoan.cat\/es\/wp-json\/wp\/v2\/media?parent=13587"}],"curies":[{"name":"wp","href":"https:\/\/api.w.org\/{rel}","templated":true}]}}