{"id":13565,"date":"2020-11-20T14:37:36","date_gmt":"2020-11-20T14:37:36","guid":{"rendered":"http:\/\/turismehortadesantjoan.cat\/esglesies-i-convents"},"modified":"2020-12-12T15:06:46","modified_gmt":"2020-12-12T15:06:46","slug":"iglesias-y-conventos","status":"publish","type":"page","link":"https:\/\/turismehortadesantjoan.cat\/es\/iglesias-y-conventos","title":{"rendered":"Iglesias y conventos"},"content":{"rendered":"<p><section data-kc-fullwidth=\"content\" data-kc-parallax=\"true\" class=\"kc-elm kc-css-975855 kc_row\"><div class=\"kc-row-container\"><div class=\"kc-wrap-columns\"><div class=\"kc-elm kc-css-125479 kc_col-sm-12 kc_column kc_col-sm-12\"><div class=\"kc-col-container\"><div class=\"kc-elm kc-css-467740\" style=\"height: 156px; clear: both; width:100%;\"><\/div>\n<div class=\"kc-elm kc-css-643569 kc-title-wrap \">\n\n\t<h1 class=\"kc_title\">Iglesias y conventos<\/h1>\n<\/div>\n<div class=\"kc-elm kc-css-177284\" style=\"height: 71px; clear: both; width:100%;\"><\/div><\/div><\/div><\/div><\/div><\/section><section class=\"kc-elm kc-css-597603 kc_row\"><div class=\"kc-row-container  kc-container\"><div class=\"kc-wrap-columns\"><div class=\"kc-elm kc-css-195431 kc_col-sm-12 kc_column kc_col-sm-12\"><div class=\"kc-col-container\"><div class=\"kc-elm kc-css-583003\" style=\"height: 26px; clear: both; width:100%;\"><\/div><\/div><\/div><\/div><\/div><\/section><section class=\"kc-elm kc-css-734498 kc_row\"><div class=\"kc-row-container  kc-container\"><div class=\"kc-wrap-columns\"><div class=\"kc-elm kc-css-107780 kc_col-sm-6 kc_column kc_col-sm-6\"><div class=\"kc-col-container\">\n<div class=\"kc-elm kc-css-435522 kc-title-wrap \">\n\n\t<h3 class=\"kc_title\">Un patrimoni incalculable\r\n\r\n<\/h3>\n<\/div>\n<div class=\"kc-elm kc-css-599592 kc_text_block\"><\/p>\n<div>\n<div>\n<form>\n<div>\n<div>\n<div>\n<p>Desde los \u00edberos, romanos, \u00e1rabes, templarios, hospitalarios, aragoneses, catalanes, y con los diferentes estilos, rom\u00e1nicos, g\u00f3ticos, renacentistas, barrocos y modernistas han dejado sus obras y hoy representan unas joyas para los amantes de la arquitectura.<\/p>\n<p>Cada pueblo de la Terra Alta tiene varios diversos monumentos dignos de ser visitados, algunos pueblos son en parte un monumento. Tambi\u00e9n tenemos monumentos naturales como son el olivo milenario de Horta de Sant Joan, El Pimpoll y Pi ramut de Arnes.<\/p>\n<\/div>\n<\/div>\n<\/div>\n<\/form>\n<\/div>\n<\/div>\n<p>\n<\/div><\/div><\/div><div class=\"kc-elm kc-css-622285 kc_col-sm-6 kc_column kc_col-sm-6\"><div class=\"kc-col-container\"><div class=\"kc-elm kc-css-750367\" style=\"height: 26px; clear: both; width:100%;\"><\/div>\n\n<div class=\"image_fadein_slider kc-elm kc-css-871855 \">\n\t\t<div data-delay=\"2356\" class=\"image_fadein fast\" data-images=\"12177,12569,12570\">\n\t<img decoding=\"async\" data-src=\"https:\/\/turismehortadesantjoan.cat\/wp-content\/uploads\/2020\/11\/1200px-Arnes_-_Esgle\u0301sia-500x350xc.jpg\" src=\"data:image\/svg+xml;base64,PHN2ZyB3aWR0aD0iMSIgaGVpZ2h0PSIxIiB4bWxucz0iaHR0cDovL3d3dy53My5vcmcvMjAwMC9zdmciPjwvc3ZnPg==\" class=\"lazyload\" style=\"--smush-placeholder-width: 500px; --smush-placeholder-aspect-ratio: 500\/350;\" \/><img decoding=\"async\" data-src=\"https:\/\/turismehortadesantjoan.cat\/wp-content\/uploads\/2020\/11\/11-500x350xc.jpg\" src=\"data:image\/svg+xml;base64,PHN2ZyB3aWR0aD0iMSIgaGVpZ2h0PSIxIiB4bWxucz0iaHR0cDovL3d3dy53My5vcmcvMjAwMC9zdmciPjwvc3ZnPg==\" class=\"lazyload\" style=\"--smush-placeholder-width: 500px; --smush-placeholder-aspect-ratio: 500\/350;\" \/><img decoding=\"async\" data-src=\"https:\/\/turismehortadesantjoan.cat\/wp-content\/uploads\/2020\/11\/F1-500x350xc.jpg\" src=\"data:image\/svg+xml;base64,PHN2ZyB3aWR0aD0iMSIgaGVpZ2h0PSIxIiB4bWxucz0iaHR0cDovL3d3dy53My5vcmcvMjAwMC9zdmciPjwvc3ZnPg==\" class=\"lazyload\" style=\"--smush-placeholder-width: 500px; --smush-placeholder-aspect-ratio: 500\/350;\" \/>\t<\/div>\n<\/div>\n<\/div><\/div><\/div><\/div><\/section><section class=\"kc-elm kc-css-954843 kc_row\"><div class=\"kc-row-container  kc-container\"><div class=\"kc-wrap-columns\"><div class=\"kc-elm kc-css-113013 kc_col-sm-12 kc_column kc_col-sm-12\"><div class=\"kc-col-container\"><div class=\"kc-elm kc-css-488853\" style=\"height: 51px; clear: both; width:100%;\"><\/div>\n<div class=\"kc-elm kc-css-240911 kc-title-wrap \">\n\n\t<h3 class=\"kc_title\">Iglesias y conventos<\/h3>\n<\/div>\n<div class=\"kc-elm kc-css-988268 kc_accordion_wrapper\">\n<div class=\"kc-elm kc-css-901545 kc_accordion_section group \"><h3 class=\"kc_accordion_header ui-accordion-header\"><span class=\"ui-accordion-header-icon ui-icon\"><\/span><a href=\"#iglesia-de-san-juan-bautista\" data-prevent=\"scroll\"><i class=\"\"><\/i> Iglesia de San Juan Bautista<\/a><\/h3><div class=\"kc_accordion_content ui-accordion-content kc_clearfix\"><div class=\"kc-panel-body\"><div class=\"kc-elm kc-css-20539 kc_text_block\"><\/p>\n<p>Durante el siglo XIII-XIV se inici\u00f3 la construcci\u00f3n de la Iglesia parroquial de San Juan Baptista.<\/p>\n<p>La iglesia es g\u00f3tica de una sola nave cubierta de vuelta de crucer\u00eda, con cabecera poligonal, ventanales ojivales y contrafuertes escalonados que sobresalen al exterior. El \u00e1bside y el primer tramo son la parte m\u00e1s antigua, el resto del edificio se finaliz\u00f3 entre los siglos XV y XVI. La nave est\u00e1 dividida en tres tramos desiguales.En el \u00faltimo tramo, a finales del XVI, se construy\u00f3 un coro elevado sobre una vuelta muy rebajada t\u00edpica del g\u00f3tico tard\u00edo.<\/p>\n<p>La fachada destaca por su simplicidad, con un rect\u00e1ngulo plano y ancho con una puerta sencilla y un roset\u00f3n a la parte superior. Enmarcan el menaje dos contrafuertes sesgados, f\u00f3rmula de clara influencia occitana poco habitual a nuestro pa\u00eds. Coronando el frontispicio hay una espada\u00f1a de dos pisos remodelada en el siglo XVII.<\/p>\n<p>La restauraci\u00f3n de la Iglesia se hizo en la d\u00e9cada de los a\u00f1os 60 del siglo XX, as\u00ed como la instalaci\u00f3n de los nuevos vitrales que aportan cromatismo y luz natural al conjunto.<\/p>\n<p><strong>Visitala<\/strong><\/p>\n<p><iframe style=\"border: 0;\" tabindex=\"0\" data-src=\"https:\/\/www.google.com\/maps\/embed?pb=!1m14!1m8!1m3!1d12053.027245656987!2d0.3169351!3d40.9539526!3m2!1i1024!2i768!4f13.1!3m3!1m2!1s0x0%3A0xbca201981bb1859a!2sIglesia%20de%20San%20Juan%20Bautista!5e0!3m2!1ses!2ses!4v1605884366657!5m2!1ses!2ses\" width=\"600\" height=\"450\" frameborder=\"0\" allowfullscreen=\"allowfullscreen\" aria-hidden=\"false\" src=\"data:image\/svg+xml;base64,PHN2ZyB3aWR0aD0iMSIgaGVpZ2h0PSIxIiB4bWxucz0iaHR0cDovL3d3dy53My5vcmcvMjAwMC9zdmciPjwvc3ZnPg==\" class=\"lazyload\" data-load-mode=\"1\"><\/iframe><\/p>\n<p>\n<\/div><\/div><\/div><\/div><div class=\"kc-elm kc-css-468216 kc_accordion_section group \"><h3 class=\"kc_accordion_header ui-accordion-header\"><span class=\"ui-accordion-header-icon ui-icon\"><\/span><a href=\"#ermita-de-sant-antoni-abat\" data-prevent=\"scroll\"><i class=\"\"><\/i> Ermita de Sant Antoni Abat<\/a><\/h3><div class=\"kc_accordion_content ui-accordion-content kc_clearfix\"><div class=\"kc-panel-body\"><div class=\"kc-elm kc-css-821386 kc_text_block\"><\/p>\n<p>San Antonio Abad de Horta de Sant Joan es una ermita de Horta de Sant Joan (Terra Alta) incluida al Inventario del Patrimonio Arquitect\u00f3nico de Catalu\u00f1a. Hay una capilla con el mismo nombre junto a la carretera.<\/p>\n<p>Construcci\u00f3n muy sencilla de planta rectangular y dimensiones reducidas. Se encuentra en estado de ruina debido en parte a la mala calidad de la masoner\u00eda que conformaba las paredes maestras. Parece que el interior era ornamentat con elementos de estilo barroco y cubierto por una falsa vuelta.<\/p>\n<p>Se encuentra emplazada en lo alto de la vertiente oriental del monte, a ras del camino que lleva desde el convento de San Salvador a la cumbre.<\/p>\n<p><strong>Visitala<\/strong><\/p>\n<p><iframe style=\"border: 0;\" tabindex=\"0\" data-src=\"https:\/\/www.google.com\/maps\/embed?pb=!1m14!1m8!1m3!1d12052.215426120149!2d0.341526!3d40.958399!3m2!1i1024!2i768!4f13.1!3m3!1m2!1s0x0%3A0x0!2zNDDCsDU3JzMwLjIiTiAwwrAyMCcyOS41IkU!5e0!3m2!1sca!2ses!4v1605885447457!5m2!1sca!2ses\" width=\"600\" height=\"450\" frameborder=\"0\" allowfullscreen=\"allowfullscreen\" aria-hidden=\"false\" src=\"data:image\/svg+xml;base64,PHN2ZyB3aWR0aD0iMSIgaGVpZ2h0PSIxIiB4bWxucz0iaHR0cDovL3d3dy53My5vcmcvMjAwMC9zdmciPjwvc3ZnPg==\" class=\"lazyload\" data-load-mode=\"1\"><\/iframe><\/p>\n<p>\n<\/div><\/div><\/div><\/div><div class=\"kc-elm kc-css-594682 kc_accordion_section group \"><h3 class=\"kc_accordion_header ui-accordion-header\"><span class=\"ui-accordion-header-icon ui-icon\"><\/span><a href=\"#ermita-de-santa-barbara\" data-prevent=\"scroll\"><i class=\"\"><\/i> Ermita de Santa B\u00e0rbara <\/a><\/h3><div class=\"kc_accordion_content ui-accordion-content kc_clearfix\"><div class=\"kc-panel-body\"><div class=\"kc-elm kc-css-262572 kc_text_block\"><\/p>\n<div class=\"btn-group\" role=\"group\">\n<div id=\"div_select_target\">\n<div class=\"textarea-origen col-xs-12 col-sm-6\">Est\u00e1n alineadas con la salida del sol en los equinoccis de primavera y oto\u00f1o. Esta alineaci\u00f3n no puede ser casual y la \u00fanica explicaci\u00f3n es que el convento de San Salvador y las ermitas de San Onofre y Santa Barbara se construyeron a partir de la alineaci\u00f3n de la cueva de la ermita de Santo Pablo y el recorrido del Sol en los equinocis.<\/div>\n<\/div>\n<\/div>\n<form class=\"formulari form-horizontal\">\n<div class=\"traductor-textarea form-group\">\n<div class=\"textarea-desti col-xs-12 col-sm-6\">\n<div class=\"form-control second-textarea\">\n<p>C\u00f3mo dijimos estas monta\u00f1as ten\u00edan que ser sagradas por los \u00edberos y desde esta ermita vemos perfectamente el despoblado de Sant Antoni de Calaceite.<\/p>\n<\/div>\n<\/div>\n<\/div>\n<\/form>\n<p><iframe style=\"border: 0;\" tabindex=\"0\" data-src=\"https:\/\/www.google.com\/maps\/embed?pb=!1m18!1m12!1m3!1d1543801.4719606286!2d0.14736289997099167!3d40.910543633465615!2m3!1f0!2f0!3f0!3m2!1i1024!2i768!4f13.1!3m3!1m2!1s0x12a0ea7fbff9fd29%3A0x4126de6860416bd9!2sErmita%20de%20Santa%20B%C3%A1rbara%20(Ruinas)!5e0!3m2!1ses!2ses!4v1605885557018!5m2!1ses!2ses\" width=\"600\" height=\"450\" frameborder=\"0\" allowfullscreen=\"allowfullscreen\" aria-hidden=\"false\" src=\"data:image\/svg+xml;base64,PHN2ZyB3aWR0aD0iMSIgaGVpZ2h0PSIxIiB4bWxucz0iaHR0cDovL3d3dy53My5vcmcvMjAwMC9zdmciPjwvc3ZnPg==\" class=\"lazyload\" data-load-mode=\"1\"><\/iframe><\/p>\n<p>\n<\/div><\/div><\/div><\/div><div class=\"kc-elm kc-css-506404 kc_accordion_section group \"><h3 class=\"kc_accordion_header ui-accordion-header\"><span class=\"ui-accordion-header-icon ui-icon\"><\/span><a href=\"#convento-de-sant-salvador-o-convento-de-la-mare-de-deu-dels-angels\" data-prevent=\"scroll\"><i class=\"\"><\/i> Convento de Sant Salvador, o Convento de la Mare de D\u00e9u dels \u00c0ngels <\/a><\/h3><div class=\"kc_accordion_content ui-accordion-content kc_clearfix\"><div class=\"kc-panel-body\"><div class=\"kc-elm kc-css-318676 kc_text_block\"><\/p>\n<p>El Convento de St. Salvador de Horta es un convento franciscano tambi\u00e9n conocido como Sta. Maria de \u00c0ngels, construido al pie del monte de San Salvador, que se levanta al este de Horta de Sant Joan, en la Terra Alta.<br \/>Fue fundado el 1543 y transformado en casa de recoletas el 1576.<br \/>La iglesia se conserva entera y con culto, pero el convento es en ruinas. El 1985 el conjunto de monta\u00f1a y Convento fueron declarados bien cultural de inter\u00e9s nacional.<\/p>\n<p>Arquitect\u00f3nicamente, se trata de una serie de edificios de varias \u00e9pocas, entre los siglos XII y XVII, dispuestos alrededor de un claustro renacentista. La iglesia es un edificio del g\u00f3tico levantado durante el dominio templario de la zona y es precedido de un atrio y ampliado con capillas laterales en el siglo xvii.<br \/>Tiene una sola nave cubierta de una armadura de cabrios y teja que descansa sobre arcos de diafragma y la cabecera forma un \u00e1bside semicircular cubierto de vuelta nervada tardorom\u00e0nica. Es el mejor ejemplo de arquitectura religiosa templaria en Catalu\u00f1a.<\/p>\n<p><strong>Vis\u00edtalo <\/strong><\/p>\n<p><iframe style=\"border: 0;\" tabindex=\"0\" data-src=\"https:\/\/www.google.com\/maps\/embed?pb=!1m18!1m12!1m3!1d3013.1293332133187!2d0.32912731578967996!3d40.95674547930608!2m3!1f0!2f0!3f0!3m2!1i1024!2i768!4f13.1!3m3!1m2!1s0x12a0ea8240a1ce3f%3A0x5127674423bafaaf!2sConvent%20de%20Sant%20Salvador!5e0!3m2!1ses!2ses!4v1605885201621!5m2!1ses!2ses\" width=\"600\" height=\"450\" frameborder=\"0\" allowfullscreen=\"allowfullscreen\" aria-hidden=\"false\" src=\"data:image\/svg+xml;base64,PHN2ZyB3aWR0aD0iMSIgaGVpZ2h0PSIxIiB4bWxucz0iaHR0cDovL3d3dy53My5vcmcvMjAwMC9zdmciPjwvc3ZnPg==\" class=\"lazyload\" data-load-mode=\"1\"><\/iframe><\/p>\n<p>\n<\/div><\/div><\/div><\/div><\/div>\n<\/div><\/div><\/div><\/div><\/section><\/p>\n","protected":false},"excerpt":{"rendered":"","protected":false},"author":1,"featured_media":0,"parent":0,"menu_order":0,"comment_status":"closed","ping_status":"closed","template":"","meta":{"footnotes":""},"yoast_head":"<!-- This site is optimized with the Yoast SEO plugin v24.5 - https:\/\/yoast.com\/wordpress\/plugins\/seo\/ -->\n<title>Iglesias y conventos - Turisme Horta de Sant Joan<\/title>\n<meta name=\"robots\" content=\"index, follow, max-snippet:-1, max-image-preview:large, max-video-preview:-1\" \/>\n<link rel=\"canonical\" href=\"https:\/\/turismehortadesantjoan.cat\/es\/iglesias-y-conventos\" \/>\n<meta property=\"og:locale\" content=\"es_ES\" \/>\n<meta property=\"og:type\" content=\"article\" \/>\n<meta property=\"og:title\" content=\"Iglesias y conventos - Turisme Horta de Sant Joan\" \/>\n<meta property=\"og:description\" content=\"Iglesias y conventos Un patrimoni incalculable Desde los \u00edberos, romanos, \u00e1rabes, templarios, hospitalarios, aragoneses, catalanes, y con los diferentes estilos, rom\u00e1nicos, g\u00f3ticos, renacentistas, barrocos y modernistas han dejado sus obras &hellip; Continue reading Iglesias y conventos &rarr;\" \/>\n<meta property=\"og:url\" content=\"https:\/\/turismehortadesantjoan.cat\/es\/iglesias-y-conventos\" \/>\n<meta property=\"og:site_name\" content=\"Turisme Horta de Sant Joan\" \/>\n<meta property=\"article:modified_time\" content=\"2020-12-12T15:06:46+00:00\" \/>\n<meta property=\"og:image\" content=\"https:\/\/turismehortadesantjoan.cat\/wp-content\/uploads\/2020\/11\/11-500x350xc.jpg\" \/>\n<meta name=\"twitter:card\" content=\"summary_large_image\" \/>\n<meta name=\"twitter:label1\" content=\"Tiempo de lectura\" \/>\n\t<meta name=\"twitter:data1\" content=\"4 minutos\" \/>\n<script type=\"application\/ld+json\" class=\"yoast-schema-graph\">{\"@context\":\"https:\/\/schema.org\",\"@graph\":[{\"@type\":\"WebPage\",\"@id\":\"https:\/\/turismehortadesantjoan.cat\/es\/iglesias-y-conventos\",\"url\":\"https:\/\/turismehortadesantjoan.cat\/es\/iglesias-y-conventos\",\"name\":\"Iglesias y conventos - Turisme Horta de Sant Joan\",\"isPartOf\":{\"@id\":\"http:\/\/turismehortadesantjoan.cat\/es#website\"},\"primaryImageOfPage\":{\"@id\":\"https:\/\/turismehortadesantjoan.cat\/es\/iglesias-y-conventos#primaryimage\"},\"image\":{\"@id\":\"https:\/\/turismehortadesantjoan.cat\/es\/iglesias-y-conventos#primaryimage\"},\"thumbnailUrl\":\"https:\/\/turismehortadesantjoan.cat\/wp-content\/uploads\/2020\/11\/11-500x350xc.jpg\",\"datePublished\":\"2020-11-20T14:37:36+00:00\",\"dateModified\":\"2020-12-12T15:06:46+00:00\",\"breadcrumb\":{\"@id\":\"https:\/\/turismehortadesantjoan.cat\/es\/iglesias-y-conventos#breadcrumb\"},\"inLanguage\":\"es\",\"potentialAction\":[{\"@type\":\"ReadAction\",\"target\":[\"https:\/\/turismehortadesantjoan.cat\/es\/iglesias-y-conventos\"]}]},{\"@type\":\"ImageObject\",\"inLanguage\":\"es\",\"@id\":\"https:\/\/turismehortadesantjoan.cat\/es\/iglesias-y-conventos#primaryimage\",\"url\":\"https:\/\/turismehortadesantjoan.cat\/wp-content\/uploads\/2020\/11\/11-500x350xc.jpg\",\"contentUrl\":\"https:\/\/turismehortadesantjoan.cat\/wp-content\/uploads\/2020\/11\/11-500x350xc.jpg\"},{\"@type\":\"BreadcrumbList\",\"@id\":\"https:\/\/turismehortadesantjoan.cat\/es\/iglesias-y-conventos#breadcrumb\",\"itemListElement\":[{\"@type\":\"ListItem\",\"position\":1,\"name\":\"Inici\",\"item\":\"https:\/\/turismehortadesantjoan.cat\/es\"},{\"@type\":\"ListItem\",\"position\":2,\"name\":\"Iglesias y conventos\"}]},{\"@type\":\"WebSite\",\"@id\":\"http:\/\/turismehortadesantjoan.cat\/es#website\",\"url\":\"http:\/\/turismehortadesantjoan.cat\/es\",\"name\":\"Turisme Horta de Sant Joan\",\"description\":\"\",\"publisher\":{\"@id\":\"http:\/\/turismehortadesantjoan.cat\/es#organization\"},\"potentialAction\":[{\"@type\":\"SearchAction\",\"target\":{\"@type\":\"EntryPoint\",\"urlTemplate\":\"http:\/\/turismehortadesantjoan.cat\/es?s={search_term_string}\"},\"query-input\":{\"@type\":\"PropertyValueSpecification\",\"valueRequired\":true,\"valueName\":\"search_term_string\"}}],\"inLanguage\":\"es\"},{\"@type\":\"Organization\",\"@id\":\"http:\/\/turismehortadesantjoan.cat\/es#organization\",\"name\":\"Turisme Horta de Sant Joan\",\"url\":\"http:\/\/turismehortadesantjoan.cat\/es\",\"logo\":{\"@type\":\"ImageObject\",\"inLanguage\":\"es\",\"@id\":\"http:\/\/turismehortadesantjoan.cat\/es#\/schema\/logo\/image\/\",\"url\":\"https:\/\/turismehortadesantjoan.cat\/wp-content\/uploads\/2017\/10\/cropped-Sin-ti\u0301tulo-2.png\",\"contentUrl\":\"https:\/\/turismehortadesantjoan.cat\/wp-content\/uploads\/2017\/10\/cropped-Sin-ti\u0301tulo-2.png\",\"width\":169,\"height\":40,\"caption\":\"Turisme Horta de Sant Joan\"},\"image\":{\"@id\":\"http:\/\/turismehortadesantjoan.cat\/es#\/schema\/logo\/image\/\"}}]}<\/script>\n<!-- \/ Yoast SEO plugin. -->","yoast_head_json":{"title":"Iglesias y conventos - Turisme Horta de Sant Joan","robots":{"index":"index","follow":"follow","max-snippet":"max-snippet:-1","max-image-preview":"max-image-preview:large","max-video-preview":"max-video-preview:-1"},"canonical":"https:\/\/turismehortadesantjoan.cat\/es\/iglesias-y-conventos","og_locale":"es_ES","og_type":"article","og_title":"Iglesias y conventos - Turisme Horta de Sant Joan","og_description":"Iglesias y conventos Un patrimoni incalculable Desde los \u00edberos, romanos, \u00e1rabes, templarios, hospitalarios, aragoneses, catalanes, y con los diferentes estilos, rom\u00e1nicos, g\u00f3ticos, renacentistas, barrocos y modernistas han dejado sus obras &hellip; Continue reading Iglesias y conventos &rarr;","og_url":"https:\/\/turismehortadesantjoan.cat\/es\/iglesias-y-conventos","og_site_name":"Turisme Horta de Sant Joan","article_modified_time":"2020-12-12T15:06:46+00:00","og_image":[{"url":"https:\/\/turismehortadesantjoan.cat\/wp-content\/uploads\/2020\/11\/11-500x350xc.jpg","type":"","width":"","height":""}],"twitter_card":"summary_large_image","twitter_misc":{"Tiempo de lectura":"4 minutos"},"schema":{"@context":"https:\/\/schema.org","@graph":[{"@type":"WebPage","@id":"https:\/\/turismehortadesantjoan.cat\/es\/iglesias-y-conventos","url":"https:\/\/turismehortadesantjoan.cat\/es\/iglesias-y-conventos","name":"Iglesias y conventos - Turisme Horta de Sant Joan","isPartOf":{"@id":"http:\/\/turismehortadesantjoan.cat\/es#website"},"primaryImageOfPage":{"@id":"https:\/\/turismehortadesantjoan.cat\/es\/iglesias-y-conventos#primaryimage"},"image":{"@id":"https:\/\/turismehortadesantjoan.cat\/es\/iglesias-y-conventos#primaryimage"},"thumbnailUrl":"https:\/\/turismehortadesantjoan.cat\/wp-content\/uploads\/2020\/11\/11-500x350xc.jpg","datePublished":"2020-11-20T14:37:36+00:00","dateModified":"2020-12-12T15:06:46+00:00","breadcrumb":{"@id":"https:\/\/turismehortadesantjoan.cat\/es\/iglesias-y-conventos#breadcrumb"},"inLanguage":"es","potentialAction":[{"@type":"ReadAction","target":["https:\/\/turismehortadesantjoan.cat\/es\/iglesias-y-conventos"]}]},{"@type":"ImageObject","inLanguage":"es","@id":"https:\/\/turismehortadesantjoan.cat\/es\/iglesias-y-conventos#primaryimage","url":"https:\/\/turismehortadesantjoan.cat\/wp-content\/uploads\/2020\/11\/11-500x350xc.jpg","contentUrl":"https:\/\/turismehortadesantjoan.cat\/wp-content\/uploads\/2020\/11\/11-500x350xc.jpg"},{"@type":"BreadcrumbList","@id":"https:\/\/turismehortadesantjoan.cat\/es\/iglesias-y-conventos#breadcrumb","itemListElement":[{"@type":"ListItem","position":1,"name":"Inici","item":"https:\/\/turismehortadesantjoan.cat\/es"},{"@type":"ListItem","position":2,"name":"Iglesias y conventos"}]},{"@type":"WebSite","@id":"http:\/\/turismehortadesantjoan.cat\/es#website","url":"http:\/\/turismehortadesantjoan.cat\/es","name":"Turisme Horta de Sant Joan","description":"","publisher":{"@id":"http:\/\/turismehortadesantjoan.cat\/es#organization"},"potentialAction":[{"@type":"SearchAction","target":{"@type":"EntryPoint","urlTemplate":"http:\/\/turismehortadesantjoan.cat\/es?s={search_term_string}"},"query-input":{"@type":"PropertyValueSpecification","valueRequired":true,"valueName":"search_term_string"}}],"inLanguage":"es"},{"@type":"Organization","@id":"http:\/\/turismehortadesantjoan.cat\/es#organization","name":"Turisme Horta de Sant Joan","url":"http:\/\/turismehortadesantjoan.cat\/es","logo":{"@type":"ImageObject","inLanguage":"es","@id":"http:\/\/turismehortadesantjoan.cat\/es#\/schema\/logo\/image\/","url":"https:\/\/turismehortadesantjoan.cat\/wp-content\/uploads\/2017\/10\/cropped-Sin-ti\u0301tulo-2.png","contentUrl":"https:\/\/turismehortadesantjoan.cat\/wp-content\/uploads\/2017\/10\/cropped-Sin-ti\u0301tulo-2.png","width":169,"height":40,"caption":"Turisme Horta de Sant Joan"},"image":{"@id":"http:\/\/turismehortadesantjoan.cat\/es#\/schema\/logo\/image\/"}}]}},"_links":{"self":[{"href":"https:\/\/turismehortadesantjoan.cat\/es\/wp-json\/wp\/v2\/pages\/13565"}],"collection":[{"href":"https:\/\/turismehortadesantjoan.cat\/es\/wp-json\/wp\/v2\/pages"}],"about":[{"href":"https:\/\/turismehortadesantjoan.cat\/es\/wp-json\/wp\/v2\/types\/page"}],"author":[{"embeddable":true,"href":"https:\/\/turismehortadesantjoan.cat\/es\/wp-json\/wp\/v2\/users\/1"}],"replies":[{"embeddable":true,"href":"https:\/\/turismehortadesantjoan.cat\/es\/wp-json\/wp\/v2\/comments?post=13565"}],"version-history":[{"count":2,"href":"https:\/\/turismehortadesantjoan.cat\/es\/wp-json\/wp\/v2\/pages\/13565\/revisions"}],"predecessor-version":[{"id":13583,"href":"https:\/\/turismehortadesantjoan.cat\/es\/wp-json\/wp\/v2\/pages\/13565\/revisions\/13583"}],"wp:attachment":[{"href":"https:\/\/turismehortadesantjoan.cat\/es\/wp-json\/wp\/v2\/media?parent=13565"}],"curies":[{"name":"wp","href":"https:\/\/api.w.org\/{rel}","templated":true}]}}