{"id":13430,"date":"2020-11-17T19:39:32","date_gmt":"2020-11-17T19:39:32","guid":{"rendered":"http:\/\/turismehortadesantjoan.cat\/les-olles"},"modified":"2020-12-11T22:54:23","modified_gmt":"2020-12-11T22:54:23","slug":"les-olles","status":"publish","type":"page","link":"https:\/\/turismehortadesantjoan.cat\/es\/les-olles","title":{"rendered":"Les Olles"},"content":{"rendered":"<p><section class=\"kc-elm kc-css-865760 kc_row\"><div class=\"kc-row-container  kc-container\"><div class=\"kc-wrap-columns\"><div class=\"kc-elm kc-css-237284 kc_col-sm-12 kc_column kc_col-sm-12\"><div class=\"kc-col-container\"><div class=\"kc-elm kc-css-425194\" style=\"height: 85px; clear: both; width:100%;\"><\/div>\n<div class=\"element-block-heading style-v3\">\n\t<div class=\"wrapper\">\n\t\t<div class=\"inner\">\n\t\t\t\t\t\t<h4 class=\"sub-heading\">Un rinc\u00f3n m\u00e1gico<\/h4>\n\t\t\t\n\t\t\t\t\t\t<h2 class=\"heading\">Las Olles <\/h2>\n\t\t\t\t\t\t\n\t\t\t\t\t<\/div>\n\t<\/div>\n<\/div><div class=\"kc-elm kc-css-725717 kc_row kc_row_inner\"><div class=\"kc-elm kc-css-586935 kc_col-sm-12 kc_column_inner kc_col-sm-12\"><div class=\"kc_wrapper kc-col-inner-container\"><div class=\"kc-elm kc-css-836175\" style=\"height: 184px; clear: both; width:100%;\"><\/div><\/div><\/div><\/div><\/div><\/div><\/div><\/div><\/section><section class=\"kc-elm kc-css-16508 kc_row\"><div class=\"kc-row-container  kc-container\"><div class=\"kc-wrap-columns\"><div class=\"kc-elm kc-css-276898 kc_col-sm-6 kc_column kc_col-sm-6\"><div class=\"kc-col-container\">\n<div class=\"kc-elm kc-css-49056 kc-title-wrap \">\n\n\t<h4 class=\"kc_title\">Las Olles (rio Canaletes)<\/h4>\n<\/div>\n<div class=\"kc-elm kc-css-823155 kc_text_block\"><\/p>\n<p><span class=\"VIiyi\" lang=\"es\"><span class=\"JLqJ4b ChMk0b\" data-language-for-alternatives=\"es\" data-language-to-translate-into=\"ca\" data-phrase-index=\"0\">Las<\/span> <span class=\"JLqJ4b ChMk0b\" data-language-for-alternatives=\"es\" data-language-to-translate-into=\"ca\" data-phrase-index=\"1\">Ollas<\/span><span class=\"JLqJ4b ChMk0b\" data-language-for-alternatives=\"es\" data-language-to-translate-into=\"ca\" data-phrase-index=\"2\">, dentro del<\/span> <span class=\"JLqJ4b ChMk0b\" data-language-for-alternatives=\"es\" data-language-to-translate-into=\"ca\" data-phrase-index=\"3\">t\u00e9rmino municipal<\/span> <span class=\"JLqJ4b ChMk0b\" data-language-for-alternatives=\"es\" data-language-to-translate-into=\"ca\" data-phrase-index=\"4\">de Horta<\/span> <span class=\"JLqJ4b ChMk0b\" data-language-for-alternatives=\"es\" data-language-to-translate-into=\"ca\" data-phrase-index=\"5\">de Sant Joan,<\/span> <span class=\"JLqJ4b ChMk0b\" data-language-for-alternatives=\"es\" data-language-to-translate-into=\"ca\" data-phrase-index=\"6\">son un<\/span> <span class=\"JLqJ4b ChMk0b\" data-language-for-alternatives=\"es\" data-language-to-translate-into=\"ca\" data-phrase-index=\"7\">conjunto de<\/span> <span class=\"JLqJ4b ChMk0b\" data-language-for-alternatives=\"es\" data-language-to-translate-into=\"ca\" data-phrase-index=\"8\">pozas<\/span> <span class=\"JLqJ4b ChMk0b\" data-language-for-alternatives=\"es\" data-language-to-translate-into=\"ca\" data-phrase-index=\"9\">de fuerza<\/span> <span class=\"JLqJ4b ChMk0b\" data-language-for-alternatives=\"es\" data-language-to-translate-into=\"ca\" data-phrase-index=\"10\">profundidad<\/span><span class=\"JLqJ4b ChMk0b\" data-language-for-alternatives=\"es\" data-language-to-translate-into=\"ca\" data-phrase-index=\"11\">, a las que<\/span> <span class=\"JLqJ4b ChMk0b\" data-language-for-alternatives=\"es\" data-language-to-translate-into=\"ca\" data-phrase-index=\"12\">se pueden realizar<\/span> <span class=\"JLqJ4b ChMk0b\" data-language-for-alternatives=\"es\" data-language-to-translate-into=\"ca\" data-phrase-index=\"13\">saltos<\/span> <span class=\"JLqJ4b ChMk0b\" data-language-for-alternatives=\"es\" data-language-to-translate-into=\"ca\" data-phrase-index=\"14\">desde la<\/span> <span class=\"JLqJ4b ChMk0b\" data-language-for-alternatives=\"es\" data-language-to-translate-into=\"ca\" data-phrase-index=\"15\">roca<\/span><span class=\"JLqJ4b ChMk0b\" data-language-for-alternatives=\"es\" data-language-to-translate-into=\"ca\" data-phrase-index=\"16\">,<\/span> <span class=\"JLqJ4b ChMk0b\" data-language-for-alternatives=\"es\" data-language-to-translate-into=\"ca\" data-phrase-index=\"17\">as\u00ed como<\/span> <span class=\"JLqJ4b ChMk0b\" data-language-for-alternatives=\"es\" data-language-to-translate-into=\"ca\" data-phrase-index=\"18\">remontar<\/span> <span class=\"JLqJ4b ChMk0b\" data-language-for-alternatives=\"es\" data-language-to-translate-into=\"ca\" data-phrase-index=\"19\">un peque\u00f1o<\/span> <span class=\"JLqJ4b ChMk0b\" data-language-for-alternatives=\"es\" data-language-to-translate-into=\"ca\" data-phrase-index=\"20\">tramo<\/span> <span class=\"JLqJ4b ChMk0b\" data-language-for-alternatives=\"es\" data-language-to-translate-into=\"ca\" data-phrase-index=\"21\">del r\u00edo Canaletes<\/span><span class=\"JLqJ4b ChMk0b\" data-language-for-alternatives=\"es\" data-language-to-translate-into=\"ca\" data-phrase-index=\"22\">.<\/span> <span class=\"JLqJ4b ChMk0b\" data-language-for-alternatives=\"es\" data-language-to-translate-into=\"ca\" data-phrase-index=\"23\">Se accede<\/span> <span class=\"JLqJ4b ChMk0b\" data-language-for-alternatives=\"es\" data-language-to-translate-into=\"ca\" data-phrase-index=\"24\">desde Horta<\/span> <span class=\"JLqJ4b ChMk0b\" data-language-for-alternatives=\"es\" data-language-to-translate-into=\"ca\" data-phrase-index=\"25\">de San Juan<\/span><span class=\"JLqJ4b ChMk0b\" data-language-for-alternatives=\"es\" data-language-to-translate-into=\"ca\" data-phrase-index=\"26\">,<\/span> <span class=\"JLqJ4b ChMk0b\" data-language-for-alternatives=\"es\" data-language-to-translate-into=\"ca\" data-phrase-index=\"27\">por la ruta<\/span> <span class=\"JLqJ4b ChMk0b\" data-language-for-alternatives=\"es\" data-language-to-translate-into=\"ca\" data-phrase-index=\"28\">que pasa<\/span> <span class=\"JLqJ4b ChMk0b\" data-language-for-alternatives=\"es\" data-language-to-translate-into=\"ca\" data-phrase-index=\"29\">a los pies<\/span> <span class=\"JLqJ4b ChMk0b\" data-language-for-alternatives=\"es\" data-language-to-translate-into=\"ca\" data-phrase-index=\"30\">del convento<\/span> <span class=\"JLqJ4b ChMk0b\" data-language-for-alternatives=\"es\" data-language-to-translate-into=\"ca\" data-phrase-index=\"31\">de San<\/span> <span class=\"JLqJ4b ChMk0b\" data-language-for-alternatives=\"es\" data-language-to-translate-into=\"ca\" data-phrase-index=\"32\">Salvador<\/span><span class=\"JLqJ4b ChMk0b\" data-language-for-alternatives=\"es\" data-language-to-translate-into=\"ca\" data-phrase-index=\"33\">, en la monta\u00f1a<\/span> <span class=\"JLqJ4b ChMk0b\" data-language-for-alternatives=\"es\" data-language-to-translate-into=\"ca\" data-phrase-index=\"34\">de Santa<\/span> <span class=\"JLqJ4b ChMk0b\" data-language-for-alternatives=\"es\" data-language-to-translate-into=\"ca\" data-phrase-index=\"35\">B\u00e1rbara,<\/span> <span class=\"JLqJ4b ChMk0b\" data-language-for-alternatives=\"es\" data-language-to-translate-into=\"ca\" data-phrase-index=\"36\">aunque no<\/span> <span class=\"JLqJ4b ChMk0b\" data-language-for-alternatives=\"es\" data-language-to-translate-into=\"ca\" data-phrase-index=\"37\">hay que<\/span> <span class=\"JLqJ4b ChMk0b\" data-language-for-alternatives=\"es\" data-language-to-translate-into=\"ca\" data-phrase-index=\"38\">tomar el desv\u00edo<\/span> <span class=\"JLqJ4b ChMk0b\" data-language-for-alternatives=\"es\" data-language-to-translate-into=\"ca\" data-phrase-index=\"39\">hacia el<\/span> <span class=\"JLqJ4b ChMk0b\" data-language-for-alternatives=\"es\" data-language-to-translate-into=\"ca\" data-phrase-index=\"40\">convento,<\/span> <span class=\"JLqJ4b ChMk0b\" data-language-for-alternatives=\"es\" data-language-to-translate-into=\"ca\" data-phrase-index=\"41\">sino<\/span> <span class=\"JLqJ4b ChMk0b\" data-language-for-alternatives=\"es\" data-language-to-translate-into=\"ca\" data-phrase-index=\"42\">seguir las<\/span> <span class=\"JLqJ4b ChMk0b\" data-language-for-alternatives=\"es\" data-language-to-translate-into=\"ca\" data-phrase-index=\"43\">se\u00f1alizaciones<\/span> <span class=\"JLqJ4b ChMk0b\" data-language-for-alternatives=\"es\" data-language-to-translate-into=\"ca\" data-phrase-index=\"44\">hacia<\/span> <span class=\"JLqJ4b ChMk0b\" data-language-for-alternatives=\"es\" data-language-to-translate-into=\"ca\" data-phrase-index=\"45\">las Ollas<\/span><span class=\"JLqJ4b ChMk0b\" data-language-for-alternatives=\"es\" data-language-to-translate-into=\"ca\" data-phrase-index=\"46\">.<\/span> <span class=\"JLqJ4b ChMk0b\" data-language-for-alternatives=\"es\" data-language-to-translate-into=\"ca\" data-phrase-index=\"47\">Junto a<\/span> <span class=\"JLqJ4b ChMk0b\" data-language-for-alternatives=\"es\" data-language-to-translate-into=\"ca\" data-phrase-index=\"48\">las pozas<\/span> <span class=\"JLqJ4b ChMk0b\" data-language-for-alternatives=\"es\" data-language-to-translate-into=\"ca\" data-phrase-index=\"49\">hay una<\/span> <span class=\"JLqJ4b ChMk0b\" data-language-for-alternatives=\"es\" data-language-to-translate-into=\"ca\" data-phrase-index=\"50\">zona<\/span> <span class=\"JLqJ4b ChMk0b\" data-language-for-alternatives=\"es\" data-language-to-translate-into=\"ca\" data-phrase-index=\"51\">de aparcamiento<\/span> <span class=\"JLqJ4b ChMk0b\" data-language-for-alternatives=\"es\" data-language-to-translate-into=\"ca\" data-phrase-index=\"52\">y las rocas<\/span> <span class=\"JLqJ4b ChMk0b\" data-language-for-alternatives=\"es\" data-language-to-translate-into=\"ca\" data-phrase-index=\"53\">de<\/span> <span class=\"JLqJ4b ChMk0b\" data-language-for-alternatives=\"es\" data-language-to-translate-into=\"ca\" data-phrase-index=\"54\">los bordes<\/span> <span class=\"JLqJ4b ChMk0b\" data-language-for-alternatives=\"es\" data-language-to-translate-into=\"ca\" data-phrase-index=\"55\">son bastante<\/span> <span class=\"JLqJ4b ChMk0b\" data-language-for-alternatives=\"es\" data-language-to-translate-into=\"ca\" data-phrase-index=\"56\">planas<\/span> <span class=\"JLqJ4b ChMk0b\" data-language-for-alternatives=\"es\" data-language-to-translate-into=\"ca\" data-phrase-index=\"57\">para<\/span> <span class=\"JLqJ4b ChMk0b\" data-language-for-alternatives=\"es\" data-language-to-translate-into=\"ca\" data-phrase-index=\"58\">estirarse<\/span> <span class=\"JLqJ4b ChMk0b\" data-language-for-alternatives=\"es\" data-language-to-translate-into=\"ca\" data-phrase-index=\"59\">la toalla<\/span> <span class=\"JLqJ4b ChMk0b\" data-language-for-alternatives=\"es\" data-language-to-translate-into=\"ca\" data-phrase-index=\"60\">y tomar<\/span> <span class=\"JLqJ4b ChMk0b\" data-language-for-alternatives=\"es\" data-language-to-translate-into=\"ca\" data-phrase-index=\"61\">el sol.<\/span><\/span><\/p>\n<p>\n<\/div><div class=\"kc-image-gallery kc-elm kc-css-828660\">\n<div class=\"kc_image_gallery kc-carousel-image kc-grid \">\n<div class=\"item-grid grid-4\"><img decoding=\"async\" data-src=\"https:\/\/turismehortadesantjoan.cat\/wp-content\/uploads\/2020\/11\/74505530-1-500x300xc.jpg\" alt=\"\" src=\"data:image\/svg+xml;base64,PHN2ZyB3aWR0aD0iMSIgaGVpZ2h0PSIxIiB4bWxucz0iaHR0cDovL3d3dy53My5vcmcvMjAwMC9zdmciPjwvc3ZnPg==\" class=\"lazyload\" style=\"--smush-placeholder-width: 500px; --smush-placeholder-aspect-ratio: 500\/300;\" \/><\/div><div class=\"item-grid grid-4\"><img decoding=\"async\" data-src=\"https:\/\/turismehortadesantjoan.cat\/wp-content\/uploads\/2020\/11\/IMG_2446-scaled-500x300xc.jpg\" alt=\"\" src=\"data:image\/svg+xml;base64,PHN2ZyB3aWR0aD0iMSIgaGVpZ2h0PSIxIiB4bWxucz0iaHR0cDovL3d3dy53My5vcmcvMjAwMC9zdmciPjwvc3ZnPg==\" class=\"lazyload\" style=\"--smush-placeholder-width: 500px; --smush-placeholder-aspect-ratio: 500\/300;\" \/><\/div><div class=\"item-grid grid-4\"><img decoding=\"async\" data-src=\"https:\/\/turismehortadesantjoan.cat\/wp-content\/uploads\/2020\/11\/6279206Master-500x300xc.jpg\" alt=\"\" src=\"data:image\/svg+xml;base64,PHN2ZyB3aWR0aD0iMSIgaGVpZ2h0PSIxIiB4bWxucz0iaHR0cDovL3d3dy53My5vcmcvMjAwMC9zdmciPjwvc3ZnPg==\" class=\"lazyload\" style=\"--smush-placeholder-width: 500px; --smush-placeholder-aspect-ratio: 500\/300;\" \/><\/div><div class=\"item-grid grid-4\"><img decoding=\"async\" data-src=\"https:\/\/turismehortadesantjoan.cat\/wp-content\/uploads\/2020\/11\/1-olles-500x300xc.jpg\" alt=\"\" src=\"data:image\/svg+xml;base64,PHN2ZyB3aWR0aD0iMSIgaGVpZ2h0PSIxIiB4bWxucz0iaHR0cDovL3d3dy53My5vcmcvMjAwMC9zdmciPjwvc3ZnPg==\" class=\"lazyload\" style=\"--smush-placeholder-width: 500px; --smush-placeholder-aspect-ratio: 500\/300;\" \/><\/div><\/div>\n<\/div><\/div><\/div><div class=\"kc-elm kc-css-48534 kc_col-sm-6 kc_column kc_col-sm-6\"><div class=\"kc-col-container\">\n<div class=\"kc-elm kc-css-751663 kc-title-wrap \">\n\n\t<h5 class=\"kc_title\">Como llegar?<\/h5>\n<\/div>\n<div class=\"kc-elm kc-css-897264 kc_text_block\"><\/p>\n<p><span class=\"VIiyi\" lang=\"es\"><span class=\"JLqJ4b ChMk0b\" data-language-for-alternatives=\"es\" data-language-to-translate-into=\"ca\" data-phrase-index=\"0\">Se puede<\/span> <span class=\"JLqJ4b ChMk0b\" data-language-for-alternatives=\"es\" data-language-to-translate-into=\"ca\" data-phrase-index=\"1\">acceder a esta<\/span> <span class=\"JLqJ4b ChMk0b\" data-language-for-alternatives=\"es\" data-language-to-translate-into=\"ca\" data-phrase-index=\"2\">zona de los<\/span> <span class=\"JLqJ4b ChMk0b\" data-language-for-alternatives=\"es\" data-language-to-translate-into=\"ca\" data-phrase-index=\"3\">Puertos<\/span> <span class=\"JLqJ4b ChMk0b\" data-language-for-alternatives=\"es\" data-language-to-translate-into=\"ca\" data-phrase-index=\"4\">desde Tortosa<\/span><span class=\"JLqJ4b ChMk0b\" data-language-for-alternatives=\"es\" data-language-to-translate-into=\"ca\" data-phrase-index=\"5\">,<\/span> <span class=\"JLqJ4b ChMk0b\" data-language-for-alternatives=\"es\" data-language-to-translate-into=\"ca\" data-phrase-index=\"6\">por la C<\/span><span class=\"JLqJ4b ChMk0b\" data-language-for-alternatives=\"es\" data-language-to-translate-into=\"ca\" data-phrase-index=\"7\">-12<\/span><span class=\"JLqJ4b ChMk0b\" data-language-for-alternatives=\"es\" data-language-to-translate-into=\"ca\" data-phrase-index=\"8\">,<\/span> <span class=\"JLqJ4b ChMk0b\" data-language-for-alternatives=\"es\" data-language-to-translate-into=\"ca\" data-phrase-index=\"9\">o desde<\/span> <span class=\"JLqJ4b ChMk0b\" data-language-for-alternatives=\"es\" data-language-to-translate-into=\"ca\" data-phrase-index=\"10\">Gandesa<\/span><span class=\"JLqJ4b ChMk0b\" data-language-for-alternatives=\"es\" data-language-to-translate-into=\"ca\" data-phrase-index=\"11\">,<\/span> <span class=\"JLqJ4b ChMk0b\" data-language-for-alternatives=\"es\" data-language-to-translate-into=\"ca\" data-phrase-index=\"12\">por la<\/span> <span class=\"JLqJ4b ChMk0b\" data-language-for-alternatives=\"es\" data-language-to-translate-into=\"ca\" data-phrase-index=\"13\">carretera<\/span> <span class=\"JLqJ4b ChMk0b\" data-language-for-alternatives=\"es\" data-language-to-translate-into=\"ca\" data-phrase-index=\"14\">de Bot.<\/span> <span class=\"JLqJ4b ChMk0b\" data-language-for-alternatives=\"es\" data-language-to-translate-into=\"ca\" data-phrase-index=\"15\">Para<\/span> <span class=\"JLqJ4b ChMk0b\" data-language-for-alternatives=\"es\" data-language-to-translate-into=\"ca\" data-phrase-index=\"16\">ir a<\/span> <span class=\"JLqJ4b ChMk0b\" data-language-for-alternatives=\"es\" data-language-to-translate-into=\"ca\" data-phrase-index=\"17\">Beceite<\/span> <span class=\"JLqJ4b ChMk0b\" data-language-for-alternatives=\"es\" data-language-to-translate-into=\"ca\" data-phrase-index=\"18\">desde Arnes<\/span> <span class=\"JLqJ4b ChMk0b\" data-language-for-alternatives=\"es\" data-language-to-translate-into=\"ca\" data-phrase-index=\"19\">hay que tomar<\/span> <span class=\"JLqJ4b ChMk0b\" data-language-for-alternatives=\"es\" data-language-to-translate-into=\"ca\" data-phrase-index=\"20\">la A-<\/span><span class=\"JLqJ4b ChMk0b\" data-language-for-alternatives=\"es\" data-language-to-translate-into=\"ca\" data-phrase-index=\"21\">231<\/span> <span class=\"JLqJ4b ChMk0b\" data-language-for-alternatives=\"es\" data-language-to-translate-into=\"ca\" data-phrase-index=\"22\">en direcci\u00f3n a<\/span> <span class=\"JLqJ4b ChMk0b\" data-language-for-alternatives=\"es\" data-language-to-translate-into=\"ca\" data-phrase-index=\"23\">Valderrobres<\/span><span class=\"JLqJ4b ChMk0b\" data-language-for-alternatives=\"es\" data-language-to-translate-into=\"ca\" data-phrase-index=\"24\">.<\/span> <span class=\"JLqJ4b ChMk0b\" data-language-for-alternatives=\"es\" data-language-to-translate-into=\"ca\" data-phrase-index=\"26\">Web<\/span> <span class=\"JLqJ4b ChMk0b\" data-language-for-alternatives=\"es\" data-language-to-translate-into=\"ca\" data-phrase-index=\"27\">oficial<\/span> <span class=\"JLqJ4b ChMk0b\" data-language-for-alternatives=\"es\" data-language-to-translate-into=\"ca\" data-phrase-index=\"28\">de la Terra Alta<\/span><span class=\"JLqJ4b ChMk0b\" data-language-for-alternatives=\"es\" data-language-to-translate-into=\"ca\" data-phrase-index=\"29\">:<\/span><\/span><\/p>\n<p><b>\u00a0<a title=\"\" href=\"http:\/\/www.terra-alta.org\" target=\"_blank\" rel=\"noopener\">www.terra-alta.org<\/a><\/b><\/p>\n<p><strong>\u00a0<\/strong><\/p>\n<p>\n<\/div><div class=\"kc-elm kc-css-197288 kc_google_maps kc_shortcode\" data-wheel=\"disable\"><div style=\"height: 350px\" class=\"kc-google-maps\"><iframe data-src=\"https:\/\/www.google.com\/maps\/embed?pb=!1m18!1m12!1m3!1d24096.355845155143!2d0.3392177096569947!3d40.980506825412974!2m3!1f0!2f0!3f0!3m2!1i1024!2i768!4f13.1!3m3!1m2!1s0x12a0c19570d6c519%3A0x93e189f101b68cc3!2sLes%20Olles%20del%20Baubo!5e0!3m2!1ses!2ses!4v1605643118669!5m2!1ses!2ses\" width=\"100%\" height=\"350\" frameborder=\"0\" style=\"border:0;\" allowfullscreen=\"\" aria-hidden=\"false\" tabindex=\"0\" src=\"data:image\/svg+xml;base64,PHN2ZyB3aWR0aD0iMSIgaGVpZ2h0PSIxIiB4bWxucz0iaHR0cDovL3d3dy53My5vcmcvMjAwMC9zdmciPjwvc3ZnPg==\" class=\"lazyload\" data-load-mode=\"1\"><\/iframe><\/div><\/div><\/div><\/div><\/div><\/div><\/section><\/p>\n","protected":false},"excerpt":{"rendered":"","protected":false},"author":1,"featured_media":0,"parent":0,"menu_order":0,"comment_status":"closed","ping_status":"closed","template":"","meta":{"footnotes":""},"yoast_head":"<!-- This site is optimized with the Yoast SEO plugin v24.5 - https:\/\/yoast.com\/wordpress\/plugins\/seo\/ -->\n<title>Les Olles - Turisme Horta de Sant Joan<\/title>\n<meta name=\"robots\" content=\"index, follow, max-snippet:-1, max-image-preview:large, max-video-preview:-1\" \/>\n<link rel=\"canonical\" href=\"https:\/\/turismehortadesantjoan.cat\/es\/les-olles\" \/>\n<meta property=\"og:locale\" content=\"es_ES\" \/>\n<meta property=\"og:type\" content=\"article\" \/>\n<meta property=\"og:title\" content=\"Les Olles - Turisme Horta de Sant Joan\" \/>\n<meta property=\"og:description\" content=\"Un rinc\u00f3n m\u00e1gico Las Olles Las Olles (rio Canaletes) Las Ollas, dentro del t\u00e9rmino municipal de Horta de Sant Joan, son un conjunto de pozas de fuerza profundidad, a las &hellip; Continue reading Les Olles &rarr;\" \/>\n<meta property=\"og:url\" content=\"https:\/\/turismehortadesantjoan.cat\/es\/les-olles\" \/>\n<meta property=\"og:site_name\" content=\"Turisme Horta de Sant Joan\" \/>\n<meta property=\"article:modified_time\" content=\"2020-12-11T22:54:23+00:00\" \/>\n<meta property=\"og:image\" content=\"https:\/\/turismehortadesantjoan.cat\/wp-content\/uploads\/2020\/11\/74505530-1-500x300xc.jpg\" \/>\n<meta name=\"twitter:card\" content=\"summary_large_image\" \/>\n<meta name=\"twitter:label1\" content=\"Tiempo de lectura\" \/>\n\t<meta name=\"twitter:data1\" content=\"1 minuto\" \/>\n<script type=\"application\/ld+json\" class=\"yoast-schema-graph\">{\"@context\":\"https:\/\/schema.org\",\"@graph\":[{\"@type\":\"WebPage\",\"@id\":\"https:\/\/turismehortadesantjoan.cat\/es\/les-olles\",\"url\":\"https:\/\/turismehortadesantjoan.cat\/es\/les-olles\",\"name\":\"Les Olles - Turisme Horta de Sant Joan\",\"isPartOf\":{\"@id\":\"http:\/\/turismehortadesantjoan.cat\/es#website\"},\"primaryImageOfPage\":{\"@id\":\"https:\/\/turismehortadesantjoan.cat\/es\/les-olles#primaryimage\"},\"image\":{\"@id\":\"https:\/\/turismehortadesantjoan.cat\/es\/les-olles#primaryimage\"},\"thumbnailUrl\":\"https:\/\/turismehortadesantjoan.cat\/wp-content\/uploads\/2020\/11\/74505530-1-500x300xc.jpg\",\"datePublished\":\"2020-11-17T19:39:32+00:00\",\"dateModified\":\"2020-12-11T22:54:23+00:00\",\"breadcrumb\":{\"@id\":\"https:\/\/turismehortadesantjoan.cat\/es\/les-olles#breadcrumb\"},\"inLanguage\":\"es\",\"potentialAction\":[{\"@type\":\"ReadAction\",\"target\":[\"https:\/\/turismehortadesantjoan.cat\/es\/les-olles\"]}]},{\"@type\":\"ImageObject\",\"inLanguage\":\"es\",\"@id\":\"https:\/\/turismehortadesantjoan.cat\/es\/les-olles#primaryimage\",\"url\":\"https:\/\/turismehortadesantjoan.cat\/wp-content\/uploads\/2020\/11\/74505530-1-500x300xc.jpg\",\"contentUrl\":\"https:\/\/turismehortadesantjoan.cat\/wp-content\/uploads\/2020\/11\/74505530-1-500x300xc.jpg\"},{\"@type\":\"BreadcrumbList\",\"@id\":\"https:\/\/turismehortadesantjoan.cat\/es\/les-olles#breadcrumb\",\"itemListElement\":[{\"@type\":\"ListItem\",\"position\":1,\"name\":\"Inici\",\"item\":\"http:\/\/turismehortadesantjoan.cat\/es\"},{\"@type\":\"ListItem\",\"position\":2,\"name\":\"Les Olles\"}]},{\"@type\":\"WebSite\",\"@id\":\"http:\/\/turismehortadesantjoan.cat\/es#website\",\"url\":\"http:\/\/turismehortadesantjoan.cat\/es\",\"name\":\"Turisme Horta de Sant Joan\",\"description\":\"\",\"publisher\":{\"@id\":\"http:\/\/turismehortadesantjoan.cat\/es#organization\"},\"potentialAction\":[{\"@type\":\"SearchAction\",\"target\":{\"@type\":\"EntryPoint\",\"urlTemplate\":\"http:\/\/turismehortadesantjoan.cat\/es?s={search_term_string}\"},\"query-input\":{\"@type\":\"PropertyValueSpecification\",\"valueRequired\":true,\"valueName\":\"search_term_string\"}}],\"inLanguage\":\"es\"},{\"@type\":\"Organization\",\"@id\":\"http:\/\/turismehortadesantjoan.cat\/es#organization\",\"name\":\"Turisme Horta de Sant Joan\",\"url\":\"http:\/\/turismehortadesantjoan.cat\/es\",\"logo\":{\"@type\":\"ImageObject\",\"inLanguage\":\"es\",\"@id\":\"http:\/\/turismehortadesantjoan.cat\/es#\/schema\/logo\/image\/\",\"url\":\"https:\/\/turismehortadesantjoan.cat\/wp-content\/uploads\/2017\/10\/cropped-Sin-ti\u0301tulo-2.png\",\"contentUrl\":\"https:\/\/turismehortadesantjoan.cat\/wp-content\/uploads\/2017\/10\/cropped-Sin-ti\u0301tulo-2.png\",\"width\":169,\"height\":40,\"caption\":\"Turisme Horta de Sant Joan\"},\"image\":{\"@id\":\"http:\/\/turismehortadesantjoan.cat\/es#\/schema\/logo\/image\/\"}}]}<\/script>\n<!-- \/ Yoast SEO plugin. -->","yoast_head_json":{"title":"Les Olles - Turisme Horta de Sant Joan","robots":{"index":"index","follow":"follow","max-snippet":"max-snippet:-1","max-image-preview":"max-image-preview:large","max-video-preview":"max-video-preview:-1"},"canonical":"https:\/\/turismehortadesantjoan.cat\/es\/les-olles","og_locale":"es_ES","og_type":"article","og_title":"Les Olles - Turisme Horta de Sant Joan","og_description":"Un rinc\u00f3n m\u00e1gico Las Olles Las Olles (rio Canaletes) Las Ollas, dentro del t\u00e9rmino municipal de Horta de Sant Joan, son un conjunto de pozas de fuerza profundidad, a las &hellip; Continue reading Les Olles &rarr;","og_url":"https:\/\/turismehortadesantjoan.cat\/es\/les-olles","og_site_name":"Turisme Horta de Sant Joan","article_modified_time":"2020-12-11T22:54:23+00:00","og_image":[{"url":"https:\/\/turismehortadesantjoan.cat\/wp-content\/uploads\/2020\/11\/74505530-1-500x300xc.jpg","type":"","width":"","height":""}],"twitter_card":"summary_large_image","twitter_misc":{"Tiempo de lectura":"1 minuto"},"schema":{"@context":"https:\/\/schema.org","@graph":[{"@type":"WebPage","@id":"https:\/\/turismehortadesantjoan.cat\/es\/les-olles","url":"https:\/\/turismehortadesantjoan.cat\/es\/les-olles","name":"Les Olles - Turisme Horta de Sant Joan","isPartOf":{"@id":"http:\/\/turismehortadesantjoan.cat\/es#website"},"primaryImageOfPage":{"@id":"https:\/\/turismehortadesantjoan.cat\/es\/les-olles#primaryimage"},"image":{"@id":"https:\/\/turismehortadesantjoan.cat\/es\/les-olles#primaryimage"},"thumbnailUrl":"https:\/\/turismehortadesantjoan.cat\/wp-content\/uploads\/2020\/11\/74505530-1-500x300xc.jpg","datePublished":"2020-11-17T19:39:32+00:00","dateModified":"2020-12-11T22:54:23+00:00","breadcrumb":{"@id":"https:\/\/turismehortadesantjoan.cat\/es\/les-olles#breadcrumb"},"inLanguage":"es","potentialAction":[{"@type":"ReadAction","target":["https:\/\/turismehortadesantjoan.cat\/es\/les-olles"]}]},{"@type":"ImageObject","inLanguage":"es","@id":"https:\/\/turismehortadesantjoan.cat\/es\/les-olles#primaryimage","url":"https:\/\/turismehortadesantjoan.cat\/wp-content\/uploads\/2020\/11\/74505530-1-500x300xc.jpg","contentUrl":"https:\/\/turismehortadesantjoan.cat\/wp-content\/uploads\/2020\/11\/74505530-1-500x300xc.jpg"},{"@type":"BreadcrumbList","@id":"https:\/\/turismehortadesantjoan.cat\/es\/les-olles#breadcrumb","itemListElement":[{"@type":"ListItem","position":1,"name":"Inici","item":"http:\/\/turismehortadesantjoan.cat\/es"},{"@type":"ListItem","position":2,"name":"Les Olles"}]},{"@type":"WebSite","@id":"http:\/\/turismehortadesantjoan.cat\/es#website","url":"http:\/\/turismehortadesantjoan.cat\/es","name":"Turisme Horta de Sant Joan","description":"","publisher":{"@id":"http:\/\/turismehortadesantjoan.cat\/es#organization"},"potentialAction":[{"@type":"SearchAction","target":{"@type":"EntryPoint","urlTemplate":"http:\/\/turismehortadesantjoan.cat\/es?s={search_term_string}"},"query-input":{"@type":"PropertyValueSpecification","valueRequired":true,"valueName":"search_term_string"}}],"inLanguage":"es"},{"@type":"Organization","@id":"http:\/\/turismehortadesantjoan.cat\/es#organization","name":"Turisme Horta de Sant Joan","url":"http:\/\/turismehortadesantjoan.cat\/es","logo":{"@type":"ImageObject","inLanguage":"es","@id":"http:\/\/turismehortadesantjoan.cat\/es#\/schema\/logo\/image\/","url":"https:\/\/turismehortadesantjoan.cat\/wp-content\/uploads\/2017\/10\/cropped-Sin-ti\u0301tulo-2.png","contentUrl":"https:\/\/turismehortadesantjoan.cat\/wp-content\/uploads\/2017\/10\/cropped-Sin-ti\u0301tulo-2.png","width":169,"height":40,"caption":"Turisme Horta de Sant Joan"},"image":{"@id":"http:\/\/turismehortadesantjoan.cat\/es#\/schema\/logo\/image\/"}}]}},"_links":{"self":[{"href":"https:\/\/turismehortadesantjoan.cat\/es\/wp-json\/wp\/v2\/pages\/13430"}],"collection":[{"href":"https:\/\/turismehortadesantjoan.cat\/es\/wp-json\/wp\/v2\/pages"}],"about":[{"href":"https:\/\/turismehortadesantjoan.cat\/es\/wp-json\/wp\/v2\/types\/page"}],"author":[{"embeddable":true,"href":"https:\/\/turismehortadesantjoan.cat\/es\/wp-json\/wp\/v2\/users\/1"}],"replies":[{"embeddable":true,"href":"https:\/\/turismehortadesantjoan.cat\/es\/wp-json\/wp\/v2\/comments?post=13430"}],"version-history":[{"count":1,"href":"https:\/\/turismehortadesantjoan.cat\/es\/wp-json\/wp\/v2\/pages\/13430\/revisions"}],"predecessor-version":[{"id":13432,"href":"https:\/\/turismehortadesantjoan.cat\/es\/wp-json\/wp\/v2\/pages\/13430\/revisions\/13432"}],"wp:attachment":[{"href":"https:\/\/turismehortadesantjoan.cat\/es\/wp-json\/wp\/v2\/media?parent=13430"}],"curies":[{"name":"wp","href":"https:\/\/api.w.org\/{rel}","templated":true}]}}