{"id":13245,"date":"2020-11-16T16:19:14","date_gmt":"2020-11-16T16:19:14","guid":{"rendered":"http:\/\/turismehortadesantjoan.cat\/vegetacioterralata"},"modified":"2020-12-11T19:09:05","modified_gmt":"2020-12-11T19:09:05","slug":"vegetacionterralata","status":"publish","type":"page","link":"https:\/\/turismehortadesantjoan.cat\/es\/vegetacionterralata","title":{"rendered":"Vegetaci\u00f3nTerraAlta"},"content":{"rendered":"<p><section class=\"kc-elm kc-css-982937 kc_row\"><div class=\"kc-row-container  kc-container\"><div class=\"kc-wrap-columns\"><div class=\"kc-elm kc-css-194906 kc_col-sm-12 kc_column kc_col-sm-12\"><div class=\"kc-col-container\"><div class=\"kc-elm kc-css-282501\" style=\"height: 87px; clear: both; width:100%;\"><\/div>\n<div class=\"element-block-heading style-default\">\n\t<div class=\"wrapper\">\n\t\t<div class=\"inner\">\n\t\t\t\t\t\t<h4 class=\"sub-heading\">Terra Alta<\/h4>\n\t\t\t\n\t\t\t\t\t\t<h2 class=\"heading\">Vegetaci\u00f3n<\/h2>\n\t\t\t\t\t\t\n\t\t\t\t\t<\/div>\n\t<\/div>\n<\/div><div class=\"kc-elm kc-css-601710\" style=\"height: 87px; clear: both; width:100%;\"><\/div><div class=\"kc-elm kc-css-321322 kc_text_block\"><\/p>\n<p><span class=\"VIiyi\" lang=\"es\"><span class=\"JLqJ4b\" data-language-for-alternatives=\"es\" data-language-to-translate-into=\"ca\" data-phrase-index=\"0\">Los \u00e1rboles, los arbustos y los bosques cubren casi todos los rincones de la Tierra Alta. La gran cantidad de zonas v\u00edrgenes de edificaci\u00f3n hacen que haya una vegetaci\u00f3n de gran valor ecol\u00f3gico. Antiguamente casi toda la comarca se extend\u00eda de bosques de carrascas, pero actualmente estos una vez cortados han sido sustituidos por pinares de Pino SAPI. Podemos encontrar bosques de ribera que recorren el curso de los r\u00edos y se convierten en los mejores lugares para resguardarse del sol en verano y para disfrutar de los colores del oto\u00f1o. Las laderas de las monta\u00f1as, en cambio, est\u00e1n te\u00f1idos todo el a\u00f1o del verde intenso de las encinas, los robles y los pinos que se aferran con fuerza a la tierra y la roca. La vegetaci\u00f3n en los Puertos es en general de clima mediterr\u00e1neo: pinares de pino negral (pinocha) y de pino rojal, carrascal, brota mediterr\u00e1nea, maquia &#8230; Pero, en determinadas zonas encontramos ambientes muy diferentes en pocas zonas de distancia. Por ejemplo, los hayedos (declaradas Reserva Natural Parcial), una vegetaci\u00f3n propia de clima centroeuropeo. <\/span><\/span><\/p>\n<h3><span class=\"VIiyi\" lang=\"es\"><span class=\"JLqJ4b\" data-language-for-alternatives=\"es\" data-language-to-translate-into=\"ca\" data-phrase-index=\"0\">Ven a respirar aire puro!<\/span><\/span><\/h3>\n<p>\n<\/div><\/div><\/div><\/div><\/div><\/section><section class=\"kc-elm kc-css-211157 kc_row\"><div class=\"kc-row-container  kc-container\"><div class=\"kc-wrap-columns\"><div class=\"kc-elm kc-css-108128 kc_col-sm-4 kc_column kc_col-sm-4\"><div class=\"kc-col-container\"><div class=\"kc-elm kc-css-181970 kc_text_block\"><\/p>\n<h4><strong><span style=\"font-family: Arial, sans-serif;\"><span style=\"font-size: large;\"><span class=\"VIiyi\" lang=\"es\"><span class=\"JLqJ4b ChMk0b\" data-language-for-alternatives=\"es\" data-language-to-translate-into=\"ca\" data-phrase-index=\"0\">El<\/span> <span class=\"JLqJ4b ChMk0b\" data-language-for-alternatives=\"es\" data-language-to-translate-into=\"ca\" data-phrase-index=\"1\">carrascal<\/span><\/span><\/span><\/span><\/strong><\/h4>\n<p>\n<\/div><div class=\"kc_shortcode kc_single_image effect-default\"><img decoding=\"async\" data-src=\"https:\/\/turismehortadesantjoan.cat\/wp-content\/uploads\/2020\/11\/CARRASCAR.jpg\" alt=\"\" src=\"data:image\/svg+xml;base64,PHN2ZyB3aWR0aD0iMSIgaGVpZ2h0PSIxIiB4bWxucz0iaHR0cDovL3d3dy53My5vcmcvMjAwMC9zdmciPjwvc3ZnPg==\" class=\"lazyload\" style=\"--smush-placeholder-width: 244px; --smush-placeholder-aspect-ratio: 244\/207;\" \/><\/div><\/div><\/div><div class=\"kc-elm kc-css-397696 kc_col-sm-4 kc_column kc_col-sm-4\"><div class=\"kc-col-container\"><div class=\"kc-elm kc-css-85943\" style=\"height: 6px; clear: both; width:100%;\"><\/div><div class=\"kc-elm kc-css-872608 kc_text_block\"><\/p>\n<h4><strong><span style=\"font-family: Arial, sans-serif;\"><span style=\"font-size: large;\"><span class=\"VIiyi\" lang=\"es\"><span class=\"JLqJ4b ChMk0b\" data-language-for-alternatives=\"es\" data-language-to-translate-into=\"ca\" data-phrase-index=\"0\">El pinar<\/span> <span class=\"JLqJ4b ChMk0b\" data-language-for-alternatives=\"es\" data-language-to-translate-into=\"ca\" data-phrase-index=\"1\">de pino<\/span> <span class=\"JLqJ4b ChMk0b\" data-language-for-alternatives=\"es\" data-language-to-translate-into=\"ca\" data-phrase-index=\"2\">SAPI<\/span><\/span><\/span><\/span><\/strong><\/h4>\n<p>\n<\/div><div class=\"kc_shortcode kc_single_image effect-default\"><img decoding=\"async\" data-src=\"https:\/\/turismehortadesantjoan.cat\/wp-content\/uploads\/2020\/11\/PINEDA.jpg\" alt=\"\" src=\"data:image\/svg+xml;base64,PHN2ZyB3aWR0aD0iMSIgaGVpZ2h0PSIxIiB4bWxucz0iaHR0cDovL3d3dy53My5vcmcvMjAwMC9zdmciPjwvc3ZnPg==\" class=\"lazyload\" style=\"--smush-placeholder-width: 300px; --smush-placeholder-aspect-ratio: 300\/168;\" \/><\/div><\/div><\/div><div class=\"kc-elm kc-css-996598 kc_col-sm-4 kc_column kc_col-sm-4\"><div class=\"kc-col-container\"><div class=\"kc-elm kc-css-548367\" style=\"height: 6px; clear: both; width:100%;\"><\/div><div class=\"kc-elm kc-css-29244 kc_text_block\"><\/p>\n<h4><span style=\"font-family: Arial, sans-serif;\"><span style=\"font-size: large;\"><span class=\"VIiyi\" lang=\"es\"><span class=\"JLqJ4b ChMk0b\" data-language-for-alternatives=\"es\" data-language-to-translate-into=\"ca\" data-phrase-index=\"0\">Los<\/span> <span class=\"JLqJ4b ChMk0b\" data-language-for-alternatives=\"es\" data-language-to-translate-into=\"ca\" data-phrase-index=\"1\">bosques de<\/span> <span class=\"JLqJ4b ChMk0b\" data-language-for-alternatives=\"es\" data-language-to-translate-into=\"ca\" data-phrase-index=\"2\">ribera<\/span><\/span><\/span><\/span><\/h4>\n<p>\n<\/div><div class=\"kc_shortcode kc_single_image effect-default\"><img decoding=\"async\" data-src=\"https:\/\/turismehortadesantjoan.cat\/wp-content\/uploads\/2020\/11\/baixa-3.jpg\" alt=\"\" src=\"data:image\/svg+xml;base64,PHN2ZyB3aWR0aD0iMSIgaGVpZ2h0PSIxIiB4bWxucz0iaHR0cDovL3d3dy53My5vcmcvMjAwMC9zdmciPjwvc3ZnPg==\" class=\"lazyload\" style=\"--smush-placeholder-width: 301px; --smush-placeholder-aspect-ratio: 301\/168;\" \/><\/div><\/div><\/div><\/div><\/div><\/section><section class=\"kc-elm kc-css-329760 kc_row\"><div class=\"kc-row-container  kc-container\"><div class=\"kc-wrap-columns\"><div class=\"kc-elm kc-css-485557 kc_col-sm-4 kc_column kc_col-sm-4\"><div class=\"kc-col-container\"><div class=\"kc-elm kc-css-863887 kc_text_block\"><\/p>\n<h4><strong><span style=\"font-family: Arial, sans-serif;\"><span style=\"font-size: large;\"><span class=\"VIiyi\" lang=\"es\"><span class=\"JLqJ4b ChMk0b\" data-language-for-alternatives=\"es\" data-language-to-translate-into=\"ca\" data-phrase-index=\"0\">La<\/span> <span class=\"JLqJ4b ChMk0b\" data-language-for-alternatives=\"es\" data-language-to-translate-into=\"ca\" data-phrase-index=\"1\">maquia de carrasca<\/span><\/span><\/span><\/span><\/strong><\/h4>\n<p>\n<\/div><div class=\"kc_shortcode kc_single_image effect-default\"><img decoding=\"async\" data-src=\"https:\/\/turismehortadesantjoan.cat\/wp-content\/uploads\/2020\/11\/opt1254602429i.jpg\" alt=\"\" src=\"data:image\/svg+xml;base64,PHN2ZyB3aWR0aD0iMSIgaGVpZ2h0PSIxIiB4bWxucz0iaHR0cDovL3d3dy53My5vcmcvMjAwMC9zdmciPjwvc3ZnPg==\" class=\"lazyload\" style=\"--smush-placeholder-width: 320px; --smush-placeholder-aspect-ratio: 320\/240;\" \/><\/div><\/div><\/div><div class=\"kc-elm kc-css-527759 kc_col-sm-4 kc_column kc_col-sm-4\"><div class=\"kc-col-container\"><div class=\"kc-elm kc-css-295728 kc_text_block\"><\/p>\n<h4><strong><span style=\"font-family: Arial, sans-serif;\"><span style=\"font-size: large;\"><span class=\"VIiyi\" lang=\"es\"><span class=\"JLqJ4b ChMk0b\" data-language-for-alternatives=\"es\" data-language-to-translate-into=\"ca\" data-phrase-index=\"0\">El matorral de<\/span> <span class=\"JLqJ4b ChMk0b\" data-language-for-alternatives=\"es\" data-language-to-translate-into=\"ca\" data-phrase-index=\"1\">romero<\/span><\/span><\/span><\/span><\/strong><\/h4>\n<p>\n<\/div><div class=\"kc_shortcode kc_single_image effect-default\"><img decoding=\"async\" data-src=\"https:\/\/turismehortadesantjoan.cat\/wp-content\/uploads\/2020\/11\/BROLLAES.jpg\" alt=\"\" src=\"data:image\/svg+xml;base64,PHN2ZyB3aWR0aD0iMSIgaGVpZ2h0PSIxIiB4bWxucz0iaHR0cDovL3d3dy53My5vcmcvMjAwMC9zdmciPjwvc3ZnPg==\" class=\"lazyload\" style=\"--smush-placeholder-width: 583px; --smush-placeholder-aspect-ratio: 583\/380;\" \/><\/div><\/div><\/div><div class=\"kc-elm kc-css-548362 kc_col-sm-4 kc_column kc_col-sm-4\"><div class=\"kc-col-container\"><div class=\"kc-elm kc-css-812354 kc_text_block\"><\/p>\n<h4><strong><span style=\"font-family: Arial, sans-serif;\"><span style=\"font-size: large;\"><span class=\"VIiyi\" lang=\"es\"><span class=\"JLqJ4b ChMk0b\" data-language-for-alternatives=\"es\" data-language-to-translate-into=\"ca\" data-phrase-index=\"0\">Viola<\/span> <span class=\"JLqJ4b ChMk0b\" data-language-for-alternatives=\"es\" data-language-to-translate-into=\"ca\" data-phrase-index=\"1\">de agua<\/span><\/span><\/span><\/span><\/strong><\/h4>\n<p>\n<\/div><div class=\"kc_shortcode kc_single_image effect-default\"><img decoding=\"async\" data-src=\"https:\/\/turismehortadesantjoan.cat\/wp-content\/uploads\/2020\/11\/viola-daigua-01-225x300.jpg\" alt=\"\" src=\"data:image\/svg+xml;base64,PHN2ZyB3aWR0aD0iMSIgaGVpZ2h0PSIxIiB4bWxucz0iaHR0cDovL3d3dy53My5vcmcvMjAwMC9zdmciPjwvc3ZnPg==\" class=\"lazyload\" style=\"--smush-placeholder-width: 225px; --smush-placeholder-aspect-ratio: 225\/300;\" \/><\/div><\/div><\/div><\/div><\/div><\/section><section class=\"kc-elm kc-css-680762 kc_row\"><div class=\"kc-row-container  kc-container\"><div class=\"kc-wrap-columns\"><div class=\"kc-elm kc-css-812788 kc_col-sm-12 kc_column kc_col-sm-12\"><div class=\"kc-col-container\"><div class=\"kc-elm kc-css-675571\" style=\"height: 22px; clear: both; width:100%;\"><\/div>\n<div class=\"element-block-heading style-default\">\n\t<div class=\"wrapper\">\n\t\t<div class=\"inner\">\n\t\t\t\n\t\t\t\t\t\t<h2 class=\"heading\">Sigue descubriendo la Tierra Alta<\/h2>\n\t\t\t\t\t\t\n\t\t\t\t\t<\/div>\n\t<\/div>\n<\/div><\/div><\/div><\/div><\/div><\/section><section class=\"kc-elm kc-css-234380 kc_row\"><div class=\"kc-row-container  kc-container\"><div class=\"kc-wrap-columns\"><div class=\"kc-elm kc-css-993895 kc_col-sm-3 kc_column kc_col-sm-3\"><div class=\"kc-col-container\"><div class=\"kc-elm kc-css-455614\" style=\"height: 55px; clear: both; width:100%;\"><\/div><div class=\"kc_shortcode kc_single_image \"><a  href=\"https:\/\/turismehortadesantjoan.cat\/es\/fauna\" title=\"Fauna\" target=\"_self\"><img decoding=\"async\" data-src=\"https:\/\/turismehortadesantjoan.cat\/wp-content\/uploads\/2020\/11\/cabra-els-ports-scaled.jpg\" alt=\"\" src=\"data:image\/svg+xml;base64,PHN2ZyB3aWR0aD0iMSIgaGVpZ2h0PSIxIiB4bWxucz0iaHR0cDovL3d3dy53My5vcmcvMjAwMC9zdmciPjwvc3ZnPg==\" class=\"lazyload\" style=\"--smush-placeholder-width: 2560px; --smush-placeholder-aspect-ratio: 2560\/1701;\" \/><div class=\"kc-image-overlay\"><i class=\"sl-action-redo\"><\/i><\/div><\/a><\/div><div class=\"kc-elm kc-css-741199\" style=\"height: 26px; clear: both; width:100%;\"><\/div>\n<div class=\"kc-elm kc-css-694647 kc-animated kc-animate-eff-fadeIn\">\n\t<a class=\"\" href=\"https:\/\/turismehortadesantjoan.cat\/es\/fauna\" target=\"_self\" title=\"Fauna\" onclick=\"\">\n\t\t<i class=\"fa-leaf\"><\/i> FAUNA\t<\/a>\n<\/div>\n<\/div><\/div><div class=\"kc-elm kc-css-269580 kc_col-sm-3 kc_column kc_col-sm-3\"><div class=\"kc-col-container\"><div class=\"kc-elm kc-css-454928\" style=\"height: 55px; clear: both; width:100%;\"><\/div><div class=\"kc_shortcode kc_single_image \"><a  href=\"https:\/\/turismehortadesantjoan.cat\/vegetacioterralata\" title=\"Vegetacioterralata\" target=\"_self\"><img decoding=\"async\" data-src=\"https:\/\/turismehortadesantjoan.cat\/wp-content\/uploads\/2020\/11\/905880_856401784400368_1571874429651855450_o.jpg\" alt=\"\" src=\"data:image\/svg+xml;base64,PHN2ZyB3aWR0aD0iMSIgaGVpZ2h0PSIxIiB4bWxucz0iaHR0cDovL3d3dy53My5vcmcvMjAwMC9zdmciPjwvc3ZnPg==\" class=\"lazyload\" style=\"--smush-placeholder-width: 2048px; --smush-placeholder-aspect-ratio: 2048\/1365;\" \/><div class=\"kc-image-overlay\"><i class=\"sl-action-redo\"><\/i><\/div><\/a><\/div><div class=\"kc-elm kc-css-65612\" style=\"height: 26px; clear: both; width:100%;\"><\/div>\n<div class=\"kc-elm kc-css-712477 kc-animated kc-animate-eff-fadeIn\">\n\t<a class=\"\" href=\"https:\/\/turismehortadesantjoan.cat\/vegetacioterralata\" target=\"_self\" title=\"Vegetacioterralata\" onclick=\"\">\n\t\t<i class=\"fa-leaf\"><\/i> VEGETACI\u00d3N\t<\/a>\n<\/div>\n<\/div><\/div><div class=\"kc-elm kc-css-316296 kc_col-sm-3 kc_column kc_col-sm-3\"><div class=\"kc-col-container\"><div class=\"kc-elm kc-css-579978\" style=\"height: 55px; clear: both; width:100%;\"><\/div><div class=\"kc_shortcode kc_single_image \"><a  href=\"https:\/\/turismehortadesantjoan.cat\/es\/paisatgeterralata\" title=\"Paisatgeterralata\" target=\"_self\"><img decoding=\"async\" data-src=\"https:\/\/turismehortadesantjoan.cat\/wp-content\/uploads\/2020\/11\/ports_beseit_parc.jpg\" alt=\"\" src=\"data:image\/svg+xml;base64,PHN2ZyB3aWR0aD0iMSIgaGVpZ2h0PSIxIiB4bWxucz0iaHR0cDovL3d3dy53My5vcmcvMjAwMC9zdmciPjwvc3ZnPg==\" class=\"lazyload\" style=\"--smush-placeholder-width: 800px; --smush-placeholder-aspect-ratio: 800\/531;\" \/><div class=\"kc-image-overlay\"><i class=\"sl-action-redo\"><\/i><\/div><\/a><\/div><div class=\"kc-elm kc-css-355200\" style=\"height: 26px; clear: both; width:100%;\"><\/div>\n<div class=\"kc-elm kc-css-578292 kc-animated kc-animate-eff-fadeIn\">\n\t<a class=\"\" href=\"https:\/\/turismehortadesantjoan.cat\/es\/paisatgeterralata\" target=\"_self\" title=\"Paisatgeterralata\" onclick=\"\">\n\t\t<i class=\"fa-leaf\"><\/i> PAISAJE\t<\/a>\n<\/div>\n<\/div><\/div><div class=\"kc-elm kc-css-960728 kc_col-sm-3 kc_column kc_col-sm-3\"><div class=\"kc-col-container\"><div class=\"kc-elm kc-css-958627\" style=\"height: 55px; clear: both; width:100%;\"><\/div><div class=\"kc_shortcode kc_single_image \"><a  href=\"https:\/\/turismehortadesantjoan.cat\/historiaterralta\" title=\"\" target=\"_self\"><img decoding=\"async\" data-src=\"https:\/\/turismehortadesantjoan.cat\/wp-content\/uploads\/2020\/11\/E07_Rui\u0308nes_del_poble_vell_des_del_carrer_del_Forn_amb_Sant_Pere_al_fons-1-e1605453553387.jpg\" alt=\"\" src=\"data:image\/svg+xml;base64,PHN2ZyB3aWR0aD0iMSIgaGVpZ2h0PSIxIiB4bWxucz0iaHR0cDovL3d3dy53My5vcmcvMjAwMC9zdmciPjwvc3ZnPg==\" class=\"lazyload\" style=\"--smush-placeholder-width: 2048px; --smush-placeholder-aspect-ratio: 2048\/1377;\" \/><div class=\"kc-image-overlay\"><i class=\"sl-action-redo\"><\/i><\/div><\/a><\/div><div class=\"kc-elm kc-css-50501\" style=\"height: 26px; clear: both; width:100%;\"><\/div>\n<div class=\"kc-elm kc-css-429346 kc-animated kc-animate-eff-fadeIn\">\n\t<a class=\"\" href=\"https:\/\/turismehortadesantjoan.cat\/historiaterralta\" target=\"_self\" title=\"\" onclick=\"\">\n\t\t<i class=\"fa-leaf\"><\/i> HISTORIA\t<\/a>\n<\/div>\n<\/div><\/div><\/div><\/div><\/section><\/p>\n","protected":false},"excerpt":{"rendered":"","protected":false},"author":1,"featured_media":0,"parent":0,"menu_order":0,"comment_status":"closed","ping_status":"closed","template":"","meta":{"footnotes":""},"yoast_head":"<!-- This site is optimized with the Yoast SEO plugin v24.5 - https:\/\/yoast.com\/wordpress\/plugins\/seo\/ -->\n<title>Vegetaci\u00f3nTerraAlta - Turisme Horta de Sant Joan<\/title>\n<meta name=\"robots\" content=\"index, follow, max-snippet:-1, max-image-preview:large, max-video-preview:-1\" \/>\n<link rel=\"canonical\" href=\"https:\/\/turismehortadesantjoan.cat\/es\/vegetacionterralata\" \/>\n<meta property=\"og:locale\" content=\"es_ES\" \/>\n<meta property=\"og:type\" content=\"article\" \/>\n<meta property=\"og:title\" content=\"Vegetaci\u00f3nTerraAlta - Turisme Horta de Sant Joan\" \/>\n<meta property=\"og:description\" content=\"Terra Alta Vegetaci\u00f3n Los \u00e1rboles, los arbustos y los bosques cubren casi todos los rincones de la Tierra Alta. La gran cantidad de zonas v\u00edrgenes de edificaci\u00f3n hacen que haya &hellip; Continue reading Vegetaci\u00f3nTerraAlta &rarr;\" \/>\n<meta property=\"og:url\" content=\"https:\/\/turismehortadesantjoan.cat\/es\/vegetacionterralata\" \/>\n<meta property=\"og:site_name\" content=\"Turisme Horta de Sant Joan\" \/>\n<meta property=\"article:modified_time\" content=\"2020-12-11T19:09:05+00:00\" \/>\n<meta property=\"og:image\" content=\"https:\/\/turismehortadesantjoan.cat\/wp-content\/uploads\/2020\/11\/CARRASCAR.jpg\" \/>\n<meta name=\"twitter:card\" content=\"summary_large_image\" \/>\n<meta name=\"twitter:label1\" content=\"Tiempo de lectura\" \/>\n\t<meta name=\"twitter:data1\" content=\"1 minuto\" \/>\n<script type=\"application\/ld+json\" class=\"yoast-schema-graph\">{\"@context\":\"https:\/\/schema.org\",\"@graph\":[{\"@type\":\"WebPage\",\"@id\":\"https:\/\/turismehortadesantjoan.cat\/es\/vegetacionterralata\",\"url\":\"https:\/\/turismehortadesantjoan.cat\/es\/vegetacionterralata\",\"name\":\"Vegetaci\u00f3nTerraAlta - Turisme Horta de Sant Joan\",\"isPartOf\":{\"@id\":\"http:\/\/turismehortadesantjoan.cat\/es#website\"},\"primaryImageOfPage\":{\"@id\":\"https:\/\/turismehortadesantjoan.cat\/es\/vegetacionterralata#primaryimage\"},\"image\":{\"@id\":\"https:\/\/turismehortadesantjoan.cat\/es\/vegetacionterralata#primaryimage\"},\"thumbnailUrl\":\"https:\/\/turismehortadesantjoan.cat\/wp-content\/uploads\/2020\/11\/CARRASCAR.jpg\",\"datePublished\":\"2020-11-16T16:19:14+00:00\",\"dateModified\":\"2020-12-11T19:09:05+00:00\",\"breadcrumb\":{\"@id\":\"https:\/\/turismehortadesantjoan.cat\/es\/vegetacionterralata#breadcrumb\"},\"inLanguage\":\"es\",\"potentialAction\":[{\"@type\":\"ReadAction\",\"target\":[\"https:\/\/turismehortadesantjoan.cat\/es\/vegetacionterralata\"]}]},{\"@type\":\"ImageObject\",\"inLanguage\":\"es\",\"@id\":\"https:\/\/turismehortadesantjoan.cat\/es\/vegetacionterralata#primaryimage\",\"url\":\"https:\/\/turismehortadesantjoan.cat\/wp-content\/uploads\/2020\/11\/CARRASCAR.jpg\",\"contentUrl\":\"https:\/\/turismehortadesantjoan.cat\/wp-content\/uploads\/2020\/11\/CARRASCAR.jpg\"},{\"@type\":\"BreadcrumbList\",\"@id\":\"https:\/\/turismehortadesantjoan.cat\/es\/vegetacionterralata#breadcrumb\",\"itemListElement\":[{\"@type\":\"ListItem\",\"position\":1,\"name\":\"Inici\",\"item\":\"http:\/\/turismehortadesantjoan.cat\/es\"},{\"@type\":\"ListItem\",\"position\":2,\"name\":\"Vegetaci\u00f3nTerraAlta\"}]},{\"@type\":\"WebSite\",\"@id\":\"http:\/\/turismehortadesantjoan.cat\/es#website\",\"url\":\"http:\/\/turismehortadesantjoan.cat\/es\",\"name\":\"Turisme Horta de Sant Joan\",\"description\":\"\",\"publisher\":{\"@id\":\"http:\/\/turismehortadesantjoan.cat\/es#organization\"},\"potentialAction\":[{\"@type\":\"SearchAction\",\"target\":{\"@type\":\"EntryPoint\",\"urlTemplate\":\"http:\/\/turismehortadesantjoan.cat\/es?s={search_term_string}\"},\"query-input\":{\"@type\":\"PropertyValueSpecification\",\"valueRequired\":true,\"valueName\":\"search_term_string\"}}],\"inLanguage\":\"es\"},{\"@type\":\"Organization\",\"@id\":\"http:\/\/turismehortadesantjoan.cat\/es#organization\",\"name\":\"Turisme Horta de Sant Joan\",\"url\":\"http:\/\/turismehortadesantjoan.cat\/es\",\"logo\":{\"@type\":\"ImageObject\",\"inLanguage\":\"es\",\"@id\":\"http:\/\/turismehortadesantjoan.cat\/es#\/schema\/logo\/image\/\",\"url\":\"https:\/\/turismehortadesantjoan.cat\/wp-content\/uploads\/2017\/10\/cropped-Sin-ti\u0301tulo-2.png\",\"contentUrl\":\"https:\/\/turismehortadesantjoan.cat\/wp-content\/uploads\/2017\/10\/cropped-Sin-ti\u0301tulo-2.png\",\"width\":169,\"height\":40,\"caption\":\"Turisme Horta de Sant Joan\"},\"image\":{\"@id\":\"http:\/\/turismehortadesantjoan.cat\/es#\/schema\/logo\/image\/\"}}]}<\/script>\n<!-- \/ Yoast SEO plugin. -->","yoast_head_json":{"title":"Vegetaci\u00f3nTerraAlta - Turisme Horta de Sant Joan","robots":{"index":"index","follow":"follow","max-snippet":"max-snippet:-1","max-image-preview":"max-image-preview:large","max-video-preview":"max-video-preview:-1"},"canonical":"https:\/\/turismehortadesantjoan.cat\/es\/vegetacionterralata","og_locale":"es_ES","og_type":"article","og_title":"Vegetaci\u00f3nTerraAlta - Turisme Horta de Sant Joan","og_description":"Terra Alta Vegetaci\u00f3n Los \u00e1rboles, los arbustos y los bosques cubren casi todos los rincones de la Tierra Alta. La gran cantidad de zonas v\u00edrgenes de edificaci\u00f3n hacen que haya &hellip; Continue reading Vegetaci\u00f3nTerraAlta &rarr;","og_url":"https:\/\/turismehortadesantjoan.cat\/es\/vegetacionterralata","og_site_name":"Turisme Horta de Sant Joan","article_modified_time":"2020-12-11T19:09:05+00:00","og_image":[{"url":"https:\/\/turismehortadesantjoan.cat\/wp-content\/uploads\/2020\/11\/CARRASCAR.jpg","type":"","width":"","height":""}],"twitter_card":"summary_large_image","twitter_misc":{"Tiempo de lectura":"1 minuto"},"schema":{"@context":"https:\/\/schema.org","@graph":[{"@type":"WebPage","@id":"https:\/\/turismehortadesantjoan.cat\/es\/vegetacionterralata","url":"https:\/\/turismehortadesantjoan.cat\/es\/vegetacionterralata","name":"Vegetaci\u00f3nTerraAlta - Turisme Horta de Sant Joan","isPartOf":{"@id":"http:\/\/turismehortadesantjoan.cat\/es#website"},"primaryImageOfPage":{"@id":"https:\/\/turismehortadesantjoan.cat\/es\/vegetacionterralata#primaryimage"},"image":{"@id":"https:\/\/turismehortadesantjoan.cat\/es\/vegetacionterralata#primaryimage"},"thumbnailUrl":"https:\/\/turismehortadesantjoan.cat\/wp-content\/uploads\/2020\/11\/CARRASCAR.jpg","datePublished":"2020-11-16T16:19:14+00:00","dateModified":"2020-12-11T19:09:05+00:00","breadcrumb":{"@id":"https:\/\/turismehortadesantjoan.cat\/es\/vegetacionterralata#breadcrumb"},"inLanguage":"es","potentialAction":[{"@type":"ReadAction","target":["https:\/\/turismehortadesantjoan.cat\/es\/vegetacionterralata"]}]},{"@type":"ImageObject","inLanguage":"es","@id":"https:\/\/turismehortadesantjoan.cat\/es\/vegetacionterralata#primaryimage","url":"https:\/\/turismehortadesantjoan.cat\/wp-content\/uploads\/2020\/11\/CARRASCAR.jpg","contentUrl":"https:\/\/turismehortadesantjoan.cat\/wp-content\/uploads\/2020\/11\/CARRASCAR.jpg"},{"@type":"BreadcrumbList","@id":"https:\/\/turismehortadesantjoan.cat\/es\/vegetacionterralata#breadcrumb","itemListElement":[{"@type":"ListItem","position":1,"name":"Inici","item":"http:\/\/turismehortadesantjoan.cat\/es"},{"@type":"ListItem","position":2,"name":"Vegetaci\u00f3nTerraAlta"}]},{"@type":"WebSite","@id":"http:\/\/turismehortadesantjoan.cat\/es#website","url":"http:\/\/turismehortadesantjoan.cat\/es","name":"Turisme Horta de Sant Joan","description":"","publisher":{"@id":"http:\/\/turismehortadesantjoan.cat\/es#organization"},"potentialAction":[{"@type":"SearchAction","target":{"@type":"EntryPoint","urlTemplate":"http:\/\/turismehortadesantjoan.cat\/es?s={search_term_string}"},"query-input":{"@type":"PropertyValueSpecification","valueRequired":true,"valueName":"search_term_string"}}],"inLanguage":"es"},{"@type":"Organization","@id":"http:\/\/turismehortadesantjoan.cat\/es#organization","name":"Turisme Horta de Sant Joan","url":"http:\/\/turismehortadesantjoan.cat\/es","logo":{"@type":"ImageObject","inLanguage":"es","@id":"http:\/\/turismehortadesantjoan.cat\/es#\/schema\/logo\/image\/","url":"https:\/\/turismehortadesantjoan.cat\/wp-content\/uploads\/2017\/10\/cropped-Sin-ti\u0301tulo-2.png","contentUrl":"https:\/\/turismehortadesantjoan.cat\/wp-content\/uploads\/2017\/10\/cropped-Sin-ti\u0301tulo-2.png","width":169,"height":40,"caption":"Turisme Horta de Sant Joan"},"image":{"@id":"http:\/\/turismehortadesantjoan.cat\/es#\/schema\/logo\/image\/"}}]}},"_links":{"self":[{"href":"https:\/\/turismehortadesantjoan.cat\/es\/wp-json\/wp\/v2\/pages\/13245"}],"collection":[{"href":"https:\/\/turismehortadesantjoan.cat\/es\/wp-json\/wp\/v2\/pages"}],"about":[{"href":"https:\/\/turismehortadesantjoan.cat\/es\/wp-json\/wp\/v2\/types\/page"}],"author":[{"embeddable":true,"href":"https:\/\/turismehortadesantjoan.cat\/es\/wp-json\/wp\/v2\/users\/1"}],"replies":[{"embeddable":true,"href":"https:\/\/turismehortadesantjoan.cat\/es\/wp-json\/wp\/v2\/comments?post=13245"}],"version-history":[{"count":4,"href":"https:\/\/turismehortadesantjoan.cat\/es\/wp-json\/wp\/v2\/pages\/13245\/revisions"}],"predecessor-version":[{"id":13344,"href":"https:\/\/turismehortadesantjoan.cat\/es\/wp-json\/wp\/v2\/pages\/13245\/revisions\/13344"}],"wp:attachment":[{"href":"https:\/\/turismehortadesantjoan.cat\/es\/wp-json\/wp\/v2\/media?parent=13245"}],"curies":[{"name":"wp","href":"https:\/\/api.w.org\/{rel}","templated":true}]}}