{"id":13131,"date":"2020-11-23T13:53:47","date_gmt":"2020-11-23T13:53:47","guid":{"rendered":"http:\/\/turismehortadesantjoan.cat\/activitats-gastronomiques"},"modified":"2021-03-01T20:18:45","modified_gmt":"2021-03-01T20:18:45","slug":"activitats-gastronomiques","status":"publish","type":"page","link":"https:\/\/turismehortadesantjoan.cat\/es\/activitats-gastronomiques","title":{"rendered":"Actividades gastron\u00f3micas"},"content":{"rendered":"<section class=\"kc-elm kc-css-89366 kc_row\"><div class=\"kc-row-container  kc-container\"><div class=\"kc-wrap-columns\"><div class=\"kc-elm kc-css-371593 kc_col-sm-12 kc_column kc_col-sm-12\"><div class=\"kc-col-container\"><div class=\"kc-elm kc-css-772932 kc_text_block\"><\/p>\n<style type=\"text\/css\">@media only screen and (min-width: 1000px) and (max-width: 5000px){body.kc-css-system .kc-css-967207{width: 50%;}body.kc-css-system .kc-css-2453350{width: 50%;}body.kc-css-system .kc-css-42354{width: 25%;}body.kc-css-system .kc-css-3323346{width: 25%;}body.kc-css-system .kc-css-3893530{width: 25%;}body.kc-css-system .kc-css-3934057{width: 25%;}}body.kc-css-system .kc-css-722950{text-align: center;}body.kc-css-system .kc-css-2404742{text-align: center;}body.kc-css-system .kc-css-2410909{text-align: center;}body.kc-css-system .kc-css-620013{text-align: center;}<\/style>\n<section class=\"kc-elm kc-css-1792867 kc_row\">\n<div class=\"kc-row-container kc-container\">\n<div class=\"kc-wrap-columns\">\n<div class=\"kc-elm kc-css-967207 kc_col-sm-6 kc_column kc_col-sm-6\">\n<div class=\"kc-col-container\">\n<div class=\"kc-elm kc-css-4150869\" style=\"height: 103px; clear: both; width: 100%;\"><\/div>\n<div class=\"kc-elm kc-css-1170683 kc_text_block\">\n<h2>Conoce la gastronom\u00eda de la Terra Alta<\/h2>\n<\/div>\n<div class=\"kc-elm kc-css-1890168\" style=\"height: 20px; clear: both; width: 100%;\"><\/div>\n<div class=\"kc-elm kc-css-337457 kc_text_block\">La denominaci\u00f3n de la Terra Alta exige una buena comida, por este<br \/>\nmotivo, durante todo el a\u00f1o se celebran varias ferias y actividades<br \/>\ngastron\u00f3micas, comidas populares y degustaciones.<br \/>\nLa comarca dispone de una plataforma donde la Asociaci\u00f3n de Turismo Rural de la Terra Alta pretende difundir los atractivos, eventos y las caracter\u00edsticas de la cocina local.<\/div>\n<\/div>\n<\/div>\n<div class=\"kc-elm kc-css-2453350 kc_col-sm-6 kc_column kc_col-sm-6\">\n<div class=\"kc-col-container\">\n<div class=\"kc-elm kc-css-3461020\" style=\"height: 103px; clear: both; width: 100%;\"><\/div>\n<div class=\"kc_shortcode kc_single_image effect-default\"><img decoding=\"async\" data-src=\"https:\/\/turismehortadesantjoan.cat\/wp-content\/uploads\/2020\/11\/pexels-rene-asmussen-3217156-scaled.jpg\" alt=\"\" src=\"data:image\/svg+xml;base64,PHN2ZyB3aWR0aD0iMSIgaGVpZ2h0PSIxIiB4bWxucz0iaHR0cDovL3d3dy53My5vcmcvMjAwMC9zdmciPjwvc3ZnPg==\" class=\"lazyload\" style=\"--smush-placeholder-width: 2560px; --smush-placeholder-aspect-ratio: 2560\/1707;\" \/><\/div>\n<div class=\"kc-elm kc-css-624799\" style=\"height: 103px; clear: both; width: 100%;\"><\/div>\n<\/div>\n<\/div>\n<\/div>\n<\/div>\n<\/section>\n<section class=\"kc-elm kc-css-3148638 kc_row\">\n<div class=\"kc-row-container kc-container\">\n<div class=\"kc-wrap-columns\">\n<div class=\"kc-elm kc-css-79419 kc_col-sm-12 kc_column kc_col-sm-12\">\n<div class=\"kc-col-container\">\n<div class=\"kc-elm kc-css-2958863 kc_text_block\">\n<h3>Eventos gastron\u00f3micos<\/h3>\n<\/div>\n<\/div>\n<\/div>\n<\/div>\n<\/div>\n<\/section>\n<section class=\"kc-elm kc-css-3332981 kc_row\">\n<div class=\"kc-row-container kc-container\">\n<div class=\"kc-wrap-columns\">\n<div class=\"kc-elm kc-css-42354 kc_col-sm-3 kc_column kc_col-sm-3\">\n<div class=\"kc-col-container\">\n<div class=\"kc_shortcode kc_single_image effect-default\"><img decoding=\"async\" data-src=\"https:\/\/turismehortadesantjoan.cat\/wp-content\/uploads\/2020\/11\/pexels-cottonbro-5018987-scaled-400x400xc.jpg\" alt=\"\" src=\"data:image\/svg+xml;base64,PHN2ZyB3aWR0aD0iMSIgaGVpZ2h0PSIxIiB4bWxucz0iaHR0cDovL3d3dy53My5vcmcvMjAwMC9zdmciPjwvc3ZnPg==\" class=\"lazyload\" style=\"--smush-placeholder-width: 400px; --smush-placeholder-aspect-ratio: 400\/400;\" \/><\/div>\n<div class=\"kc-elm kc-css-2501456\" style=\"height: 20px; clear: both; width: 100%;\"><\/div>\n<div class=\"kc-elm kc-css-722950\"><a class=\"\" title=\"\" href=\"http:\/\/terra-alta.org\/enoturisme-2\/?lang=es\" target=\"_self\" rel=\"noopener noreferrer\"><br \/>\nEnoturismo <\/a><\/div>\n<div class=\"kc-elm kc-css-3039709\" style=\"height: 49px; clear: both; width: 100%;\"><\/div>\n<\/div>\n<\/div>\n<div class=\"kc-elm kc-css-3323346 kc_col-sm-3 kc_column kc_col-sm-3\">\n<div class=\"kc-col-container\">\n<div class=\"kc_shortcode kc_single_image effect-default\"><img decoding=\"async\" data-src=\"https:\/\/turismehortadesantjoan.cat\/wp-content\/uploads\/2020\/11\/pexels-dana-tentis-301539-400x400xc.jpg\" alt=\"\" src=\"data:image\/svg+xml;base64,PHN2ZyB3aWR0aD0iMSIgaGVpZ2h0PSIxIiB4bWxucz0iaHR0cDovL3d3dy53My5vcmcvMjAwMC9zdmciPjwvc3ZnPg==\" class=\"lazyload\" style=\"--smush-placeholder-width: 400px; --smush-placeholder-aspect-ratio: 400\/400;\" \/><\/div>\n<div class=\"kc-elm kc-css-3163862\" style=\"height: 20px; clear: both; width: 100%;\"><\/div>\n<div class=\"kc-elm kc-css-2404742\"><a class=\"\" title=\"\" href=\"http:\/\/terra-alta.org\/oleoturisme\/?lang=es\" target=\"_self\" rel=\"noopener noreferrer\"><br \/>\nOleoturismo <\/a><\/div>\n<div class=\"kc-elm kc-css-3337956\" style=\"height: 49px; clear: both; width: 100%;\"><\/div>\n<\/div>\n<\/div>\n<div class=\"kc-elm kc-css-3893530 kc_col-sm-3 kc_column kc_col-sm-3\">\n<div class=\"kc-col-container\">\n<div class=\"kc_shortcode kc_single_image effect-default\"><img decoding=\"async\" data-src=\"https:\/\/turismehortadesantjoan.cat\/wp-content\/uploads\/2020\/11\/picasso_420-400x400xc.jpg\" alt=\"\" src=\"data:image\/svg+xml;base64,PHN2ZyB3aWR0aD0iMSIgaGVpZ2h0PSIxIiB4bWxucz0iaHR0cDovL3d3dy53My5vcmcvMjAwMC9zdmciPjwvc3ZnPg==\" class=\"lazyload\" style=\"--smush-placeholder-width: 400px; --smush-placeholder-aspect-ratio: 400\/400;\" \/><\/div>\n<div class=\"kc-elm kc-css-2477341\" style=\"height: 20px; clear: both; width: 100%;\"><\/div>\n<div class=\"kc-elm kc-css-2410909\"><a class=\"\" title=\"\" href=\"https:\/\/www.facebook.com\/Mes-picassi\u00e0-a-Horta-112588506955970\/\" target=\"_self\" rel=\"noopener noreferrer\"><br \/>\nEl mes Picassi\u00e0 <\/a><\/div>\n<div class=\"kc-elm kc-css-2341410\" style=\"height: 49px; clear: both; width: 100%;\"><\/div>\n<\/div>\n<\/div>\n<div class=\"kc-elm kc-css-3934057 kc_col-sm-3 kc_column kc_col-sm-3\">\n<div class=\"kc-col-container\">\n<div class=\"kc_shortcode kc_single_image effect-default\"><img decoding=\"async\" data-src=\"https:\/\/turismehortadesantjoan.cat\/wp-content\/uploads\/2020\/11\/pexels-josh-hild-3082267-scaled-400x400xc.jpg\" alt=\"\" src=\"data:image\/svg+xml;base64,PHN2ZyB3aWR0aD0iMSIgaGVpZ2h0PSIxIiB4bWxucz0iaHR0cDovL3d3dy53My5vcmcvMjAwMC9zdmciPjwvc3ZnPg==\" class=\"lazyload\" style=\"--smush-placeholder-width: 400px; --smush-placeholder-aspect-ratio: 400\/400;\" \/><\/div>\n<div class=\"kc-elm kc-css-453339\" style=\"height: 20px; clear: both; width: 100%;\"><\/div>\n<div class=\"kc-elm kc-css-620013\"><a class=\"\" href=\"https:\/\/turismehortadesantjoan.cat\/es\/fira-dolca-tardor\"><br \/>\nFira Dol\u00e7a Tardor <\/a><\/div>\n<div class=\"kc-elm kc-css-179265\" style=\"height: 49px; clear: both; width: 100%;\"><\/div>\n<\/div>\n<\/div>\n<\/div>\n<\/div>\n<\/section>\n<p>\n<\/div><\/div><\/div><\/div><\/div><\/section>\n","protected":false},"excerpt":{"rendered":"","protected":false},"author":1,"featured_media":0,"parent":0,"menu_order":0,"comment_status":"closed","ping_status":"closed","template":"","meta":{"footnotes":""},"yoast_head":"<!-- This site is optimized with the Yoast SEO plugin v24.5 - https:\/\/yoast.com\/wordpress\/plugins\/seo\/ -->\n<title>Actividades gastron\u00f3micas - Turisme Horta de Sant Joan<\/title>\n<meta name=\"robots\" content=\"index, follow, max-snippet:-1, max-image-preview:large, max-video-preview:-1\" \/>\n<link rel=\"canonical\" href=\"https:\/\/turismehortadesantjoan.cat\/es\/activitats-gastronomiques\" \/>\n<meta property=\"og:locale\" content=\"es_ES\" \/>\n<meta property=\"og:type\" content=\"article\" \/>\n<meta property=\"og:title\" content=\"Actividades gastron\u00f3micas - Turisme Horta de Sant Joan\" \/>\n<meta property=\"og:description\" content=\"Conoce la gastronom\u00eda de la Terra Alta La denominaci\u00f3n de la Terra Alta exige una buena comida, por este motivo, durante todo el a\u00f1o se celebran varias ferias y actividades &hellip; Continue reading Actividades gastron\u00f3micas &rarr;\" \/>\n<meta property=\"og:url\" content=\"https:\/\/turismehortadesantjoan.cat\/es\/activitats-gastronomiques\" \/>\n<meta property=\"og:site_name\" content=\"Turisme Horta de Sant Joan\" \/>\n<meta property=\"article:modified_time\" content=\"2021-03-01T20:18:45+00:00\" \/>\n<meta property=\"og:image\" content=\"https:\/\/turismehortadesantjoan.cat\/wp-content\/uploads\/2020\/11\/pexels-rene-asmussen-3217156-scaled.jpg\" \/>\n<meta name=\"twitter:card\" content=\"summary_large_image\" \/>\n<script type=\"application\/ld+json\" class=\"yoast-schema-graph\">{\"@context\":\"https:\/\/schema.org\",\"@graph\":[{\"@type\":\"WebPage\",\"@id\":\"https:\/\/turismehortadesantjoan.cat\/es\/activitats-gastronomiques\",\"url\":\"https:\/\/turismehortadesantjoan.cat\/es\/activitats-gastronomiques\",\"name\":\"Actividades gastron\u00f3micas - Turisme Horta de Sant Joan\",\"isPartOf\":{\"@id\":\"http:\/\/turismehortadesantjoan.cat\/es#website\"},\"primaryImageOfPage\":{\"@id\":\"https:\/\/turismehortadesantjoan.cat\/es\/activitats-gastronomiques#primaryimage\"},\"image\":{\"@id\":\"https:\/\/turismehortadesantjoan.cat\/es\/activitats-gastronomiques#primaryimage\"},\"thumbnailUrl\":\"https:\/\/turismehortadesantjoan.cat\/wp-content\/uploads\/2020\/11\/pexels-rene-asmussen-3217156-scaled.jpg\",\"datePublished\":\"2020-11-23T13:53:47+00:00\",\"dateModified\":\"2021-03-01T20:18:45+00:00\",\"breadcrumb\":{\"@id\":\"https:\/\/turismehortadesantjoan.cat\/es\/activitats-gastronomiques#breadcrumb\"},\"inLanguage\":\"es\",\"potentialAction\":[{\"@type\":\"ReadAction\",\"target\":[\"https:\/\/turismehortadesantjoan.cat\/es\/activitats-gastronomiques\"]}]},{\"@type\":\"ImageObject\",\"inLanguage\":\"es\",\"@id\":\"https:\/\/turismehortadesantjoan.cat\/es\/activitats-gastronomiques#primaryimage\",\"url\":\"https:\/\/turismehortadesantjoan.cat\/wp-content\/uploads\/2020\/11\/pexels-rene-asmussen-3217156-scaled.jpg\",\"contentUrl\":\"https:\/\/turismehortadesantjoan.cat\/wp-content\/uploads\/2020\/11\/pexels-rene-asmussen-3217156-scaled.jpg\"},{\"@type\":\"BreadcrumbList\",\"@id\":\"https:\/\/turismehortadesantjoan.cat\/es\/activitats-gastronomiques#breadcrumb\",\"itemListElement\":[{\"@type\":\"ListItem\",\"position\":1,\"name\":\"Inici\",\"item\":\"http:\/\/turismehortadesantjoan.cat\/es\"},{\"@type\":\"ListItem\",\"position\":2,\"name\":\"Actividades gastron\u00f3micas\"}]},{\"@type\":\"WebSite\",\"@id\":\"http:\/\/turismehortadesantjoan.cat\/es#website\",\"url\":\"http:\/\/turismehortadesantjoan.cat\/es\",\"name\":\"Turisme Horta de Sant Joan\",\"description\":\"\",\"publisher\":{\"@id\":\"http:\/\/turismehortadesantjoan.cat\/es#organization\"},\"potentialAction\":[{\"@type\":\"SearchAction\",\"target\":{\"@type\":\"EntryPoint\",\"urlTemplate\":\"http:\/\/turismehortadesantjoan.cat\/es?s={search_term_string}\"},\"query-input\":{\"@type\":\"PropertyValueSpecification\",\"valueRequired\":true,\"valueName\":\"search_term_string\"}}],\"inLanguage\":\"es\"},{\"@type\":\"Organization\",\"@id\":\"http:\/\/turismehortadesantjoan.cat\/es#organization\",\"name\":\"Turisme Horta de Sant Joan\",\"url\":\"http:\/\/turismehortadesantjoan.cat\/es\",\"logo\":{\"@type\":\"ImageObject\",\"inLanguage\":\"es\",\"@id\":\"http:\/\/turismehortadesantjoan.cat\/es#\/schema\/logo\/image\/\",\"url\":\"https:\/\/turismehortadesantjoan.cat\/wp-content\/uploads\/2017\/10\/cropped-Sin-ti\u0301tulo-2.png\",\"contentUrl\":\"https:\/\/turismehortadesantjoan.cat\/wp-content\/uploads\/2017\/10\/cropped-Sin-ti\u0301tulo-2.png\",\"width\":169,\"height\":40,\"caption\":\"Turisme Horta de Sant Joan\"},\"image\":{\"@id\":\"http:\/\/turismehortadesantjoan.cat\/es#\/schema\/logo\/image\/\"}}]}<\/script>\n<!-- \/ Yoast SEO plugin. -->","yoast_head_json":{"title":"Actividades gastron\u00f3micas - Turisme Horta de Sant Joan","robots":{"index":"index","follow":"follow","max-snippet":"max-snippet:-1","max-image-preview":"max-image-preview:large","max-video-preview":"max-video-preview:-1"},"canonical":"https:\/\/turismehortadesantjoan.cat\/es\/activitats-gastronomiques","og_locale":"es_ES","og_type":"article","og_title":"Actividades gastron\u00f3micas - Turisme Horta de Sant Joan","og_description":"Conoce la gastronom\u00eda de la Terra Alta La denominaci\u00f3n de la Terra Alta exige una buena comida, por este motivo, durante todo el a\u00f1o se celebran varias ferias y actividades &hellip; Continue reading Actividades gastron\u00f3micas &rarr;","og_url":"https:\/\/turismehortadesantjoan.cat\/es\/activitats-gastronomiques","og_site_name":"Turisme Horta de Sant Joan","article_modified_time":"2021-03-01T20:18:45+00:00","og_image":[{"url":"https:\/\/turismehortadesantjoan.cat\/wp-content\/uploads\/2020\/11\/pexels-rene-asmussen-3217156-scaled.jpg","type":"","width":"","height":""}],"twitter_card":"summary_large_image","schema":{"@context":"https:\/\/schema.org","@graph":[{"@type":"WebPage","@id":"https:\/\/turismehortadesantjoan.cat\/es\/activitats-gastronomiques","url":"https:\/\/turismehortadesantjoan.cat\/es\/activitats-gastronomiques","name":"Actividades gastron\u00f3micas - Turisme Horta de Sant Joan","isPartOf":{"@id":"http:\/\/turismehortadesantjoan.cat\/es#website"},"primaryImageOfPage":{"@id":"https:\/\/turismehortadesantjoan.cat\/es\/activitats-gastronomiques#primaryimage"},"image":{"@id":"https:\/\/turismehortadesantjoan.cat\/es\/activitats-gastronomiques#primaryimage"},"thumbnailUrl":"https:\/\/turismehortadesantjoan.cat\/wp-content\/uploads\/2020\/11\/pexels-rene-asmussen-3217156-scaled.jpg","datePublished":"2020-11-23T13:53:47+00:00","dateModified":"2021-03-01T20:18:45+00:00","breadcrumb":{"@id":"https:\/\/turismehortadesantjoan.cat\/es\/activitats-gastronomiques#breadcrumb"},"inLanguage":"es","potentialAction":[{"@type":"ReadAction","target":["https:\/\/turismehortadesantjoan.cat\/es\/activitats-gastronomiques"]}]},{"@type":"ImageObject","inLanguage":"es","@id":"https:\/\/turismehortadesantjoan.cat\/es\/activitats-gastronomiques#primaryimage","url":"https:\/\/turismehortadesantjoan.cat\/wp-content\/uploads\/2020\/11\/pexels-rene-asmussen-3217156-scaled.jpg","contentUrl":"https:\/\/turismehortadesantjoan.cat\/wp-content\/uploads\/2020\/11\/pexels-rene-asmussen-3217156-scaled.jpg"},{"@type":"BreadcrumbList","@id":"https:\/\/turismehortadesantjoan.cat\/es\/activitats-gastronomiques#breadcrumb","itemListElement":[{"@type":"ListItem","position":1,"name":"Inici","item":"http:\/\/turismehortadesantjoan.cat\/es"},{"@type":"ListItem","position":2,"name":"Actividades gastron\u00f3micas"}]},{"@type":"WebSite","@id":"http:\/\/turismehortadesantjoan.cat\/es#website","url":"http:\/\/turismehortadesantjoan.cat\/es","name":"Turisme Horta de Sant Joan","description":"","publisher":{"@id":"http:\/\/turismehortadesantjoan.cat\/es#organization"},"potentialAction":[{"@type":"SearchAction","target":{"@type":"EntryPoint","urlTemplate":"http:\/\/turismehortadesantjoan.cat\/es?s={search_term_string}"},"query-input":{"@type":"PropertyValueSpecification","valueRequired":true,"valueName":"search_term_string"}}],"inLanguage":"es"},{"@type":"Organization","@id":"http:\/\/turismehortadesantjoan.cat\/es#organization","name":"Turisme Horta de Sant Joan","url":"http:\/\/turismehortadesantjoan.cat\/es","logo":{"@type":"ImageObject","inLanguage":"es","@id":"http:\/\/turismehortadesantjoan.cat\/es#\/schema\/logo\/image\/","url":"https:\/\/turismehortadesantjoan.cat\/wp-content\/uploads\/2017\/10\/cropped-Sin-ti\u0301tulo-2.png","contentUrl":"https:\/\/turismehortadesantjoan.cat\/wp-content\/uploads\/2017\/10\/cropped-Sin-ti\u0301tulo-2.png","width":169,"height":40,"caption":"Turisme Horta de Sant Joan"},"image":{"@id":"http:\/\/turismehortadesantjoan.cat\/es#\/schema\/logo\/image\/"}}]}},"_links":{"self":[{"href":"https:\/\/turismehortadesantjoan.cat\/es\/wp-json\/wp\/v2\/pages\/13131"}],"collection":[{"href":"https:\/\/turismehortadesantjoan.cat\/es\/wp-json\/wp\/v2\/pages"}],"about":[{"href":"https:\/\/turismehortadesantjoan.cat\/es\/wp-json\/wp\/v2\/types\/page"}],"author":[{"embeddable":true,"href":"https:\/\/turismehortadesantjoan.cat\/es\/wp-json\/wp\/v2\/users\/1"}],"replies":[{"embeddable":true,"href":"https:\/\/turismehortadesantjoan.cat\/es\/wp-json\/wp\/v2\/comments?post=13131"}],"version-history":[{"count":3,"href":"https:\/\/turismehortadesantjoan.cat\/es\/wp-json\/wp\/v2\/pages\/13131\/revisions"}],"predecessor-version":[{"id":14877,"href":"https:\/\/turismehortadesantjoan.cat\/es\/wp-json\/wp\/v2\/pages\/13131\/revisions\/14877"}],"wp:attachment":[{"href":"https:\/\/turismehortadesantjoan.cat\/es\/wp-json\/wp\/v2\/media?parent=13131"}],"curies":[{"name":"wp","href":"https:\/\/api.w.org\/{rel}","templated":true}]}}