{"id":13827,"date":"2020-11-21T18:19:19","date_gmt":"2020-11-21T18:19:19","guid":{"rendered":"http:\/\/turismehortadesantjoan.cat\/meteo"},"modified":"2020-12-13T19:21:52","modified_gmt":"2020-12-13T19:21:52","slug":"meteo","status":"publish","type":"page","link":"https:\/\/turismehortadesantjoan.cat\/en\/meteo","title":{"rendered":"M\u00e9teo"},"content":{"rendered":"<section class=\"kc-elm kc-css-886295 kc_row\"><div class=\"kc-row-container  kc-container\"><div class=\"kc-wrap-columns\"><div class=\"kc-elm kc-css-963969 kc_col-sm-4 kc_column kc_col-sm-4\"><div class=\"kc-col-container\">\n<div class=\"kc-elm kc-css-464140 kc-title-wrap \">\n\n\t<h3 class=\"kc_title\">Predicci\u00f3 diaria general<\/h3>\n<\/div>\n<div class=\"kc-elm kc-css-108148 kc_text_block\"><\/p>\n<p>\nInformaci\u00f3 de la predicci\u00f3 meteorol\u00f2gica general actualitzada diariament per la zona d&#039;Horta de Sant Joan. Si esteu preparant una escapada no dubteu en consular primer el temps. Us esperem!<\/p>\n<p>\n<\/div><div class=\"kc-elm kc-css-144583\" style=\"height: 28px; clear: both; width:100%;\"><\/div>\n<div class=\"kc-elm kc-css-41116\">\n\t<a class=\"\" href=\"https:\/\/www.meteo.cat\/observacions\/xema\/dades?codi=X5\" target=\"_self\" title=\"M\u00e9teo\" onclick=\"\">\n\t\tEstaci\u00f3 autom\u00e0tica Els Ports\t<\/a>\n<\/div>\n<div class=\"kc-elm kc-css-224600\" style=\"height: 28px; clear: both; width:100%;\"><\/div>\n<div class=\"kc-elm kc-css-668938\">\n\t<a class=\"\" href=\"http:\/\/meteomuntanya.cat\/\" target=\"_self\" title=\"M\u00e9teo\" onclick=\"\">\n\t\tPredicci\u00f3 Muntanya\t<\/a>\n<\/div>\n<\/div><\/div><div class=\"kc-elm kc-css-732733 kc_col-sm-4 kc_column kc_col-sm-4\"><div class=\"kc-col-container\"><div class=\"kc-elm kc-css-634093\" style=\"height: 28px; clear: both; width:100%;\"><\/div><div class=\"kc-elm kc-css-128558 widget-area kc-wp-sidebar\"><aside id=\"awesomeweatherwidget-3\" class=\"widget widget-style  clearfix widget_awesomeweatherwidget\"><div id=\"awe-ajax-awesome-weather-horta-de-sant-joan\" class=\"awe-ajax-awesome-weather-horta-de-sant-joan awe-weather-ajax-wrap\" style=\"\"><div class=\"awe-loading\"><i class=\"wi wi-day-sunny\"><\/i><\/div><\/div><script type=\"text\/javascript\"> jQuery(document).ready(function() { awe_ajax_load({\"id\":\"awesome-weather-horta-de-sant-joan\",\"locale\":\"\",\"location\":\"Horta de Sant Joan\",\"owm_city_id\":\"6361314\",\"override_title\":\"\",\"size\":\"wide\",\"units\":\"C\",\"forecast_days\":\"5\",\"hide_stats\":0,\"show_link\":0,\"background\":\"\",\"custom_bg_color\":\"\",\"use_user_location\":0,\"allow_user_to_change\":0,\"show_icons\":0,\"extended_url\":\"\",\"extended_text\":\"\",\"background_by_weather\":1,\"text_color\":\"#ffffff\",\"hide_attribution\":0,\"skip_geolocate\":0,\"latlng\":\"\",\"ajaxurl\":\"https:\\\/\\\/turismehortadesantjoan.cat\\\/wp-admin\\\/admin-ajax.php\",\"via_ajax\":1}); }); <\/script><\/aside><aside id=\"awesomeweatherwidget-4\" class=\"widget widget-style  clearfix widget_awesomeweatherwidget\"><div id=\"awe-ajax-awesome-weather-arnes-es\" class=\"awe-ajax-awesome-weather-arnes-es awe-weather-ajax-wrap\" style=\"\"><div class=\"awe-loading\"><i class=\"wi wi-day-sunny\"><\/i><\/div><\/div><script type=\"text\/javascript\"> jQuery(document).ready(function() { awe_ajax_load({\"id\":\"awesome-weather-arnes-es\",\"locale\":\"\",\"location\":\"Arnes, ES\",\"owm_city_id\":\"6361644\",\"override_title\":\"\",\"size\":\"wide\",\"units\":\"C\",\"forecast_days\":\"5\",\"hide_stats\":0,\"show_link\":0,\"background\":\"\",\"custom_bg_color\":\"\",\"use_user_location\":0,\"allow_user_to_change\":0,\"show_icons\":0,\"extended_url\":\"\",\"extended_text\":\"\",\"background_by_weather\":1,\"text_color\":\"#ffffff\",\"hide_attribution\":0,\"skip_geolocate\":0,\"latlng\":\"\",\"ajaxurl\":\"https:\\\/\\\/turismehortadesantjoan.cat\\\/wp-admin\\\/admin-ajax.php\",\"via_ajax\":1}); }); <\/script><\/aside><\/div><\/div><\/div><div class=\"kc-elm kc-css-850437 kc_col-sm-4 kc_column kc_col-sm-4\"><div class=\"kc-col-container\"><div class=\"kc-elm kc-css-565154\" style=\"height: 28px; clear: both; width:100%;\"><\/div><div class=\"kc-elm kc-css-261989 widget-area kc-wp-sidebar\"><aside id=\"awesomeweatherwidget-5\" class=\"widget  clearfix widget_awesomeweatherwidget\"><div id=\"awe-ajax-awesome-weather-bot-es\" class=\"awe-ajax-awesome-weather-bot-es awe-weather-ajax-wrap\" style=\"\"><div class=\"awe-loading\"><i class=\"wi wi-day-sunny\"><\/i><\/div><\/div><script type=\"text\/javascript\"> jQuery(document).ready(function() { awe_ajax_load({\"id\":\"awesome-weather-bot-es\",\"locale\":\"\",\"location\":\"Bot, ES\",\"owm_city_id\":\"6361275\",\"override_title\":\"\",\"size\":\"wide\",\"units\":\"C\",\"forecast_days\":\"5\",\"hide_stats\":0,\"show_link\":0,\"background\":\"\",\"custom_bg_color\":\"\",\"use_user_location\":0,\"allow_user_to_change\":0,\"show_icons\":0,\"extended_url\":\"\",\"extended_text\":\"\",\"background_by_weather\":1,\"text_color\":\"#ffffff\",\"hide_attribution\":0,\"skip_geolocate\":0,\"latlng\":\"\",\"ajaxurl\":\"https:\\\/\\\/turismehortadesantjoan.cat\\\/wp-admin\\\/admin-ajax.php\",\"via_ajax\":1}); }); <\/script><\/aside><aside id=\"awesomeweatherwidget-6\" class=\"widget  clearfix widget_awesomeweatherwidget\"><div id=\"awe-ajax-awesome-weather-tortosa\" class=\"awe-ajax-awesome-weather-tortosa awe-weather-ajax-wrap\" style=\"\"><div class=\"awe-loading\"><i class=\"wi wi-day-sunny\"><\/i><\/div><\/div><script type=\"text\/javascript\"> jQuery(document).ready(function() { awe_ajax_load({\"id\":\"awesome-weather-tortosa\",\"locale\":\"\",\"location\":\"Tortosa\",\"owm_city_id\":\"6361397\",\"override_title\":\"\",\"size\":\"wide\",\"units\":\"C\",\"forecast_days\":\"5\",\"hide_stats\":0,\"show_link\":0,\"background\":\"\",\"custom_bg_color\":\"\",\"use_user_location\":0,\"allow_user_to_change\":0,\"show_icons\":0,\"extended_url\":\"\",\"extended_text\":\"\",\"background_by_weather\":1,\"text_color\":\"#ffffff\",\"hide_attribution\":0,\"skip_geolocate\":0,\"latlng\":\"\",\"ajaxurl\":\"https:\\\/\\\/turismehortadesantjoan.cat\\\/wp-admin\\\/admin-ajax.php\",\"via_ajax\":1}); }); <\/script><\/aside><\/div><\/div><\/div><\/div><\/div><\/section>\n","protected":false},"excerpt":{"rendered":"","protected":false},"author":1,"featured_media":0,"parent":0,"menu_order":0,"comment_status":"closed","ping_status":"closed","template":"","meta":{"footnotes":""},"yoast_head":"<!-- This site is optimized with the Yoast SEO plugin v24.5 - https:\/\/yoast.com\/wordpress\/plugins\/seo\/ -->\n<title>M\u00e9teo - Turisme Horta de Sant Joan<\/title>\n<meta name=\"robots\" content=\"index, follow, max-snippet:-1, max-image-preview:large, max-video-preview:-1\" \/>\n<link rel=\"canonical\" href=\"https:\/\/turismehortadesantjoan.cat\/en\/meteo\" \/>\n<meta property=\"og:locale\" content=\"en_US\" \/>\n<meta property=\"og:type\" content=\"article\" \/>\n<meta property=\"og:title\" content=\"M\u00e9teo - Turisme Horta de Sant Joan\" \/>\n<meta property=\"og:description\" content=\"Predicci\u00f3 diaria general Informaci\u00f3 de la predicci\u00f3 meteorol\u00f2gica general actualitzada diariament per la zona d&#039;Horta de Sant Joan. Si esteu preparant una escapada no dubteu en consular primer el temps. &hellip; Continue reading M\u00e9teo &rarr;\" \/>\n<meta property=\"og:url\" content=\"https:\/\/turismehortadesantjoan.cat\/en\/meteo\" \/>\n<meta property=\"og:site_name\" content=\"Turisme Horta de Sant Joan\" \/>\n<meta property=\"article:modified_time\" content=\"2020-12-13T19:21:52+00:00\" \/>\n<meta name=\"twitter:card\" content=\"summary_large_image\" \/>\n<script type=\"application\/ld+json\" class=\"yoast-schema-graph\">{\"@context\":\"https:\/\/schema.org\",\"@graph\":[{\"@type\":\"WebPage\",\"@id\":\"https:\/\/turismehortadesantjoan.cat\/en\/meteo\",\"url\":\"https:\/\/turismehortadesantjoan.cat\/en\/meteo\",\"name\":\"M\u00e9teo - Turisme Horta de Sant Joan\",\"isPartOf\":{\"@id\":\"http:\/\/turismehortadesantjoan.cat\/en#website\"},\"datePublished\":\"2020-11-21T18:19:19+00:00\",\"dateModified\":\"2020-12-13T19:21:52+00:00\",\"breadcrumb\":{\"@id\":\"https:\/\/turismehortadesantjoan.cat\/en\/meteo#breadcrumb\"},\"inLanguage\":\"en-US\",\"potentialAction\":[{\"@type\":\"ReadAction\",\"target\":[\"https:\/\/turismehortadesantjoan.cat\/en\/meteo\"]}]},{\"@type\":\"BreadcrumbList\",\"@id\":\"https:\/\/turismehortadesantjoan.cat\/en\/meteo#breadcrumb\",\"itemListElement\":[{\"@type\":\"ListItem\",\"position\":1,\"name\":\"Inici\",\"item\":\"http:\/\/turismehortadesantjoan.cat\/en\"},{\"@type\":\"ListItem\",\"position\":2,\"name\":\"M\u00e9teo\"}]},{\"@type\":\"WebSite\",\"@id\":\"http:\/\/turismehortadesantjoan.cat\/en#website\",\"url\":\"http:\/\/turismehortadesantjoan.cat\/en\",\"name\":\"Turisme Horta de Sant Joan\",\"description\":\"\",\"publisher\":{\"@id\":\"http:\/\/turismehortadesantjoan.cat\/en#organization\"},\"potentialAction\":[{\"@type\":\"SearchAction\",\"target\":{\"@type\":\"EntryPoint\",\"urlTemplate\":\"http:\/\/turismehortadesantjoan.cat\/en?s={search_term_string}\"},\"query-input\":{\"@type\":\"PropertyValueSpecification\",\"valueRequired\":true,\"valueName\":\"search_term_string\"}}],\"inLanguage\":\"en-US\"},{\"@type\":\"Organization\",\"@id\":\"http:\/\/turismehortadesantjoan.cat\/en#organization\",\"name\":\"Turisme Horta de Sant Joan\",\"url\":\"http:\/\/turismehortadesantjoan.cat\/en\",\"logo\":{\"@type\":\"ImageObject\",\"inLanguage\":\"en-US\",\"@id\":\"http:\/\/turismehortadesantjoan.cat\/en#\/schema\/logo\/image\/\",\"url\":\"https:\/\/turismehortadesantjoan.cat\/wp-content\/uploads\/2017\/10\/cropped-Sin-ti\u0301tulo-2.png\",\"contentUrl\":\"https:\/\/turismehortadesantjoan.cat\/wp-content\/uploads\/2017\/10\/cropped-Sin-ti\u0301tulo-2.png\",\"width\":169,\"height\":40,\"caption\":\"Turisme Horta de Sant Joan\"},\"image\":{\"@id\":\"http:\/\/turismehortadesantjoan.cat\/en#\/schema\/logo\/image\/\"}}]}<\/script>\n<!-- \/ Yoast SEO plugin. -->","yoast_head_json":{"title":"M\u00e9teo - Turisme Horta de Sant Joan","robots":{"index":"index","follow":"follow","max-snippet":"max-snippet:-1","max-image-preview":"max-image-preview:large","max-video-preview":"max-video-preview:-1"},"canonical":"https:\/\/turismehortadesantjoan.cat\/en\/meteo","og_locale":"en_US","og_type":"article","og_title":"M\u00e9teo - Turisme Horta de Sant Joan","og_description":"Predicci\u00f3 diaria general Informaci\u00f3 de la predicci\u00f3 meteorol\u00f2gica general actualitzada diariament per la zona d&#039;Horta de Sant Joan. Si esteu preparant una escapada no dubteu en consular primer el temps. &hellip; Continue reading M\u00e9teo &rarr;","og_url":"https:\/\/turismehortadesantjoan.cat\/en\/meteo","og_site_name":"Turisme Horta de Sant Joan","article_modified_time":"2020-12-13T19:21:52+00:00","twitter_card":"summary_large_image","schema":{"@context":"https:\/\/schema.org","@graph":[{"@type":"WebPage","@id":"https:\/\/turismehortadesantjoan.cat\/en\/meteo","url":"https:\/\/turismehortadesantjoan.cat\/en\/meteo","name":"M\u00e9teo - Turisme Horta de Sant Joan","isPartOf":{"@id":"http:\/\/turismehortadesantjoan.cat\/en#website"},"datePublished":"2020-11-21T18:19:19+00:00","dateModified":"2020-12-13T19:21:52+00:00","breadcrumb":{"@id":"https:\/\/turismehortadesantjoan.cat\/en\/meteo#breadcrumb"},"inLanguage":"en-US","potentialAction":[{"@type":"ReadAction","target":["https:\/\/turismehortadesantjoan.cat\/en\/meteo"]}]},{"@type":"BreadcrumbList","@id":"https:\/\/turismehortadesantjoan.cat\/en\/meteo#breadcrumb","itemListElement":[{"@type":"ListItem","position":1,"name":"Inici","item":"http:\/\/turismehortadesantjoan.cat\/en"},{"@type":"ListItem","position":2,"name":"M\u00e9teo"}]},{"@type":"WebSite","@id":"http:\/\/turismehortadesantjoan.cat\/en#website","url":"http:\/\/turismehortadesantjoan.cat\/en","name":"Turisme Horta de Sant Joan","description":"","publisher":{"@id":"http:\/\/turismehortadesantjoan.cat\/en#organization"},"potentialAction":[{"@type":"SearchAction","target":{"@type":"EntryPoint","urlTemplate":"http:\/\/turismehortadesantjoan.cat\/en?s={search_term_string}"},"query-input":{"@type":"PropertyValueSpecification","valueRequired":true,"valueName":"search_term_string"}}],"inLanguage":"en-US"},{"@type":"Organization","@id":"http:\/\/turismehortadesantjoan.cat\/en#organization","name":"Turisme Horta de Sant Joan","url":"http:\/\/turismehortadesantjoan.cat\/en","logo":{"@type":"ImageObject","inLanguage":"en-US","@id":"http:\/\/turismehortadesantjoan.cat\/en#\/schema\/logo\/image\/","url":"https:\/\/turismehortadesantjoan.cat\/wp-content\/uploads\/2017\/10\/cropped-Sin-ti\u0301tulo-2.png","contentUrl":"https:\/\/turismehortadesantjoan.cat\/wp-content\/uploads\/2017\/10\/cropped-Sin-ti\u0301tulo-2.png","width":169,"height":40,"caption":"Turisme Horta de Sant Joan"},"image":{"@id":"http:\/\/turismehortadesantjoan.cat\/en#\/schema\/logo\/image\/"}}]}},"_links":{"self":[{"href":"https:\/\/turismehortadesantjoan.cat\/en\/wp-json\/wp\/v2\/pages\/13827"}],"collection":[{"href":"https:\/\/turismehortadesantjoan.cat\/en\/wp-json\/wp\/v2\/pages"}],"about":[{"href":"https:\/\/turismehortadesantjoan.cat\/en\/wp-json\/wp\/v2\/types\/page"}],"author":[{"embeddable":true,"href":"https:\/\/turismehortadesantjoan.cat\/en\/wp-json\/wp\/v2\/users\/1"}],"replies":[{"embeddable":true,"href":"https:\/\/turismehortadesantjoan.cat\/en\/wp-json\/wp\/v2\/comments?post=13827"}],"version-history":[{"count":1,"href":"https:\/\/turismehortadesantjoan.cat\/en\/wp-json\/wp\/v2\/pages\/13827\/revisions"}],"predecessor-version":[{"id":13834,"href":"https:\/\/turismehortadesantjoan.cat\/en\/wp-json\/wp\/v2\/pages\/13827\/revisions\/13834"}],"wp:attachment":[{"href":"https:\/\/turismehortadesantjoan.cat\/en\/wp-json\/wp\/v2\/media?parent=13827"}],"curies":[{"name":"wp","href":"https:\/\/api.w.org\/{rel}","templated":true}]}}