{"id":13434,"date":"2020-11-17T20:05:12","date_gmt":"2020-11-17T20:05:12","guid":{"rendered":"http:\/\/turismehortadesantjoan.cat\/assut"},"modified":"2020-12-12T10:09:43","modified_gmt":"2020-12-12T10:09:43","slug":"assut","status":"publish","type":"page","link":"https:\/\/turismehortadesantjoan.cat\/en\/assut","title":{"rendered":"Assut"},"content":{"rendered":"<p><section class=\"kc-elm kc-css-734078 kc_row\"><div class=\"kc-row-container  kc-container\"><div class=\"kc-wrap-columns\"><div class=\"kc-elm kc-css-380939 kc_col-sm-12 kc_column kc_col-sm-12\"><div class=\"kc-col-container\"><div class=\"kc-elm kc-css-793696\" style=\"height: 105px; clear: both; width:100%;\"><\/div>\n<div class=\"element-block-heading style-default\">\n\t<div class=\"wrapper\">\n\t\t<div class=\"inner\">\n\t\t\t\n\t\t\t\t\t\t<h2 class=\"heading\">Assut de Lled\u00f3<\/h2>\n\t\t\t\t\t\t\n\t\t\t\t\t<\/div>\n\t<\/div>\n<\/div><div class=\"kc-elm kc-css-743311\" style=\"height: 26px; clear: both; width:100%;\"><\/div><\/div><\/div><\/div><\/div><\/section><section class=\"kc-elm kc-css-219296 kc_row\"><div class=\"kc-row-container  kc-container\"><div class=\"kc-wrap-columns\"><div class=\"kc-elm kc-css-415782 kc_col-sm-6 kc_column kc_col-sm-6\"><div class=\"kc-col-container\"><div class=\"kc-elm kc-css-542759 kc_text_block\"><\/p>\n<p id=\"tw-target-text\" dir=\"ltr\" data-placeholder=\"Traducci\u00f3n\"><span lang=\"ca\"><span class=\"VIiyi\" lang=\"en\"><span class=\"JLqJ4b ChMk0b\" data-language-for-alternatives=\"en\" data-language-to-translate-into=\"ca\" data-phrase-index=\"0\">Perhaps one of the most unknown natural spaces in the region.<\/span> <span class=\"JLqJ4b ChMk0b\" data-language-for-alternatives=\"en\" data-language-to-translate-into=\"ca\" data-phrase-index=\"1\">Between Lled\u00f3 and Arenys de Lled\u00f3 we find<\/span> <span class=\"JLqJ4b ChMk0b\" data-language-for-alternatives=\"en\" data-language-to-translate-into=\"ca\" data-phrase-index=\"3\">this place of great beauty which is the bank of the river Algars, another of the rivers that rise in the Ports and flow into the Ebro.<\/span> <span class=\"JLqJ4b ChMk0b\" data-language-for-alternatives=\"en\" data-language-to-translate-into=\"ca\" data-phrase-index=\"4\">The construction of an ancient irrigation dam has created a large swimming pool, which together with those dug by the river over time, make up a very special place to unwind!<\/span> <span class=\"JLqJ4b ChMk0b\" data-language-for-alternatives=\"en\" data-language-to-translate-into=\"ca\" data-phrase-index=\"5\">If you pay attention and remain silent you can see in action all kinds of wildlife such as river turtles, otters and different types of birds.<\/span><\/span><\/span><\/p>\n<p>\n<\/div><\/div><\/div><div class=\"kc-elm kc-css-786090 kc_col-sm-6 kc_column kc_col-sm-6\"><div class=\"kc-col-container\">\n\n<div class=\"image_fadein_slider kc-elm kc-css-35162 \">\n\t\t<div data-delay=\"3000\" class=\"image_fadein\" data-images=\"12382,12487\">\n\t<img decoding=\"async\" data-src=\"https:\/\/turismehortadesantjoan.cat\/wp-content\/uploads\/2020\/11\/53-500x300xc.jpg\" src=\"data:image\/svg+xml;base64,PHN2ZyB3aWR0aD0iMSIgaGVpZ2h0PSIxIiB4bWxucz0iaHR0cDovL3d3dy53My5vcmcvMjAwMC9zdmciPjwvc3ZnPg==\" class=\"lazyload\" style=\"--smush-placeholder-width: 500px; --smush-placeholder-aspect-ratio: 500\/300;\" \/><img decoding=\"async\" data-src=\"https:\/\/turismehortadesantjoan.cat\/wp-content\/uploads\/2020\/11\/IMG_2504-scaled-500x300xc.jpg\" src=\"data:image\/svg+xml;base64,PHN2ZyB3aWR0aD0iMSIgaGVpZ2h0PSIxIiB4bWxucz0iaHR0cDovL3d3dy53My5vcmcvMjAwMC9zdmciPjwvc3ZnPg==\" class=\"lazyload\" style=\"--smush-placeholder-width: 500px; --smush-placeholder-aspect-ratio: 500\/300;\" \/>\t<\/div>\n<\/div>\n<\/div><\/div><\/div><\/div><\/section><section class=\"kc-elm kc-css-882503 kc_row\"><div class=\"kc-row-container  kc-container\"><div class=\"kc-wrap-columns\"><div class=\"kc-elm kc-css-400879 kc_col-sm-6 kc_column kc_col-sm-6\"><div class=\"kc-col-container\">\n<div class=\"kc-elm kc-css-829510 kc-title-wrap \">\n\n\t<h3 class=\"kc_title\">How to arrive?<\/h3>\n<\/div>\n<div class=\"kc-elm kc-css-544284 kc_text_block\"><\/p>\n<p><span class=\"VIiyi\" lang=\"en\"><span class=\"JLqJ4b ChMk0b\" data-language-for-alternatives=\"en\" data-language-to-translate-into=\"ca\" data-phrase-index=\"0\">To get to the Assut de Lled\u00f3 you have to take the road to Horta de Sant Joan des Arn\u00e9s.<\/span> <span class=\"JLqJ4b ChMk0b\" data-language-for-alternatives=\"en\" data-language-to-translate-into=\"ca\" data-phrase-index=\"1\">We will find on the road a turnoff on the left that indicates Lled\u00f3.<\/span> <span class=\"JLqJ4b ChMk0b\" data-language-for-alternatives=\"en\" data-language-to-translate-into=\"ca\" data-phrase-index=\"2\">Following the road and when you reach the bridge follow the sign that says &#8220;Zona de Banys\".<\/span><\/span><\/p>\n<\/p>\n<div id=\"tw-target\">\n<div id=\"kAz1tf\" class=\"g9WsWb\">\n<p id=\"tw-target-rmn\" class=\"tw-data-placeholder tw-text-small tw-ta\" dir=\"ltr\">\n<\/div>\n<\/div>\n<p id=\"tw-target-text\" dir=\"ltr\" data-placeholder=\"Traducci\u00f3n\"><span lang=\"ca\">\u00a0<\/span><\/p>\n<p>\n<\/div><\/div><\/div><div class=\"kc-elm kc-css-180166 kc_col-sm-6 kc_column kc_col-sm-6\"><div class=\"kc-col-container\"><div class=\"kc-elm kc-css-251273 kc_google_maps kc_shortcode\" data-wheel=\"disable\"><div style=\"height: 350px\" class=\"kc-google-maps\"><iframe data-src=\"https:\/\/www.google.com\/maps\/embed?pb=!1m18!1m12!1m3!1d1383.8586918729634!2d0.27295949301819633!3d40.94070371590368!2m3!1f0!2f0!3f0!3m2!1i1024!2i768!4f13.1!3m3!1m2!1s0x12a0956da121f637%3A0xc2f297ea0738f6d8!2sParada%20ruta%20via%20verde%20Cretas-%20Xerta!5e0!3m2!1ses!2ses!4v1605644838576!5m2!1ses!2ses\" width=\"100%\" height=\"350\" frameborder=\"0\" style=\"border:0;\" allowfullscreen=\"\" aria-hidden=\"false\" tabindex=\"0\" src=\"data:image\/svg+xml;base64,PHN2ZyB3aWR0aD0iMSIgaGVpZ2h0PSIxIiB4bWxucz0iaHR0cDovL3d3dy53My5vcmcvMjAwMC9zdmciPjwvc3ZnPg==\" class=\"lazyload\" data-load-mode=\"1\"><\/iframe><\/div><\/div><\/div><\/div><\/div><\/div><\/section><\/p>\n","protected":false},"excerpt":{"rendered":"","protected":false},"author":1,"featured_media":0,"parent":0,"menu_order":0,"comment_status":"closed","ping_status":"closed","template":"","meta":{"footnotes":""},"yoast_head":"<!-- This site is optimized with the Yoast SEO plugin v24.5 - https:\/\/yoast.com\/wordpress\/plugins\/seo\/ -->\n<title>Assut - Turisme Horta de Sant Joan<\/title>\n<meta name=\"robots\" content=\"index, follow, max-snippet:-1, max-image-preview:large, max-video-preview:-1\" \/>\n<link rel=\"canonical\" href=\"https:\/\/turismehortadesantjoan.cat\/en\/assut\" \/>\n<meta property=\"og:locale\" content=\"en_US\" \/>\n<meta property=\"og:type\" content=\"article\" \/>\n<meta property=\"og:title\" content=\"Assut - Turisme Horta de Sant Joan\" \/>\n<meta property=\"og:description\" content=\"Assut de Lled\u00f3 Perhaps one of the most unknown natural spaces in the region. Between Lled\u00f3 and Arenys de Lled\u00f3 we find this place of great beauty which is the &hellip; Continue reading Assut &rarr;\" \/>\n<meta property=\"og:url\" content=\"https:\/\/turismehortadesantjoan.cat\/en\/assut\" \/>\n<meta property=\"og:site_name\" content=\"Turisme Horta de Sant Joan\" \/>\n<meta property=\"article:modified_time\" content=\"2020-12-12T10:09:43+00:00\" \/>\n<meta property=\"og:image\" content=\"https:\/\/turismehortadesantjoan.cat\/wp-content\/uploads\/2020\/11\/53-500x300xc.jpg\" \/>\n<meta name=\"twitter:card\" content=\"summary_large_image\" \/>\n<meta name=\"twitter:label1\" content=\"Est. reading time\" \/>\n\t<meta name=\"twitter:data1\" content=\"1 minute\" \/>\n<script type=\"application\/ld+json\" class=\"yoast-schema-graph\">{\"@context\":\"https:\/\/schema.org\",\"@graph\":[{\"@type\":\"WebPage\",\"@id\":\"https:\/\/turismehortadesantjoan.cat\/en\/assut\",\"url\":\"https:\/\/turismehortadesantjoan.cat\/en\/assut\",\"name\":\"Assut - Turisme Horta de Sant Joan\",\"isPartOf\":{\"@id\":\"http:\/\/turismehortadesantjoan.cat\/en\/#website\"},\"primaryImageOfPage\":{\"@id\":\"https:\/\/turismehortadesantjoan.cat\/en\/assut#primaryimage\"},\"image\":{\"@id\":\"https:\/\/turismehortadesantjoan.cat\/en\/assut#primaryimage\"},\"thumbnailUrl\":\"https:\/\/turismehortadesantjoan.cat\/wp-content\/uploads\/2020\/11\/53-500x300xc.jpg\",\"datePublished\":\"2020-11-17T20:05:12+00:00\",\"dateModified\":\"2020-12-12T10:09:43+00:00\",\"breadcrumb\":{\"@id\":\"https:\/\/turismehortadesantjoan.cat\/en\/assut#breadcrumb\"},\"inLanguage\":\"en-US\",\"potentialAction\":[{\"@type\":\"ReadAction\",\"target\":[\"https:\/\/turismehortadesantjoan.cat\/en\/assut\"]}]},{\"@type\":\"ImageObject\",\"inLanguage\":\"en-US\",\"@id\":\"https:\/\/turismehortadesantjoan.cat\/en\/assut#primaryimage\",\"url\":\"https:\/\/turismehortadesantjoan.cat\/wp-content\/uploads\/2020\/11\/53-500x300xc.jpg\",\"contentUrl\":\"https:\/\/turismehortadesantjoan.cat\/wp-content\/uploads\/2020\/11\/53-500x300xc.jpg\"},{\"@type\":\"BreadcrumbList\",\"@id\":\"https:\/\/turismehortadesantjoan.cat\/en\/assut#breadcrumb\",\"itemListElement\":[{\"@type\":\"ListItem\",\"position\":1,\"name\":\"Inici\",\"item\":\"http:\/\/turismehortadesantjoan.cat\/en\"},{\"@type\":\"ListItem\",\"position\":2,\"name\":\"Assut\"}]},{\"@type\":\"WebSite\",\"@id\":\"http:\/\/turismehortadesantjoan.cat\/en\/#website\",\"url\":\"http:\/\/turismehortadesantjoan.cat\/en\/\",\"name\":\"Turisme Horta de Sant Joan\",\"description\":\"\",\"publisher\":{\"@id\":\"http:\/\/turismehortadesantjoan.cat\/en\/#organization\"},\"potentialAction\":[{\"@type\":\"SearchAction\",\"target\":{\"@type\":\"EntryPoint\",\"urlTemplate\":\"http:\/\/turismehortadesantjoan.cat\/en\/?s={search_term_string}\"},\"query-input\":{\"@type\":\"PropertyValueSpecification\",\"valueRequired\":true,\"valueName\":\"search_term_string\"}}],\"inLanguage\":\"en-US\"},{\"@type\":\"Organization\",\"@id\":\"http:\/\/turismehortadesantjoan.cat\/en\/#organization\",\"name\":\"Turisme Horta de Sant Joan\",\"url\":\"http:\/\/turismehortadesantjoan.cat\/en\/\",\"logo\":{\"@type\":\"ImageObject\",\"inLanguage\":\"en-US\",\"@id\":\"http:\/\/turismehortadesantjoan.cat\/en\/#\/schema\/logo\/image\/\",\"url\":\"https:\/\/turismehortadesantjoan.cat\/wp-content\/uploads\/2017\/10\/cropped-Sin-ti\u0301tulo-2.png\",\"contentUrl\":\"https:\/\/turismehortadesantjoan.cat\/wp-content\/uploads\/2017\/10\/cropped-Sin-ti\u0301tulo-2.png\",\"width\":169,\"height\":40,\"caption\":\"Turisme Horta de Sant Joan\"},\"image\":{\"@id\":\"http:\/\/turismehortadesantjoan.cat\/en\/#\/schema\/logo\/image\/\"}}]}<\/script>\n<!-- \/ Yoast SEO plugin. -->","yoast_head_json":{"title":"Assut - Turisme Horta de Sant Joan","robots":{"index":"index","follow":"follow","max-snippet":"max-snippet:-1","max-image-preview":"max-image-preview:large","max-video-preview":"max-video-preview:-1"},"canonical":"https:\/\/turismehortadesantjoan.cat\/en\/assut","og_locale":"en_US","og_type":"article","og_title":"Assut - Turisme Horta de Sant Joan","og_description":"Assut de Lled\u00f3 Perhaps one of the most unknown natural spaces in the region. Between Lled\u00f3 and Arenys de Lled\u00f3 we find this place of great beauty which is the &hellip; Continue reading Assut &rarr;","og_url":"https:\/\/turismehortadesantjoan.cat\/en\/assut","og_site_name":"Turisme Horta de Sant Joan","article_modified_time":"2020-12-12T10:09:43+00:00","og_image":[{"url":"https:\/\/turismehortadesantjoan.cat\/wp-content\/uploads\/2020\/11\/53-500x300xc.jpg","type":"","width":"","height":""}],"twitter_card":"summary_large_image","twitter_misc":{"Est. reading time":"1 minute"},"schema":{"@context":"https:\/\/schema.org","@graph":[{"@type":"WebPage","@id":"https:\/\/turismehortadesantjoan.cat\/en\/assut","url":"https:\/\/turismehortadesantjoan.cat\/en\/assut","name":"Assut - Turisme Horta de Sant Joan","isPartOf":{"@id":"http:\/\/turismehortadesantjoan.cat\/en\/#website"},"primaryImageOfPage":{"@id":"https:\/\/turismehortadesantjoan.cat\/en\/assut#primaryimage"},"image":{"@id":"https:\/\/turismehortadesantjoan.cat\/en\/assut#primaryimage"},"thumbnailUrl":"https:\/\/turismehortadesantjoan.cat\/wp-content\/uploads\/2020\/11\/53-500x300xc.jpg","datePublished":"2020-11-17T20:05:12+00:00","dateModified":"2020-12-12T10:09:43+00:00","breadcrumb":{"@id":"https:\/\/turismehortadesantjoan.cat\/en\/assut#breadcrumb"},"inLanguage":"en-US","potentialAction":[{"@type":"ReadAction","target":["https:\/\/turismehortadesantjoan.cat\/en\/assut"]}]},{"@type":"ImageObject","inLanguage":"en-US","@id":"https:\/\/turismehortadesantjoan.cat\/en\/assut#primaryimage","url":"https:\/\/turismehortadesantjoan.cat\/wp-content\/uploads\/2020\/11\/53-500x300xc.jpg","contentUrl":"https:\/\/turismehortadesantjoan.cat\/wp-content\/uploads\/2020\/11\/53-500x300xc.jpg"},{"@type":"BreadcrumbList","@id":"https:\/\/turismehortadesantjoan.cat\/en\/assut#breadcrumb","itemListElement":[{"@type":"ListItem","position":1,"name":"Inici","item":"http:\/\/turismehortadesantjoan.cat\/en"},{"@type":"ListItem","position":2,"name":"Assut"}]},{"@type":"WebSite","@id":"http:\/\/turismehortadesantjoan.cat\/en\/#website","url":"http:\/\/turismehortadesantjoan.cat\/en\/","name":"Turisme Horta de Sant Joan","description":"","publisher":{"@id":"http:\/\/turismehortadesantjoan.cat\/en\/#organization"},"potentialAction":[{"@type":"SearchAction","target":{"@type":"EntryPoint","urlTemplate":"http:\/\/turismehortadesantjoan.cat\/en\/?s={search_term_string}"},"query-input":{"@type":"PropertyValueSpecification","valueRequired":true,"valueName":"search_term_string"}}],"inLanguage":"en-US"},{"@type":"Organization","@id":"http:\/\/turismehortadesantjoan.cat\/en\/#organization","name":"Turisme Horta de Sant Joan","url":"http:\/\/turismehortadesantjoan.cat\/en\/","logo":{"@type":"ImageObject","inLanguage":"en-US","@id":"http:\/\/turismehortadesantjoan.cat\/en\/#\/schema\/logo\/image\/","url":"https:\/\/turismehortadesantjoan.cat\/wp-content\/uploads\/2017\/10\/cropped-Sin-ti\u0301tulo-2.png","contentUrl":"https:\/\/turismehortadesantjoan.cat\/wp-content\/uploads\/2017\/10\/cropped-Sin-ti\u0301tulo-2.png","width":169,"height":40,"caption":"Turisme Horta de Sant Joan"},"image":{"@id":"http:\/\/turismehortadesantjoan.cat\/en\/#\/schema\/logo\/image\/"}}]}},"_links":{"self":[{"href":"https:\/\/turismehortadesantjoan.cat\/en\/wp-json\/wp\/v2\/pages\/13434"}],"collection":[{"href":"https:\/\/turismehortadesantjoan.cat\/en\/wp-json\/wp\/v2\/pages"}],"about":[{"href":"https:\/\/turismehortadesantjoan.cat\/en\/wp-json\/wp\/v2\/types\/page"}],"author":[{"embeddable":true,"href":"https:\/\/turismehortadesantjoan.cat\/en\/wp-json\/wp\/v2\/users\/1"}],"replies":[{"embeddable":true,"href":"https:\/\/turismehortadesantjoan.cat\/en\/wp-json\/wp\/v2\/comments?post=13434"}],"version-history":[{"count":1,"href":"https:\/\/turismehortadesantjoan.cat\/en\/wp-json\/wp\/v2\/pages\/13434\/revisions"}],"predecessor-version":[{"id":13439,"href":"https:\/\/turismehortadesantjoan.cat\/en\/wp-json\/wp\/v2\/pages\/13434\/revisions\/13439"}],"wp:attachment":[{"href":"https:\/\/turismehortadesantjoan.cat\/en\/wp-json\/wp\/v2\/media?parent=13434"}],"curies":[{"name":"wp","href":"https:\/\/api.w.org\/{rel}","templated":true}]}}