{"id":13414,"date":"2020-11-17T16:46:23","date_gmt":"2020-11-17T16:46:23","guid":{"rendered":"http:\/\/turismehortadesantjoan.cat\/santa-barbara"},"modified":"2020-12-11T22:01:34","modified_gmt":"2020-12-11T22:01:34","slug":"santa-barbara","status":"publish","type":"page","link":"https:\/\/turismehortadesantjoan.cat\/en\/santa-barbara","title":{"rendered":"Santa B\u00e0rbara"},"content":{"rendered":"<p><section class=\"kc-elm kc-css-788711 kc_row\"><div class=\"kc-row-container  kc-container\"><div class=\"kc-wrap-columns\"><div class=\"kc-elm kc-css-172585 kc_col-sm-12 kc_column kc_col-sm-12\"><div class=\"kc-col-container\"><div class=\"kc-elm kc-css-707210\" style=\"height: 148px; clear: both; width:100%;\"><\/div>\n<div class=\"element-block-heading style-default\">\n\t<div class=\"wrapper\">\n\t\t<div class=\"inner\">\n\t\t\t\n\t\t\t\t\t\t<h2 class=\"heading\">A centenary summit<\/h2>\n\t\t\t\t\t\t\n\t\t\t\t\t<\/div>\n\t<\/div>\n<\/div><\/div><\/div><\/div><\/div><\/section><section class=\"kc-elm kc-css-586309 kc_row\"><div class=\"kc-row-container  kc-container\"><div class=\"kc-wrap-columns\"><div class=\"kc-elm kc-css-702552 kc_col-sm-6 kc_column kc_col-sm-6\"><div class=\"kc-col-container\">\n<div class=\"kc-elm kc-css-334988 kc-title-wrap \">\n\n\t<h3 class=\"kc_title\">Santa B\u00e0rbara<\/h3>\n<\/div>\n<div class=\"kc-elm kc-css-87394 kc_text_block\"><\/p>\n<p><span class=\"VIiyi\" lang=\"en\"><span class=\"JLqJ4b\" data-language-for-alternatives=\"en\" data-language-to-translate-into=\"ca\" data-phrase-index=\"0\">Santa B\u00e0rbara is an imposing mountain of conglomerate rock in a pyramidal shape, 735 m high, which emerges behind the Convent of Sant Salvador. From very old it was inhabited by hermits and at present it conserves the vestiges of four hermitages: Sant Onofre, Sant Pau, Sant Antoni and in the top with ruins, Santa B\u00e0rbara. Behind the Convent, a path skirts the base of the mountain on the left until you reach a balma, under a majestic rock, known as Cova de Sant Salvador. In the background is a sculptural image of the Saint protected by an iron grate and adorned, almost all year round, with bouquets of flowers. In this place also flows the miraculous fountain, which according to tradition, made the Saint spring with three blows of the cord of habit. From this point the path climbs very straight behind the mountain until you reach the top. To reach the cross, you have to go through a narrow section and do not suffer from vertigo. The descent is usually done on the right side of the mountain more quickly.<\/span><\/span><\/p>\n<p>\n<\/div><\/div><\/div><div class=\"kc-elm kc-css-817421 kc_col-sm-6 kc_column kc_col-sm-6\"><div class=\"kc-col-container\"><div class=\"kc-elm kc-css-708795\" style=\"height: 99px; clear: both; width:100%;\"><\/div>\n\n<div class=\"image_fadein_slider kc-elm kc-css-486974 \">\n\t\t<div data-delay=\"3000\" class=\"image_fadein\" data-images=\"12395,12387,12386,12385\">\n\t<img decoding=\"async\" data-src=\"https:\/\/turismehortadesantjoan.cat\/wp-content\/uploads\/2020\/11\/2400995Master-1-600x300xc.jpg\" src=\"data:image\/svg+xml;base64,PHN2ZyB3aWR0aD0iMSIgaGVpZ2h0PSIxIiB4bWxucz0iaHR0cDovL3d3dy53My5vcmcvMjAwMC9zdmciPjwvc3ZnPg==\" class=\"lazyload\" style=\"--smush-placeholder-width: 600px; --smush-placeholder-aspect-ratio: 600\/300;\" \/><img decoding=\"async\" data-src=\"https:\/\/turismehortadesantjoan.cat\/wp-content\/uploads\/2020\/11\/64d896b86e9e9e8902b81b11ce5fb3a5-600x300xc.jpg\" src=\"data:image\/svg+xml;base64,PHN2ZyB3aWR0aD0iMSIgaGVpZ2h0PSIxIiB4bWxucz0iaHR0cDovL3d3dy53My5vcmcvMjAwMC9zdmciPjwvc3ZnPg==\" class=\"lazyload\" style=\"--smush-placeholder-width: 600px; --smush-placeholder-aspect-ratio: 600\/300;\" \/><img decoding=\"async\" data-src=\"https:\/\/turismehortadesantjoan.cat\/wp-content\/uploads\/2020\/11\/450_1000-600x300xc.jpg\" src=\"data:image\/svg+xml;base64,PHN2ZyB3aWR0aD0iMSIgaGVpZ2h0PSIxIiB4bWxucz0iaHR0cDovL3d3dy53My5vcmcvMjAwMC9zdmciPjwvc3ZnPg==\" class=\"lazyload\" style=\"--smush-placeholder-width: 600px; --smush-placeholder-aspect-ratio: 600\/300;\" \/><img decoding=\"async\" data-src=\"https:\/\/turismehortadesantjoan.cat\/wp-content\/uploads\/2020\/11\/2400995Master-600x300xc.jpg\" src=\"data:image\/svg+xml;base64,PHN2ZyB3aWR0aD0iMSIgaGVpZ2h0PSIxIiB4bWxucz0iaHR0cDovL3d3dy53My5vcmcvMjAwMC9zdmciPjwvc3ZnPg==\" class=\"lazyload\" style=\"--smush-placeholder-width: 600px; --smush-placeholder-aspect-ratio: 600\/300;\" \/>\t<\/div>\n<\/div>\n<\/div><\/div><\/div><\/div><\/section><section class=\"kc-elm kc-css-413008 kc_row\"><div class=\"kc-row-container  kc-container\"><div class=\"kc-wrap-columns\"><div class=\"kc-elm kc-css-308236 kc_col-sm-6 kc_column kc_col-sm-6\"><div class=\"kc-col-container\">\n<div class=\"kc-elm kc-css-888169 kc-title-wrap \">\n\n\t<h3 class=\"kc_title\">Convent of San Salvador<\/h3>\n<\/div>\n<div class=\"kc-elm kc-css-439945 kc_text_block\"><\/p>\n<div class=\"J0lOec\"><span class=\"VIiyi\" lang=\"en\"><span class=\"JLqJ4b ChMk0b\" data-language-for-alternatives=\"en\" data-language-to-translate-into=\"ca\" data-phrase-index=\"0\">The convent of Our Lady of the Angels is best known as the convent of Sant Salvador for the stay of the Franciscan friar in the middle of the century.<\/span> <span class=\"JLqJ4b ChMk0b\" data-language-for-alternatives=\"en\" data-language-to-translate-into=\"ca\" data-phrase-index=\"2\">It is located to the east, about 2 kilometers from the village, at the foot of the mountain of Santa B\u00e0rbara &#8211; before the hill of Horta.<\/span> <span class=\"JLqJ4b ChMk0b\" data-language-for-alternatives=\"en\" data-language-to-translate-into=\"ca\" data-phrase-index=\"4\">The original functions of the convent are not known for sure, but the possibility that the quality of the order\u2019s headquarters would have been shared with Horta Castle cannot be ruled out.<\/span> <span class=\"JLqJ4b ChMk0b\" data-language-for-alternatives=\"en\" data-language-to-translate-into=\"ca\" data-phrase-index=\"5\">Apart from being a Marian shrine, the Templars were very devoted to the Virgin Mary.<\/span> <span class=\"JLqJ4b ChMk0b\" data-language-for-alternatives=\"en\" data-language-to-translate-into=\"ca\" data-phrase-index=\"6\">It should also be borne in mind that an important cattle or lligallo path, documented since medieval times, connected the inland lands of Aragon and the pastures of the Baix Ebre.<\/span><\/span><\/div>\n<div class=\"UdTY9 Yb6eTe\" aria-hidden=\"true\" data-location=\"2\">\n<div class=\"kO6q6e\">\u00a0<\/div>\n<\/div>\n<p>\n<\/div><div data-closeall=\"true\" class=\"kc-elm kc-css-58009 kc_accordion_wrapper\">\n<div class=\"kc-elm kc-css-692876 kc_accordion_section group \"><h3 class=\"kc_accordion_header ui-accordion-header\"><span class=\"ui-accordion-header-icon ui-icon\"><\/span><a href=\"#history\" data-prevent=\"scroll\"><i class=\"\"><\/i> History<\/a><\/h3><div class=\"kc_accordion_content ui-accordion-content kc_clearfix\"><div class=\"kc-panel-body\"><div class=\"kc-elm kc-css-896580 kc_text_block\"><\/p>\n<p><span class=\"VIiyi\" lang=\"en\"><span class=\"JLqJ4b\" data-language-for-alternatives=\"en\" data-language-to-translate-into=\"ca\" data-phrase-index=\"0\">The convent consists of a group of buildings of various chronologies (XIII-XVII), located around a Renaissance cloister. Of the church, the last four sections with the apse are constructions from the times of the Templars (13th century) \u2014it is believed to be the last construction made by the Templars in Catalonia before their abolition\u2014, while the fa\u00e7ade atrium) and the first section (choir) belong to the middle of the s. XV, and are therefore built in hospital times. The rest of the convent was built during the Franciscan stay (XVI-XIX); the only piece that has survived from this period, in very poor condition, is the Renaissance cloister, built in the 16th century. The magistrate of Horta, in order for the sanctuary to be better attended to, called the Franciscans. It seems that they went there around 1517. The monks did not stay there long, and it is not known why they left, and the convent was again abandoned. Faced with this, the rulers of Horta, taking advantage of Charles I\u2019s stay in Monts\u00f3, where the Catalan Parliament was meeting, came to him to intercede before the provincial of the Franciscans and they returned to Horta, and so it was. The exact date of his return is not known, but it can be deduced that if the Cortes were in 1542, by 1543 the Franciscans had already re-inhabited the convent, which gave it the Franciscan name of Our Lady of the Angels. Thus began a period of Franciscan presence that lasted until 1835: a total of about 292 years. The most significant fact of this whole stage is the presence of the Franciscan layman Salvador Pladevall, known today as Sant Salvador d\u2019Horta. The stay of St. Savior was about twelve years (1547? -1559), and his reputation as a miracle worker greatly increased the visits of devotees and faithful who sought a cure for their ills. It is said that there were days when up to two thousand pilgrims gathered there. This circumstance caused the convent to grow and expand its outbuildings with splendid ashlar stone. The fact that the superiors of the order took the provincial courses in Philosophy also helped to grow the building. Offices were built in the choir, the sacristy, the library, the kitchen, the refectory were made, more cells were made: so the convent could have its novices and students. It is estimated that around 1576 the minor or observant monks left the convent, who were replaced by gatherers looking for secluded places and away from towns. In the 18th century, the Franciscan community numbered about thirty religious.<\/span><\/span><\/p>\n<p>\n<\/div><\/div><\/div><\/div><div class=\"kc-elm kc-css-570510 kc_accordion_section group \"><h3 class=\"kc_accordion_header ui-accordion-header\"><span class=\"ui-accordion-header-icon ui-icon\"><\/span><a href=\"#architecture\" data-prevent=\"scroll\"><i class=\"\"><\/i> Architecture<\/a><\/h3><div class=\"kc_accordion_content ui-accordion-content kc_clearfix\"><div class=\"kc-panel-body\"><div class=\"kc-elm kc-css-705644 kc_text_block\"><\/p>\n<p><span class=\"VIiyi\" lang=\"en\"><span class=\"JLqJ4b\" data-language-for-alternatives=\"en\" data-language-to-translate-into=\"ca\" data-phrase-index=\"0\">The part of the church that corresponds to the time of the Temple is of a single rectangular nave, with a semicircular apse, narrower than the nave and with buttresses. The floor plan is divided into five rectangular sections by pointed diaphragm arches coinciding with the buttresses. In the middle of these sections are high double-glazed windows and a diaphragm semicircular arch. The apse is presided over by a triumphal arch, semicircular, much lower than those of the nave, which allows the extrados to be drilled with an oculus. The vault of the apse is the classic quadrant of the Romanesque sphere ribbed in the Provencal way, unusual in Catalonia. Next to the epistle is a door with a narrow arch to the inside and a semicircular door to the outside, which must have been the original door of the church and which in the Franciscan era was due use to access the cloister. This part of the church is considered by some scholars to be the most important religious architectural element of the Order of the Temple in Catalonia. The scholar Joan Fuguet points out that the church of Santa Maria dels \u00c0ngels, before being extended in the later stages of the Templars, had dimensions of 15 m long by 9 m wide, sizes that correspond to the d &#039;other Templar constructions, and that this proportion represents a calculation of the golden section.<\/span><\/span><\/p>\n<p>\n<\/div><\/div><\/div><\/div><\/div>\n<\/div><\/div><div class=\"kc-elm kc-css-573077 kc_col-sm-6 kc_column kc_col-sm-6\"><div class=\"kc-col-container\"><div class=\"kc-elm kc-css-532062\" style=\"height: 55px; clear: both; width:100%;\"><\/div><div class=\"kc_shortcode kc_single_image effect-default\"><img decoding=\"async\" data-src=\"https:\/\/turismehortadesantjoan.cat\/wp-content\/uploads\/2020\/11\/Convent_de_Sant_Salvador_Horta_de_Sant_Joan_-_1.jpg\" alt=\"\" src=\"data:image\/svg+xml;base64,PHN2ZyB3aWR0aD0iMSIgaGVpZ2h0PSIxIiB4bWxucz0iaHR0cDovL3d3dy53My5vcmcvMjAwMC9zdmciPjwvc3ZnPg==\" class=\"lazyload\" style=\"--smush-placeholder-width: 1024px; --smush-placeholder-aspect-ratio: 1024\/768;\" \/><\/div><\/div><\/div><\/div><\/div><\/section><section class=\"kc-elm kc-css-941637 kc_row\"><div class=\"kc-row-container  kc-container\"><div class=\"kc-wrap-columns\"><div class=\"kc-elm kc-css-146117 kc_col-sm-12 kc_column kc_col-sm-12\"><div class=\"kc-col-container\">\n<div class=\"element-block-heading style-default\">\n\t<div class=\"wrapper\">\n\t\t<div class=\"inner\">\n\t\t\t\n\t\t\t\t\t\t<h2 class=\"heading\">Itineraries<\/h2>\n\t\t\t\t\t\t\n\t\t\t\t\t<\/div>\n\t<\/div>\n<\/div><div class=\"kc-elm kc-css-716564\" style=\"height: 20px; clear: both; width:100%;\"><\/div><\/div><\/div><\/div><\/div><\/section><section class=\"kc-elm kc-css-561945 kc_row\"><div class=\"kc-row-container  kc-container\"><div class=\"kc-wrap-columns\"><div class=\"kc-elm kc-css-924814 kc_col-sm-3 kc_column kc_col-sm-3\"><div class=\"kc-col-container\">\n<div class=\"kc-elm kc-css-288109 kc-image-hover-effects kc-img-effects-1 default\">\n\n\t<a href=\"https:\/\/ca.wikiloc.com\/rutes-senderisme\/horta-de-sant-joan-convent-de-sant-salvador-6713051\"><img decoding=\"async\" data-src=\"https:\/\/turismehortadesantjoan.cat\/wp-content\/uploads\/2020\/11\/Convent_de_Sant_Salvador_Horta_de_Sant_Joan_-_1-1024x1024xct.jpg\" alt=\"\" src=\"data:image\/svg+xml;base64,PHN2ZyB3aWR0aD0iMSIgaGVpZ2h0PSIxIiB4bWxucz0iaHR0cDovL3d3dy53My5vcmcvMjAwMC9zdmciPjwvc3ZnPg==\" class=\"lazyload\" style=\"--smush-placeholder-width: 1024px; --smush-placeholder-aspect-ratio: 1024\/1024;\" \/><\/a><a href=\"https:\/\/ca.wikiloc.com\/rutes-senderisme\/horta-de-sant-joan-convent-de-sant-salvador-6713051\"><div class=\"overlay-effects\"><div class=\"content-title\">Horta de Sant Joan- Convent <\/div><\/div><\/a>\n<\/div><\/div><\/div><div class=\"kc-elm kc-css-926573 kc_col-sm-3 kc_column kc_col-sm-3\"><div class=\"kc-col-container\">\n<div class=\"kc-elm kc-css-121474 kc-image-hover-effects kc-img-effects-1 default\">\n\n\t<a href=\"https:\/\/es.wikiloc.com\/rutas-senderismo\/horta-de-sant-joan-cim-de-santa-barbara-horta-de-sant-joan-el-port-5576928\"><img decoding=\"async\" data-src=\"https:\/\/turismehortadesantjoan.cat\/wp-content\/uploads\/2020\/11\/2400995Master-1-1024x1024xct.jpg\" alt=\"\" src=\"data:image\/svg+xml;base64,PHN2ZyB3aWR0aD0iMSIgaGVpZ2h0PSIxIiB4bWxucz0iaHR0cDovL3d3dy53My5vcmcvMjAwMC9zdmciPjwvc3ZnPg==\" class=\"lazyload\" style=\"--smush-placeholder-width: 1024px; --smush-placeholder-aspect-ratio: 1024\/1024;\" \/><\/a><a href=\"https:\/\/es.wikiloc.com\/rutas-senderismo\/horta-de-sant-joan-cim-de-santa-barbara-horta-de-sant-joan-el-port-5576928\"><div class=\"overlay-effects\"><div class=\"content-title\">Horta - Cim de Santa B\u00e0rbara<\/div><\/div><\/a>\n<\/div><\/div><\/div><div class=\"kc-elm kc-css-908068 kc_col-sm-3 kc_column kc_col-sm-3\"><div class=\"kc-col-container\">\n<div class=\"kc-elm kc-css-206951 kc-image-hover-effects kc-img-effects-1 default\">\n\n\t<a href=\"https:\/\/es.wikiloc.com\/rutas-senderismo\/horta-de-sant-joan-convent-sant-salvador-cim-muntanya-santa-barbara-horta-de-sant-joan-10474820\"><img decoding=\"async\" data-src=\"https:\/\/turismehortadesantjoan.cat\/wp-content\/uploads\/2020\/11\/6312410Master-1024x1024xct.jpg\" alt=\"\" src=\"data:image\/svg+xml;base64,PHN2ZyB3aWR0aD0iMSIgaGVpZ2h0PSIxIiB4bWxucz0iaHR0cDovL3d3dy53My5vcmcvMjAwMC9zdmciPjwvc3ZnPg==\" class=\"lazyload\" style=\"--smush-placeholder-width: 1024px; --smush-placeholder-aspect-ratio: 1024\/1024;\" \/><\/a><a href=\"https:\/\/es.wikiloc.com\/rutas-senderismo\/horta-de-sant-joan-convent-sant-salvador-cim-muntanya-santa-barbara-horta-de-sant-joan-10474820\"><div class=\"overlay-effects\"><div class=\"content-title\">Horta - Convent- Cim de Santa B\u00e0rbara<\/div><\/div><\/a>\n<\/div><\/div><\/div><div class=\"kc-elm kc-css-434981 kc_col-sm-3 kc_column kc_col-sm-3\"><div class=\"kc-col-container\">\n<div class=\"kc-elm kc-css-738209 kc-image-hover-effects kc-img-effects-1 default\">\n\n\t<a href=\"https:\/\/es.wikiloc.com\/rutas-senderismo\/cim-de-santa-barbara-desde-lestacio-trens-horta-de-sant-joan-58502195\"><img decoding=\"async\" data-src=\"https:\/\/turismehortadesantjoan.cat\/wp-content\/uploads\/2020\/11\/19694170Master-1024x1024xct.jpg\" alt=\"\" src=\"data:image\/svg+xml;base64,PHN2ZyB3aWR0aD0iMSIgaGVpZ2h0PSIxIiB4bWxucz0iaHR0cDovL3d3dy53My5vcmcvMjAwMC9zdmciPjwvc3ZnPg==\" class=\"lazyload\" style=\"--smush-placeholder-width: 1024px; --smush-placeholder-aspect-ratio: 1024\/1024;\" \/><\/a><a href=\"https:\/\/es.wikiloc.com\/rutas-senderismo\/cim-de-santa-barbara-desde-lestacio-trens-horta-de-sant-joan-58502195\"><div class=\"overlay-effects\"><div class=\"content-title\">Estaci\u00f3 Horta Via Verda- Cim Santa B\u00e0rbara<\/div><\/div><\/a>\n<\/div><\/div><\/div><\/div><\/div><\/section><\/p>\n","protected":false},"excerpt":{"rendered":"","protected":false},"author":1,"featured_media":0,"parent":0,"menu_order":0,"comment_status":"closed","ping_status":"closed","template":"","meta":{"footnotes":""},"yoast_head":"<!-- This site is optimized with the Yoast SEO plugin v24.5 - https:\/\/yoast.com\/wordpress\/plugins\/seo\/ -->\n<title>Santa B\u00e0rbara - Turisme Horta de Sant Joan<\/title>\n<meta name=\"robots\" content=\"index, follow, max-snippet:-1, max-image-preview:large, max-video-preview:-1\" \/>\n<link rel=\"canonical\" href=\"https:\/\/turismehortadesantjoan.cat\/en\/santa-barbara\" \/>\n<meta property=\"og:locale\" content=\"en_US\" \/>\n<meta property=\"og:type\" content=\"article\" \/>\n<meta property=\"og:title\" content=\"Santa B\u00e0rbara - Turisme Horta de Sant Joan\" \/>\n<meta property=\"og:description\" content=\"A centenary summit Santa B\u00e0rbara Santa B\u00e0rbara is an imposing mountain of conglomerate rock in a pyramidal shape, 735 m high, which emerges behind the Convent of Sant Salvador. From &hellip; Continue reading Santa B\u00e0rbara &rarr;\" \/>\n<meta property=\"og:url\" content=\"https:\/\/turismehortadesantjoan.cat\/en\/santa-barbara\" \/>\n<meta property=\"og:site_name\" content=\"Turisme Horta de Sant Joan\" \/>\n<meta property=\"article:modified_time\" content=\"2020-12-11T22:01:34+00:00\" \/>\n<meta property=\"og:image\" content=\"https:\/\/turismehortadesantjoan.cat\/wp-content\/uploads\/2020\/11\/2400995Master-1-600x300xc.jpg\" \/>\n<meta name=\"twitter:card\" content=\"summary_large_image\" \/>\n<meta name=\"twitter:label1\" content=\"Est. reading time\" \/>\n\t<meta name=\"twitter:data1\" content=\"5 minutes\" \/>\n<script type=\"application\/ld+json\" class=\"yoast-schema-graph\">{\"@context\":\"https:\/\/schema.org\",\"@graph\":[{\"@type\":\"WebPage\",\"@id\":\"https:\/\/turismehortadesantjoan.cat\/en\/santa-barbara\",\"url\":\"https:\/\/turismehortadesantjoan.cat\/en\/santa-barbara\",\"name\":\"Santa B\u00e0rbara - Turisme Horta de Sant Joan\",\"isPartOf\":{\"@id\":\"https:\/\/turismehortadesantjoan.cat\/en#website\"},\"primaryImageOfPage\":{\"@id\":\"https:\/\/turismehortadesantjoan.cat\/en\/santa-barbara#primaryimage\"},\"image\":{\"@id\":\"https:\/\/turismehortadesantjoan.cat\/en\/santa-barbara#primaryimage\"},\"thumbnailUrl\":\"https:\/\/turismehortadesantjoan.cat\/wp-content\/uploads\/2020\/11\/2400995Master-1-600x300xc.jpg\",\"datePublished\":\"2020-11-17T16:46:23+00:00\",\"dateModified\":\"2020-12-11T22:01:34+00:00\",\"breadcrumb\":{\"@id\":\"https:\/\/turismehortadesantjoan.cat\/en\/santa-barbara#breadcrumb\"},\"inLanguage\":\"en-US\",\"potentialAction\":[{\"@type\":\"ReadAction\",\"target\":[\"https:\/\/turismehortadesantjoan.cat\/en\/santa-barbara\"]}]},{\"@type\":\"ImageObject\",\"inLanguage\":\"en-US\",\"@id\":\"https:\/\/turismehortadesantjoan.cat\/en\/santa-barbara#primaryimage\",\"url\":\"https:\/\/turismehortadesantjoan.cat\/wp-content\/uploads\/2020\/11\/2400995Master-1-600x300xc.jpg\",\"contentUrl\":\"https:\/\/turismehortadesantjoan.cat\/wp-content\/uploads\/2020\/11\/2400995Master-1-600x300xc.jpg\"},{\"@type\":\"BreadcrumbList\",\"@id\":\"https:\/\/turismehortadesantjoan.cat\/en\/santa-barbara#breadcrumb\",\"itemListElement\":[{\"@type\":\"ListItem\",\"position\":1,\"name\":\"Inici\",\"item\":\"http:\/\/turismehortadesantjoan.cat\/en\"},{\"@type\":\"ListItem\",\"position\":2,\"name\":\"Santa B\u00e0rbara\"}]},{\"@type\":\"WebSite\",\"@id\":\"https:\/\/turismehortadesantjoan.cat\/en#website\",\"url\":\"https:\/\/turismehortadesantjoan.cat\/en\",\"name\":\"Turisme Horta de Sant Joan\",\"description\":\"\",\"publisher\":{\"@id\":\"https:\/\/turismehortadesantjoan.cat\/en#organization\"},\"potentialAction\":[{\"@type\":\"SearchAction\",\"target\":{\"@type\":\"EntryPoint\",\"urlTemplate\":\"https:\/\/turismehortadesantjoan.cat\/en?s={search_term_string}\"},\"query-input\":{\"@type\":\"PropertyValueSpecification\",\"valueRequired\":true,\"valueName\":\"search_term_string\"}}],\"inLanguage\":\"en-US\"},{\"@type\":\"Organization\",\"@id\":\"https:\/\/turismehortadesantjoan.cat\/en#organization\",\"name\":\"Turisme Horta de Sant Joan\",\"url\":\"https:\/\/turismehortadesantjoan.cat\/en\",\"logo\":{\"@type\":\"ImageObject\",\"inLanguage\":\"en-US\",\"@id\":\"https:\/\/turismehortadesantjoan.cat\/en#\/schema\/logo\/image\/\",\"url\":\"https:\/\/turismehortadesantjoan.cat\/wp-content\/uploads\/2017\/10\/cropped-Sin-ti\u0301tulo-2.png\",\"contentUrl\":\"https:\/\/turismehortadesantjoan.cat\/wp-content\/uploads\/2017\/10\/cropped-Sin-ti\u0301tulo-2.png\",\"width\":169,\"height\":40,\"caption\":\"Turisme Horta de Sant Joan\"},\"image\":{\"@id\":\"https:\/\/turismehortadesantjoan.cat\/en#\/schema\/logo\/image\/\"}}]}<\/script>\n<!-- \/ Yoast SEO plugin. -->","yoast_head_json":{"title":"Santa B\u00e0rbara - Turisme Horta de Sant Joan","robots":{"index":"index","follow":"follow","max-snippet":"max-snippet:-1","max-image-preview":"max-image-preview:large","max-video-preview":"max-video-preview:-1"},"canonical":"https:\/\/turismehortadesantjoan.cat\/en\/santa-barbara","og_locale":"en_US","og_type":"article","og_title":"Santa B\u00e0rbara - Turisme Horta de Sant Joan","og_description":"A centenary summit Santa B\u00e0rbara Santa B\u00e0rbara is an imposing mountain of conglomerate rock in a pyramidal shape, 735 m high, which emerges behind the Convent of Sant Salvador. From &hellip; Continue reading Santa B\u00e0rbara &rarr;","og_url":"https:\/\/turismehortadesantjoan.cat\/en\/santa-barbara","og_site_name":"Turisme Horta de Sant Joan","article_modified_time":"2020-12-11T22:01:34+00:00","og_image":[{"url":"https:\/\/turismehortadesantjoan.cat\/wp-content\/uploads\/2020\/11\/2400995Master-1-600x300xc.jpg","type":"","width":"","height":""}],"twitter_card":"summary_large_image","twitter_misc":{"Est. reading time":"5 minutes"},"schema":{"@context":"https:\/\/schema.org","@graph":[{"@type":"WebPage","@id":"https:\/\/turismehortadesantjoan.cat\/en\/santa-barbara","url":"https:\/\/turismehortadesantjoan.cat\/en\/santa-barbara","name":"Santa B\u00e0rbara - Turisme Horta de Sant Joan","isPartOf":{"@id":"https:\/\/turismehortadesantjoan.cat\/en#website"},"primaryImageOfPage":{"@id":"https:\/\/turismehortadesantjoan.cat\/en\/santa-barbara#primaryimage"},"image":{"@id":"https:\/\/turismehortadesantjoan.cat\/en\/santa-barbara#primaryimage"},"thumbnailUrl":"https:\/\/turismehortadesantjoan.cat\/wp-content\/uploads\/2020\/11\/2400995Master-1-600x300xc.jpg","datePublished":"2020-11-17T16:46:23+00:00","dateModified":"2020-12-11T22:01:34+00:00","breadcrumb":{"@id":"https:\/\/turismehortadesantjoan.cat\/en\/santa-barbara#breadcrumb"},"inLanguage":"en-US","potentialAction":[{"@type":"ReadAction","target":["https:\/\/turismehortadesantjoan.cat\/en\/santa-barbara"]}]},{"@type":"ImageObject","inLanguage":"en-US","@id":"https:\/\/turismehortadesantjoan.cat\/en\/santa-barbara#primaryimage","url":"https:\/\/turismehortadesantjoan.cat\/wp-content\/uploads\/2020\/11\/2400995Master-1-600x300xc.jpg","contentUrl":"https:\/\/turismehortadesantjoan.cat\/wp-content\/uploads\/2020\/11\/2400995Master-1-600x300xc.jpg"},{"@type":"BreadcrumbList","@id":"https:\/\/turismehortadesantjoan.cat\/en\/santa-barbara#breadcrumb","itemListElement":[{"@type":"ListItem","position":1,"name":"Inici","item":"http:\/\/turismehortadesantjoan.cat\/en"},{"@type":"ListItem","position":2,"name":"Santa B\u00e0rbara"}]},{"@type":"WebSite","@id":"https:\/\/turismehortadesantjoan.cat\/en#website","url":"https:\/\/turismehortadesantjoan.cat\/en","name":"Turisme Horta de Sant Joan","description":"","publisher":{"@id":"https:\/\/turismehortadesantjoan.cat\/en#organization"},"potentialAction":[{"@type":"SearchAction","target":{"@type":"EntryPoint","urlTemplate":"https:\/\/turismehortadesantjoan.cat\/en?s={search_term_string}"},"query-input":{"@type":"PropertyValueSpecification","valueRequired":true,"valueName":"search_term_string"}}],"inLanguage":"en-US"},{"@type":"Organization","@id":"https:\/\/turismehortadesantjoan.cat\/en#organization","name":"Turisme Horta de Sant Joan","url":"https:\/\/turismehortadesantjoan.cat\/en","logo":{"@type":"ImageObject","inLanguage":"en-US","@id":"https:\/\/turismehortadesantjoan.cat\/en#\/schema\/logo\/image\/","url":"https:\/\/turismehortadesantjoan.cat\/wp-content\/uploads\/2017\/10\/cropped-Sin-ti\u0301tulo-2.png","contentUrl":"https:\/\/turismehortadesantjoan.cat\/wp-content\/uploads\/2017\/10\/cropped-Sin-ti\u0301tulo-2.png","width":169,"height":40,"caption":"Turisme Horta de Sant Joan"},"image":{"@id":"https:\/\/turismehortadesantjoan.cat\/en#\/schema\/logo\/image\/"}}]}},"_links":{"self":[{"href":"https:\/\/turismehortadesantjoan.cat\/en\/wp-json\/wp\/v2\/pages\/13414"}],"collection":[{"href":"https:\/\/turismehortadesantjoan.cat\/en\/wp-json\/wp\/v2\/pages"}],"about":[{"href":"https:\/\/turismehortadesantjoan.cat\/en\/wp-json\/wp\/v2\/types\/page"}],"author":[{"embeddable":true,"href":"https:\/\/turismehortadesantjoan.cat\/en\/wp-json\/wp\/v2\/users\/1"}],"replies":[{"embeddable":true,"href":"https:\/\/turismehortadesantjoan.cat\/en\/wp-json\/wp\/v2\/comments?post=13414"}],"version-history":[{"count":2,"href":"https:\/\/turismehortadesantjoan.cat\/en\/wp-json\/wp\/v2\/pages\/13414\/revisions"}],"predecessor-version":[{"id":13421,"href":"https:\/\/turismehortadesantjoan.cat\/en\/wp-json\/wp\/v2\/pages\/13414\/revisions\/13421"}],"wp:attachment":[{"href":"https:\/\/turismehortadesantjoan.cat\/en\/wp-json\/wp\/v2\/media?parent=13414"}],"curies":[{"name":"wp","href":"https:\/\/api.w.org\/{rel}","templated":true}]}}