{"id":14990,"date":"2021-04-14T14:40:28","date_gmt":"2021-04-14T14:40:28","guid":{"rendered":"http:\/\/turismehortadesantjoan.cat\/?page_id=14990"},"modified":"2021-04-14T14:40:28","modified_gmt":"2021-04-14T14:40:28","slug":"las-terres-de-lebre","status":"publish","type":"page","link":"http:\/\/turismehortadesantjoan.cat\/es\/las-terres-de-lebre","title":{"rendered":"Las Terres de l&#8217;Ebre"},"content":{"rendered":"<section class=\"kc-elm kc-css-372613 kc_row\"><div class=\"kc-row-container  kc-container\"><div class=\"kc-wrap-columns\"><div class=\"kc-elm kc-css-520050 kc_col-sm-6 kc_column kc_col-sm-6\"><div class=\"kc-col-container\">\n<div class=\"kc-elm kc-css-150803 kc-title-wrap \">\n\n\t<h2 class=\"kc_title\">Descubre las Terres de l'Ebre<\/h2>\n<\/div>\n<div class=\"kc-elm kc-css-157363 kc_text_block\"><\/p>\n<p>Las Terres de l\u2019Ebre, declaradas Reserva de la Biosfera por la UNESCO en 2013, son un destino tur\u00edstico que se caracteriza por su alto valor natural y la baja densidad de la actividad tur\u00edstica. Su clima estable y favorable durante todo el a\u00f1o, la convierten sin duda en un destino ideal para disfrutar en familia y con los amigos. Cabe destacar tambi\u00e9n la reciente distinci\u00f3n otorgada por la Asociaci\u00f3n Internacional Global Green Destinations que reconoce las Terres de l\u2019Ebre como una de las 100 mejores destinaciones<br \/>tur\u00edsticas sostenibles del mundo en 2016.<\/p>\n<p>En las Terres de l\u2019Ebre encontrar\u00e1n tantas opciones como puedan imaginar: su litoral, un rico patrimonio cultural e hist\u00f3rico, paisajes de gran belleza natural en los que disfrutar de actividades al aire libre, una gastronom\u00eda t\u00edpicamente mediterr\u00e1nea con una fuerte identidad propia, una amplia oferta de ocio, zonas de gran tradici\u00f3n vin\u00edcola y arrocera y una gran variedad de fiestas populares y recreaciones hist\u00f3ricas.<\/p>\n<p>El r\u00edo Ebro ha sido, sigue siendo y posiblemente ser\u00e1 el eje vertebrador de estas cuatro comarcas, las m\u00e1s meridionales de Catalu\u00f1a. Pero tambi\u00e9n es un espacio para disfrutar, ya sea navegando a bordo de un la\u00fad tur\u00edstico, o dando un paseo en piragua o kayak.<\/p>\n<p>Las Terres de l\u2019Ebre destacan sobre todo por sus espacios naturales, uno de los principales motivos para visitarlas. En ellas hallar\u00e1n dos parques naturales, el del Delta de l\u2019Ebre y el de los Ports, una reserva natural y 19 espacios m\u00e1s, todos protegidos bajo la figura de Xarxa Natura 2000. El 35% de su territorio es un espacio protegido, un para\u00edso para los amantes de la naturaleza en el que practicar actividades como la escalada, el senderismo y la observaci\u00f3n de aves. O bien practicar el cicloturismo en los espacios monta\u00f1osos o en la llanura del Delta, sin olvidar la V\u00eda Verde, que cruza la Terra Alta y el Baix Ebre a lo largo de 49 km y que hoy d\u00eda est\u00e1 conectada con el Camino Natural del Ebro que permite llegar hasta la misma desembocadura.<br \/>El litoral re\u00fane todas las variantes que ofrece el mar Mediterr\u00e1neo.<\/p>\n<p>Al norte sobresalen calas solitarias, ocultas por los acantilados, que se pueden recorrer con facilidad a trav\u00e9s del sendero del Mediterr\u00e1neo conocido como GR 92. Al sur dominan las playas espaciosas, de arena fina y aguas poco profundas. La Estaci\u00f3n N\u00e1utica de Sant Carles de la R\u00e0pita les ofrecer\u00e1 toda clase de deportes y actividades para toda la familia desde Alcanar hasta l\u2019Ametlla de Mar.<br \/>El Ebro ha sido un elemento clave para todas las civilizaciones que se han arraigado en este territorio. El paso de estas poblaciones ha dejado un legado hist\u00f3rico y arquitect\u00f3nico singular y \u00fanico, dando personalidad y car\u00e1cter a estas cuatro comarcas. La diversidad cultural se refleja en la variedad de propuestas existentes, como visitar las pinturas rupestres de Ulldecona, declaradas Patrimonio Mundial de la Humanidad por la UNESCO, el conjunto monumental de la ciudad de Tortosa, los diferentes espacios de la Batalla del Ebro, las bodegas cooperativas de Gandesa y el Pinell de Brai o el Centro Picasso en Horta de Sant Joan.<\/p>\n<p>La riqueza cultural, hist\u00f3rica y festiva del territorio se expresa al m\u00e1ximo en el car\u00e1cter amable y acogedor de sus gentes y en su cocina, que es un mosaico de la mejor tradici\u00f3n mediterr\u00e1nea en el que destaca el cultivo del arroz en diferentes poblaciones del territorio, como Amposta, pero tambi\u00e9n la riqueza gastron\u00f3mica de las variedades de pescado y marisco local y el cultivo de hortalizas, frutas y productos de la tierra, como el vino de la D.O. Terra Alta, el aceite de oliva y la miel, muchos de los cuales disfrutan de certificados que avalan su calidad.<\/p>\n<p>Hoy en d\u00eda se pueden presenciar distintas fiestas declaradas de inter\u00e9s tur\u00edstico que nos acercan a \u00e9pocas pasadas, como la Festa del Renaixement de Tortosa, la tradicional representaci\u00f3n de la Pasi\u00f3n de Ulldecona o la festividad de Sant Antoni del municipio de Asc\u00f3, declarada fiesta cultural de inter\u00e9s nacional.<\/p>\n<p>Aqu\u00ed en Horta de Sant Joan empieza todo, un lugar ideal desde el que iniciar el camino para conocer el conjunto del destino.<\/p>\n<p>\n<\/div><\/div><\/div><div class=\"kc-elm kc-css-978818 kc_col-sm-6 kc_column kc_col-sm-6\"><div class=\"kc-col-container\"><div class=\"kc_shortcode kc_single_image effect-default\"><img decoding=\"async\" data-src=\"http:\/\/turismehortadesantjoan.cat\/wp-content\/uploads\/2021\/04\/Foto-7.jpg\" alt=\"\" src=\"data:image\/svg+xml;base64,PHN2ZyB3aWR0aD0iMSIgaGVpZ2h0PSIxIiB4bWxucz0iaHR0cDovL3d3dy53My5vcmcvMjAwMC9zdmciPjwvc3ZnPg==\" class=\"lazyload\" style=\"--smush-placeholder-width: 1024px; --smush-placeholder-aspect-ratio: 1024\/682;\" \/><\/div><div class=\"kc-elm kc-css-43668\" style=\"height: 10px; clear: both; width:100%;\"><\/div><div class=\"kc_shortcode kc_single_image effect-default\"><img decoding=\"async\" data-src=\"http:\/\/turismehortadesantjoan.cat\/wp-content\/uploads\/2021\/04\/Foto-15.jpg\" alt=\"\" src=\"data:image\/svg+xml;base64,PHN2ZyB3aWR0aD0iMSIgaGVpZ2h0PSIxIiB4bWxucz0iaHR0cDovL3d3dy53My5vcmcvMjAwMC9zdmciPjwvc3ZnPg==\" class=\"lazyload\" style=\"--smush-placeholder-width: 1024px; --smush-placeholder-aspect-ratio: 1024\/683;\" \/><\/div><div class=\"kc-elm kc-css-236613\" style=\"height: 10px; clear: both; width:100%;\"><\/div><div class=\"kc_shortcode kc_single_image effect-default\"><img decoding=\"async\" data-src=\"http:\/\/turismehortadesantjoan.cat\/wp-content\/uploads\/2021\/04\/foto-10.jpg\" alt=\"\" src=\"data:image\/svg+xml;base64,PHN2ZyB3aWR0aD0iMSIgaGVpZ2h0PSIxIiB4bWxucz0iaHR0cDovL3d3dy53My5vcmcvMjAwMC9zdmciPjwvc3ZnPg==\" class=\"lazyload\" style=\"--smush-placeholder-width: 2126px; --smush-placeholder-aspect-ratio: 2126\/2126;\" \/><\/div><div class=\"kc-elm kc-css-676511\" style=\"height: 10px; clear: both; width:100%;\"><\/div><div class=\"kc_shortcode kc_single_image effect-default\"><img decoding=\"async\" data-src=\"http:\/\/turismehortadesantjoan.cat\/wp-content\/uploads\/2021\/04\/Foto-14.jpg\" alt=\"\" src=\"data:image\/svg+xml;base64,PHN2ZyB3aWR0aD0iMSIgaGVpZ2h0PSIxIiB4bWxucz0iaHR0cDovL3d3dy53My5vcmcvMjAwMC9zdmciPjwvc3ZnPg==\" class=\"lazyload\" style=\"--smush-placeholder-width: 1024px; --smush-placeholder-aspect-ratio: 1024\/683;\" \/><\/div><\/div><\/div><\/div><\/div><\/section>\n","protected":false},"excerpt":{"rendered":"","protected":false},"author":1,"featured_media":0,"parent":0,"menu_order":0,"comment_status":"closed","ping_status":"closed","template":"","meta":{"footnotes":""},"yoast_head":"<!-- This site is optimized with the Yoast SEO plugin v24.5 - https:\/\/yoast.com\/wordpress\/plugins\/seo\/ -->\n<title>Las Terres de l&#039;Ebre - Turisme Horta de Sant Joan<\/title>\n<meta name=\"robots\" content=\"index, follow, max-snippet:-1, max-image-preview:large, max-video-preview:-1\" \/>\n<link rel=\"canonical\" href=\"http:\/\/turismehortadesantjoan.cat\/es\/las-terres-de-lebre\" \/>\n<meta property=\"og:locale\" content=\"es_ES\" \/>\n<meta property=\"og:type\" content=\"article\" \/>\n<meta property=\"og:title\" content=\"Las Terres de l&#039;Ebre - Turisme Horta de Sant Joan\" \/>\n<meta property=\"og:description\" content=\"Descubre las Terres de l&#8217;Ebre Las Terres de l\u2019Ebre, declaradas Reserva de la Biosfera por la UNESCO en 2013, son un destino tur\u00edstico que se caracteriza por su alto valor &hellip; Continue reading Las Terres de l&#8217;Ebre &rarr;\" \/>\n<meta property=\"og:url\" content=\"http:\/\/turismehortadesantjoan.cat\/es\/las-terres-de-lebre\" \/>\n<meta property=\"og:site_name\" content=\"Turisme Horta de Sant Joan\" \/>\n<meta property=\"og:image\" content=\"https:\/\/turismehortadesantjoan.cat\/wp-content\/uploads\/2021\/04\/Foto-7.jpg\" \/>\n<meta name=\"twitter:card\" content=\"summary_large_image\" \/>\n<meta name=\"twitter:label1\" content=\"Tiempo de lectura\" \/>\n\t<meta name=\"twitter:data1\" content=\"4 minutos\" \/>\n<script type=\"application\/ld+json\" class=\"yoast-schema-graph\">{\"@context\":\"https:\/\/schema.org\",\"@graph\":[{\"@type\":\"WebPage\",\"@id\":\"http:\/\/turismehortadesantjoan.cat\/es\/las-terres-de-lebre\",\"url\":\"http:\/\/turismehortadesantjoan.cat\/es\/las-terres-de-lebre\",\"name\":\"Las Terres de l'Ebre - Turisme Horta de Sant Joan\",\"isPartOf\":{\"@id\":\"http:\/\/turismehortadesantjoan.cat\/es#website\"},\"primaryImageOfPage\":{\"@id\":\"http:\/\/turismehortadesantjoan.cat\/es\/las-terres-de-lebre#primaryimage\"},\"image\":{\"@id\":\"http:\/\/turismehortadesantjoan.cat\/es\/las-terres-de-lebre#primaryimage\"},\"thumbnailUrl\":\"https:\/\/turismehortadesantjoan.cat\/wp-content\/uploads\/2021\/04\/Foto-7.jpg\",\"datePublished\":\"2021-04-14T14:40:28+00:00\",\"breadcrumb\":{\"@id\":\"http:\/\/turismehortadesantjoan.cat\/es\/las-terres-de-lebre#breadcrumb\"},\"inLanguage\":\"es\",\"potentialAction\":[{\"@type\":\"ReadAction\",\"target\":[\"http:\/\/turismehortadesantjoan.cat\/es\/las-terres-de-lebre\"]}]},{\"@type\":\"ImageObject\",\"inLanguage\":\"es\",\"@id\":\"http:\/\/turismehortadesantjoan.cat\/es\/las-terres-de-lebre#primaryimage\",\"url\":\"https:\/\/turismehortadesantjoan.cat\/wp-content\/uploads\/2021\/04\/Foto-7.jpg\",\"contentUrl\":\"https:\/\/turismehortadesantjoan.cat\/wp-content\/uploads\/2021\/04\/Foto-7.jpg\"},{\"@type\":\"BreadcrumbList\",\"@id\":\"http:\/\/turismehortadesantjoan.cat\/es\/las-terres-de-lebre#breadcrumb\",\"itemListElement\":[{\"@type\":\"ListItem\",\"position\":1,\"name\":\"Inici\",\"item\":\"https:\/\/turismehortadesantjoan.cat\/es\"},{\"@type\":\"ListItem\",\"position\":2,\"name\":\"Las Terres de l&#8217;Ebre\"}]},{\"@type\":\"WebSite\",\"@id\":\"http:\/\/turismehortadesantjoan.cat\/es#website\",\"url\":\"http:\/\/turismehortadesantjoan.cat\/es\",\"name\":\"Turisme Horta de Sant Joan\",\"description\":\"\",\"publisher\":{\"@id\":\"http:\/\/turismehortadesantjoan.cat\/es#organization\"},\"potentialAction\":[{\"@type\":\"SearchAction\",\"target\":{\"@type\":\"EntryPoint\",\"urlTemplate\":\"http:\/\/turismehortadesantjoan.cat\/es?s={search_term_string}\"},\"query-input\":{\"@type\":\"PropertyValueSpecification\",\"valueRequired\":true,\"valueName\":\"search_term_string\"}}],\"inLanguage\":\"es\"},{\"@type\":\"Organization\",\"@id\":\"http:\/\/turismehortadesantjoan.cat\/es#organization\",\"name\":\"Turisme Horta de Sant Joan\",\"url\":\"http:\/\/turismehortadesantjoan.cat\/es\",\"logo\":{\"@type\":\"ImageObject\",\"inLanguage\":\"es\",\"@id\":\"http:\/\/turismehortadesantjoan.cat\/es#\/schema\/logo\/image\/\",\"url\":\"http:\/\/turismehortadesantjoan.cat\/wp-content\/uploads\/2017\/10\/cropped-Sin-ti\u0301tulo-2.png\",\"contentUrl\":\"http:\/\/turismehortadesantjoan.cat\/wp-content\/uploads\/2017\/10\/cropped-Sin-ti\u0301tulo-2.png\",\"width\":169,\"height\":40,\"caption\":\"Turisme Horta de Sant Joan\"},\"image\":{\"@id\":\"http:\/\/turismehortadesantjoan.cat\/es#\/schema\/logo\/image\/\"}}]}<\/script>\n<!-- \/ Yoast SEO plugin. -->","yoast_head_json":{"title":"Las Terres de l'Ebre - Turisme Horta de Sant Joan","robots":{"index":"index","follow":"follow","max-snippet":"max-snippet:-1","max-image-preview":"max-image-preview:large","max-video-preview":"max-video-preview:-1"},"canonical":"http:\/\/turismehortadesantjoan.cat\/es\/las-terres-de-lebre","og_locale":"es_ES","og_type":"article","og_title":"Las Terres de l'Ebre - Turisme Horta de Sant Joan","og_description":"Descubre las Terres de l&#8217;Ebre Las Terres de l\u2019Ebre, declaradas Reserva de la Biosfera por la UNESCO en 2013, son un destino tur\u00edstico que se caracteriza por su alto valor &hellip; Continue reading Las Terres de l&#8217;Ebre &rarr;","og_url":"http:\/\/turismehortadesantjoan.cat\/es\/las-terres-de-lebre","og_site_name":"Turisme Horta de Sant Joan","og_image":[{"url":"https:\/\/turismehortadesantjoan.cat\/wp-content\/uploads\/2021\/04\/Foto-7.jpg","type":"","width":"","height":""}],"twitter_card":"summary_large_image","twitter_misc":{"Tiempo de lectura":"4 minutos"},"schema":{"@context":"https:\/\/schema.org","@graph":[{"@type":"WebPage","@id":"http:\/\/turismehortadesantjoan.cat\/es\/las-terres-de-lebre","url":"http:\/\/turismehortadesantjoan.cat\/es\/las-terres-de-lebre","name":"Las Terres de l'Ebre - Turisme Horta de Sant Joan","isPartOf":{"@id":"http:\/\/turismehortadesantjoan.cat\/es#website"},"primaryImageOfPage":{"@id":"http:\/\/turismehortadesantjoan.cat\/es\/las-terres-de-lebre#primaryimage"},"image":{"@id":"http:\/\/turismehortadesantjoan.cat\/es\/las-terres-de-lebre#primaryimage"},"thumbnailUrl":"https:\/\/turismehortadesantjoan.cat\/wp-content\/uploads\/2021\/04\/Foto-7.jpg","datePublished":"2021-04-14T14:40:28+00:00","breadcrumb":{"@id":"http:\/\/turismehortadesantjoan.cat\/es\/las-terres-de-lebre#breadcrumb"},"inLanguage":"es","potentialAction":[{"@type":"ReadAction","target":["http:\/\/turismehortadesantjoan.cat\/es\/las-terres-de-lebre"]}]},{"@type":"ImageObject","inLanguage":"es","@id":"http:\/\/turismehortadesantjoan.cat\/es\/las-terres-de-lebre#primaryimage","url":"https:\/\/turismehortadesantjoan.cat\/wp-content\/uploads\/2021\/04\/Foto-7.jpg","contentUrl":"https:\/\/turismehortadesantjoan.cat\/wp-content\/uploads\/2021\/04\/Foto-7.jpg"},{"@type":"BreadcrumbList","@id":"http:\/\/turismehortadesantjoan.cat\/es\/las-terres-de-lebre#breadcrumb","itemListElement":[{"@type":"ListItem","position":1,"name":"Inici","item":"https:\/\/turismehortadesantjoan.cat\/es"},{"@type":"ListItem","position":2,"name":"Las Terres de l&#8217;Ebre"}]},{"@type":"WebSite","@id":"http:\/\/turismehortadesantjoan.cat\/es#website","url":"http:\/\/turismehortadesantjoan.cat\/es","name":"Turisme Horta de Sant Joan","description":"","publisher":{"@id":"http:\/\/turismehortadesantjoan.cat\/es#organization"},"potentialAction":[{"@type":"SearchAction","target":{"@type":"EntryPoint","urlTemplate":"http:\/\/turismehortadesantjoan.cat\/es?s={search_term_string}"},"query-input":{"@type":"PropertyValueSpecification","valueRequired":true,"valueName":"search_term_string"}}],"inLanguage":"es"},{"@type":"Organization","@id":"http:\/\/turismehortadesantjoan.cat\/es#organization","name":"Turisme Horta de Sant Joan","url":"http:\/\/turismehortadesantjoan.cat\/es","logo":{"@type":"ImageObject","inLanguage":"es","@id":"http:\/\/turismehortadesantjoan.cat\/es#\/schema\/logo\/image\/","url":"http:\/\/turismehortadesantjoan.cat\/wp-content\/uploads\/2017\/10\/cropped-Sin-ti\u0301tulo-2.png","contentUrl":"http:\/\/turismehortadesantjoan.cat\/wp-content\/uploads\/2017\/10\/cropped-Sin-ti\u0301tulo-2.png","width":169,"height":40,"caption":"Turisme Horta de Sant Joan"},"image":{"@id":"http:\/\/turismehortadesantjoan.cat\/es#\/schema\/logo\/image\/"}}]}},"_links":{"self":[{"href":"http:\/\/turismehortadesantjoan.cat\/es\/wp-json\/wp\/v2\/pages\/14990"}],"collection":[{"href":"http:\/\/turismehortadesantjoan.cat\/es\/wp-json\/wp\/v2\/pages"}],"about":[{"href":"http:\/\/turismehortadesantjoan.cat\/es\/wp-json\/wp\/v2\/types\/page"}],"author":[{"embeddable":true,"href":"http:\/\/turismehortadesantjoan.cat\/es\/wp-json\/wp\/v2\/users\/1"}],"replies":[{"embeddable":true,"href":"http:\/\/turismehortadesantjoan.cat\/es\/wp-json\/wp\/v2\/comments?post=14990"}],"version-history":[{"count":2,"href":"http:\/\/turismehortadesantjoan.cat\/es\/wp-json\/wp\/v2\/pages\/14990\/revisions"}],"predecessor-version":[{"id":14992,"href":"http:\/\/turismehortadesantjoan.cat\/es\/wp-json\/wp\/v2\/pages\/14990\/revisions\/14992"}],"wp:attachment":[{"href":"http:\/\/turismehortadesantjoan.cat\/es\/wp-json\/wp\/v2\/media?parent=14990"}],"curies":[{"name":"wp","href":"https:\/\/api.w.org\/{rel}","templated":true}]}}