{"id":13206,"date":"2020-11-15T14:27:04","date_gmt":"2020-11-15T14:27:04","guid":{"rendered":"http:\/\/turismehortadesantjoan.cat\/la-terra-alta"},"modified":"2020-12-08T17:54:58","modified_gmt":"2020-12-08T17:54:58","slug":"la-terra-alta","status":"publish","type":"page","link":"http:\/\/turismehortadesantjoan.cat\/es\/la-terra-alta","title":{"rendered":"La Terra Alta"},"content":{"rendered":"<p><section class=\"kc-elm kc-css-678328 kc_row\"><div class=\"kc-row-container\"><div class=\"kc-wrap-columns\"><div class=\"kc-elm kc-css-438109 kc_col-sm-12 kc_column kc_col-sm-12\"><div class=\"kc-col-container\">\n<div class=\"element-block-heading style-default\">\n\t<div class=\"wrapper\">\n\t\t<div class=\"inner\">\n\t\t\t\n\t\t\t\t\t\t<h2 class=\"heading\">Un para\u00edso natural<\/h2>\n\t\t\t\t\t\t\n\t\t\t\t\t<\/div>\n\t<\/div>\n<\/div><div class=\"kc-elm kc-css-700924\" style=\"height: 30px; clear: both; width:100%;\"><\/div><div class=\"kc-elm kc-css-379383 kc_text_block\"><\/p>\n<p><span class=\"VIiyi\" lang=\"en\"><span class=\"JLqJ4b ChMk0b\" data-language-for-alternatives=\"en\" data-language-to-translate-into=\"ca\" data-phrase-index=\"10\"><span class=\"VIiyi\" lang=\"es\">La autenticidad y la tranquilidad son la carta de presentaci\u00f3n de la Terra Alta, una de las comarcas m\u00e1s desconocidas e interesantes de Catalu\u00f1a pero tambi\u00e9n una de las menos pobladas. Altas monta\u00f1as, r\u00edos, vi\u00f1edos, una naturaleza exuberante, fauna salvaje, pueblos parados en el tiempo .. La escasa poblaci\u00f3n de la comarca ha posibilitado que la naturaleza se haya conservado casi intacta por lo que la mayor\u00eda del territorio est\u00e1 protegido: el Parque Natural de los Puertos, uno de los espacios de gran valor que hacen de la Tierra Alta un para\u00edso natural. D\u00e9jese sorprender por la comarca de la Terra Alta, con la historia de la Batalla del Ebro hasta conocer los parajes naturales del Parque Natural de los Puertos. En desea conocer un poco m\u00e1s? Siga! Ven a conocer la Tierra Alta!<\/span><\/span><\/span><\/p>\n<p>\n<\/div><div class=\"kc-elm kc-css-413586\" style=\"height: 20px; clear: both; width:100%;\"><\/div><\/div><\/div><\/div><\/div><\/section><section class=\"kc-elm kc-css-729168 kc_row\"><div class=\"kc-row-container  kc-container\"><div class=\"kc-wrap-columns\"><div class=\"kc-elm kc-css-552472 kc_col-sm-3 kc_column kc_col-sm-3\"><div class=\"kc-col-container\"><div class=\"kc-elm kc-css-25648\" style=\"height: 55px; clear: both; width:100%;\"><\/div><div class=\"kc_shortcode kc_single_image \"><a  href=\"https:\/\/turismehortadesantjoan.cat\/fauna\" title=\"Fauna\" target=\"_self\"><img decoding=\"async\" data-src=\"http:\/\/turismehortadesantjoan.cat\/wp-content\/uploads\/2020\/11\/cabra-els-ports-scaled.jpg\" alt=\"\" src=\"data:image\/svg+xml;base64,PHN2ZyB3aWR0aD0iMSIgaGVpZ2h0PSIxIiB4bWxucz0iaHR0cDovL3d3dy53My5vcmcvMjAwMC9zdmciPjwvc3ZnPg==\" class=\"lazyload\" style=\"--smush-placeholder-width: 2560px; --smush-placeholder-aspect-ratio: 2560\/1701;\" \/><div class=\"kc-image-overlay\"><i class=\"sl-action-redo\"><\/i><\/div><\/a><\/div><div class=\"kc-elm kc-css-898423\" style=\"height: 26px; clear: both; width:100%;\"><\/div>\n<div class=\"kc-elm kc-css-184215 kc-animated kc-animate-eff-fadeIn\">\n\t<a class=\"\" href=\"https:\/\/turismehortadesantjoan.cat\/fauna\" target=\"_self\" title=\"Fauna\" onclick=\"\">\n\t\t<i class=\"fa-leaf\"><\/i> FAUNA\t<\/a>\n<\/div>\n<\/div><\/div><div class=\"kc-elm kc-css-512014 kc_col-sm-3 kc_column kc_col-sm-3\"><div class=\"kc-col-container\"><div class=\"kc-elm kc-css-373877\" style=\"height: 55px; clear: both; width:100%;\"><\/div><div class=\"kc_shortcode kc_single_image \"><a  href=\"https:\/\/turismehortadesantjoan.cat\/vegetacioterralata\" title=\"Vegetacioterralata\" target=\"_self\"><img decoding=\"async\" data-src=\"http:\/\/turismehortadesantjoan.cat\/wp-content\/uploads\/2020\/11\/905880_856401784400368_1571874429651855450_o.jpg\" alt=\"\" src=\"data:image\/svg+xml;base64,PHN2ZyB3aWR0aD0iMSIgaGVpZ2h0PSIxIiB4bWxucz0iaHR0cDovL3d3dy53My5vcmcvMjAwMC9zdmciPjwvc3ZnPg==\" class=\"lazyload\" style=\"--smush-placeholder-width: 2048px; --smush-placeholder-aspect-ratio: 2048\/1365;\" \/><div class=\"kc-image-overlay\"><i class=\"sl-action-redo\"><\/i><\/div><\/a><\/div><div class=\"kc-elm kc-css-471108\" style=\"height: 26px; clear: both; width:100%;\"><\/div>\n<div class=\"kc-elm kc-css-469032 kc-animated kc-animate-eff-fadeIn\">\n\t<a class=\"\" href=\"https:\/\/turismehortadesantjoan.cat\/vegetacioterralata\" target=\"_self\" title=\"Vegetacioterralata\" onclick=\"\">\n\t\t<i class=\"fa-leaf\"><\/i> VEGETACI\u00d3N\t<\/a>\n<\/div>\n<\/div><\/div><div class=\"kc-elm kc-css-70841 kc_col-sm-3 kc_column kc_col-sm-3\"><div class=\"kc-col-container\"><div class=\"kc-elm kc-css-714086\" style=\"height: 55px; clear: both; width:100%;\"><\/div><div class=\"kc_shortcode kc_single_image \"><a  href=\"https:\/\/turismehortadesantjoan.cat\/paisatgeterralata\" title=\"\" target=\"_self\"><img decoding=\"async\" data-src=\"http:\/\/turismehortadesantjoan.cat\/wp-content\/uploads\/2020\/11\/ports_beseit_parc.jpg\" alt=\"\" src=\"data:image\/svg+xml;base64,PHN2ZyB3aWR0aD0iMSIgaGVpZ2h0PSIxIiB4bWxucz0iaHR0cDovL3d3dy53My5vcmcvMjAwMC9zdmciPjwvc3ZnPg==\" class=\"lazyload\" style=\"--smush-placeholder-width: 800px; --smush-placeholder-aspect-ratio: 800\/531;\" \/><div class=\"kc-image-overlay\"><i class=\"sl-action-redo\"><\/i><\/div><\/a><\/div><div class=\"kc-elm kc-css-524785\" style=\"height: 26px; clear: both; width:100%;\"><\/div>\n<div class=\"kc-elm kc-css-808870 kc-animated kc-animate-eff-fadeIn\">\n\t<a class=\"\" href=\" https:\/\/turismehortadesantjoan.cat\/paisatgeterralata\" target=\"_self\" title=\"\" onclick=\"\">\n\t\t<i class=\"fa-leaf\"><\/i> PAISAJE\t<\/a>\n<\/div>\n<\/div><\/div><div class=\"kc-elm kc-css-670282 kc_col-sm-3 kc_column kc_col-sm-3\"><div class=\"kc-col-container\"><div class=\"kc-elm kc-css-756891\" style=\"height: 55px; clear: both; width:100%;\"><\/div><div class=\"kc_shortcode kc_single_image \"><a  href=\"https:\/\/turismehortadesantjoan.cat\/historiaterralta\" title=\"\" target=\"_self\"><img decoding=\"async\" data-src=\"http:\/\/turismehortadesantjoan.cat\/wp-content\/uploads\/2020\/11\/E07_Rui\u0308nes_del_poble_vell_des_del_carrer_del_Forn_amb_Sant_Pere_al_fons-1-e1605453553387.jpg\" alt=\"\" src=\"data:image\/svg+xml;base64,PHN2ZyB3aWR0aD0iMSIgaGVpZ2h0PSIxIiB4bWxucz0iaHR0cDovL3d3dy53My5vcmcvMjAwMC9zdmciPjwvc3ZnPg==\" class=\"lazyload\" style=\"--smush-placeholder-width: 2048px; --smush-placeholder-aspect-ratio: 2048\/1377;\" \/><div class=\"kc-image-overlay\"><i class=\"sl-action-redo\"><\/i><\/div><\/a><\/div><div class=\"kc-elm kc-css-871817\" style=\"height: 26px; clear: both; width:100%;\"><\/div>\n<div class=\"kc-elm kc-css-763418 kc-animated kc-animate-eff-fadeIn\">\n\t<a class=\"\" href=\"https:\/\/turismehortadesantjoan.cat\/historiaterralta\" target=\"_self\" title=\"\" onclick=\"\">\n\t\t<i class=\"fa-leaf\"><\/i> HISTORIA\t<\/a>\n<\/div>\n<\/div><\/div><\/div><\/div><\/section><section class=\"kc-elm kc-css-959800 kc_row\"><div class=\"kc-row-container  kc-container\"><div class=\"kc-wrap-columns\"><div class=\"kc-elm kc-css-580332 kc_col-sm-12 kc_column kc_col-sm-12\"><div class=\"kc-col-container\"><div class=\"kc-elm kc-css-347586\" style=\"height: 57px; clear: both; width:100%;\"><\/div>\n<div class=\"element-block-heading style-default\">\n\t<div class=\"wrapper\">\n\t\t<div class=\"inner\">\n\t\t\t\n\t\t\t\t\t\t<h2 class=\"heading\">SI QUIERES SABER M\u00c1S...<\/h2>\n\t\t\t\t\t\t\n\t\t\t\t\t<\/div>\n\t<\/div>\n<\/div><div class=\"kc-elm kc-css-396360\" style=\"height: 63px; clear: both; width:100%;\"><\/div>\n\t<div class=\"kc-elm kc-css-40527 kc_shortcode kc_video_play kc_video_wrapper\" data-video=\"https:\/\/www.youtube.com\/watch?v=Z4A_LMia7Ro&amp;feature=emb_logo\" data-width=\"600\" data-height=\"338.98305084746\" data-fullwidth=\"yes\" data-autoplay=\"\" data-loop=\"yes\" data-control=\"yes\" data-related=\"\" data-showinfo=\"\" data-kc-video-mute=\"\">\n\t\t\t<\/div>\n\n<\/div><\/div><\/div><\/div><\/section><\/p>\n","protected":false},"excerpt":{"rendered":"","protected":false},"author":1,"featured_media":0,"parent":0,"menu_order":0,"comment_status":"closed","ping_status":"closed","template":"","meta":{"footnotes":""},"yoast_head":"<!-- This site is optimized with the Yoast SEO plugin v24.5 - https:\/\/yoast.com\/wordpress\/plugins\/seo\/ -->\n<title>La Terra Alta - Turisme Horta de Sant Joan<\/title>\n<meta name=\"robots\" content=\"index, follow, max-snippet:-1, max-image-preview:large, max-video-preview:-1\" \/>\n<link rel=\"canonical\" href=\"http:\/\/turismehortadesantjoan.cat\/es\/la-terra-alta\" \/>\n<meta property=\"og:locale\" content=\"es_ES\" \/>\n<meta property=\"og:type\" content=\"article\" \/>\n<meta property=\"og:title\" content=\"La Terra Alta - Turisme Horta de Sant Joan\" \/>\n<meta property=\"og:description\" content=\"Un para\u00edso natural La autenticidad y la tranquilidad son la carta de presentaci\u00f3n de la Terra Alta, una de las comarcas m\u00e1s desconocidas e interesantes de Catalu\u00f1a pero tambi\u00e9n una &hellip; Continue reading La Terra Alta &rarr;\" \/>\n<meta property=\"og:url\" content=\"http:\/\/turismehortadesantjoan.cat\/es\/la-terra-alta\" \/>\n<meta property=\"og:site_name\" content=\"Turisme Horta de Sant Joan\" \/>\n<meta property=\"article:modified_time\" content=\"2020-12-08T17:54:58+00:00\" \/>\n<meta property=\"og:image\" content=\"https:\/\/turismehortadesantjoan.cat\/wp-content\/uploads\/2020\/11\/cabra-els-ports-scaled.jpg\" \/>\n<meta name=\"twitter:card\" content=\"summary_large_image\" \/>\n<meta name=\"twitter:label1\" content=\"Tiempo de lectura\" \/>\n\t<meta name=\"twitter:data1\" content=\"1 minuto\" \/>\n<script type=\"application\/ld+json\" class=\"yoast-schema-graph\">{\"@context\":\"https:\/\/schema.org\",\"@graph\":[{\"@type\":\"WebPage\",\"@id\":\"http:\/\/turismehortadesantjoan.cat\/es\/la-terra-alta\",\"url\":\"http:\/\/turismehortadesantjoan.cat\/es\/la-terra-alta\",\"name\":\"La Terra Alta - Turisme Horta de Sant Joan\",\"isPartOf\":{\"@id\":\"http:\/\/turismehortadesantjoan.cat\/es#website\"},\"primaryImageOfPage\":{\"@id\":\"http:\/\/turismehortadesantjoan.cat\/es\/la-terra-alta#primaryimage\"},\"image\":{\"@id\":\"http:\/\/turismehortadesantjoan.cat\/es\/la-terra-alta#primaryimage\"},\"thumbnailUrl\":\"https:\/\/turismehortadesantjoan.cat\/wp-content\/uploads\/2020\/11\/cabra-els-ports-scaled.jpg\",\"datePublished\":\"2020-11-15T14:27:04+00:00\",\"dateModified\":\"2020-12-08T17:54:58+00:00\",\"breadcrumb\":{\"@id\":\"http:\/\/turismehortadesantjoan.cat\/es\/la-terra-alta#breadcrumb\"},\"inLanguage\":\"es\",\"potentialAction\":[{\"@type\":\"ReadAction\",\"target\":[\"http:\/\/turismehortadesantjoan.cat\/es\/la-terra-alta\"]}]},{\"@type\":\"ImageObject\",\"inLanguage\":\"es\",\"@id\":\"http:\/\/turismehortadesantjoan.cat\/es\/la-terra-alta#primaryimage\",\"url\":\"https:\/\/turismehortadesantjoan.cat\/wp-content\/uploads\/2020\/11\/cabra-els-ports-scaled.jpg\",\"contentUrl\":\"https:\/\/turismehortadesantjoan.cat\/wp-content\/uploads\/2020\/11\/cabra-els-ports-scaled.jpg\"},{\"@type\":\"BreadcrumbList\",\"@id\":\"http:\/\/turismehortadesantjoan.cat\/es\/la-terra-alta#breadcrumb\",\"itemListElement\":[{\"@type\":\"ListItem\",\"position\":1,\"name\":\"Inici\",\"item\":\"https:\/\/turismehortadesantjoan.cat\/es\"},{\"@type\":\"ListItem\",\"position\":2,\"name\":\"La Terra Alta\"}]},{\"@type\":\"WebSite\",\"@id\":\"http:\/\/turismehortadesantjoan.cat\/es#website\",\"url\":\"http:\/\/turismehortadesantjoan.cat\/es\",\"name\":\"Turisme Horta de Sant Joan\",\"description\":\"\",\"publisher\":{\"@id\":\"http:\/\/turismehortadesantjoan.cat\/es#organization\"},\"potentialAction\":[{\"@type\":\"SearchAction\",\"target\":{\"@type\":\"EntryPoint\",\"urlTemplate\":\"http:\/\/turismehortadesantjoan.cat\/es?s={search_term_string}\"},\"query-input\":{\"@type\":\"PropertyValueSpecification\",\"valueRequired\":true,\"valueName\":\"search_term_string\"}}],\"inLanguage\":\"es\"},{\"@type\":\"Organization\",\"@id\":\"http:\/\/turismehortadesantjoan.cat\/es#organization\",\"name\":\"Turisme Horta de Sant Joan\",\"url\":\"http:\/\/turismehortadesantjoan.cat\/es\",\"logo\":{\"@type\":\"ImageObject\",\"inLanguage\":\"es\",\"@id\":\"http:\/\/turismehortadesantjoan.cat\/es#\/schema\/logo\/image\/\",\"url\":\"http:\/\/turismehortadesantjoan.cat\/wp-content\/uploads\/2017\/10\/cropped-Sin-ti\u0301tulo-2.png\",\"contentUrl\":\"http:\/\/turismehortadesantjoan.cat\/wp-content\/uploads\/2017\/10\/cropped-Sin-ti\u0301tulo-2.png\",\"width\":169,\"height\":40,\"caption\":\"Turisme Horta de Sant Joan\"},\"image\":{\"@id\":\"http:\/\/turismehortadesantjoan.cat\/es#\/schema\/logo\/image\/\"}}]}<\/script>\n<!-- \/ Yoast SEO plugin. -->","yoast_head_json":{"title":"La Terra Alta - Turisme Horta de Sant Joan","robots":{"index":"index","follow":"follow","max-snippet":"max-snippet:-1","max-image-preview":"max-image-preview:large","max-video-preview":"max-video-preview:-1"},"canonical":"http:\/\/turismehortadesantjoan.cat\/es\/la-terra-alta","og_locale":"es_ES","og_type":"article","og_title":"La Terra Alta - Turisme Horta de Sant Joan","og_description":"Un para\u00edso natural La autenticidad y la tranquilidad son la carta de presentaci\u00f3n de la Terra Alta, una de las comarcas m\u00e1s desconocidas e interesantes de Catalu\u00f1a pero tambi\u00e9n una &hellip; Continue reading La Terra Alta &rarr;","og_url":"http:\/\/turismehortadesantjoan.cat\/es\/la-terra-alta","og_site_name":"Turisme Horta de Sant Joan","article_modified_time":"2020-12-08T17:54:58+00:00","og_image":[{"url":"https:\/\/turismehortadesantjoan.cat\/wp-content\/uploads\/2020\/11\/cabra-els-ports-scaled.jpg","type":"","width":"","height":""}],"twitter_card":"summary_large_image","twitter_misc":{"Tiempo de lectura":"1 minuto"},"schema":{"@context":"https:\/\/schema.org","@graph":[{"@type":"WebPage","@id":"http:\/\/turismehortadesantjoan.cat\/es\/la-terra-alta","url":"http:\/\/turismehortadesantjoan.cat\/es\/la-terra-alta","name":"La Terra Alta - Turisme Horta de Sant Joan","isPartOf":{"@id":"http:\/\/turismehortadesantjoan.cat\/es#website"},"primaryImageOfPage":{"@id":"http:\/\/turismehortadesantjoan.cat\/es\/la-terra-alta#primaryimage"},"image":{"@id":"http:\/\/turismehortadesantjoan.cat\/es\/la-terra-alta#primaryimage"},"thumbnailUrl":"https:\/\/turismehortadesantjoan.cat\/wp-content\/uploads\/2020\/11\/cabra-els-ports-scaled.jpg","datePublished":"2020-11-15T14:27:04+00:00","dateModified":"2020-12-08T17:54:58+00:00","breadcrumb":{"@id":"http:\/\/turismehortadesantjoan.cat\/es\/la-terra-alta#breadcrumb"},"inLanguage":"es","potentialAction":[{"@type":"ReadAction","target":["http:\/\/turismehortadesantjoan.cat\/es\/la-terra-alta"]}]},{"@type":"ImageObject","inLanguage":"es","@id":"http:\/\/turismehortadesantjoan.cat\/es\/la-terra-alta#primaryimage","url":"https:\/\/turismehortadesantjoan.cat\/wp-content\/uploads\/2020\/11\/cabra-els-ports-scaled.jpg","contentUrl":"https:\/\/turismehortadesantjoan.cat\/wp-content\/uploads\/2020\/11\/cabra-els-ports-scaled.jpg"},{"@type":"BreadcrumbList","@id":"http:\/\/turismehortadesantjoan.cat\/es\/la-terra-alta#breadcrumb","itemListElement":[{"@type":"ListItem","position":1,"name":"Inici","item":"https:\/\/turismehortadesantjoan.cat\/es"},{"@type":"ListItem","position":2,"name":"La Terra Alta"}]},{"@type":"WebSite","@id":"http:\/\/turismehortadesantjoan.cat\/es#website","url":"http:\/\/turismehortadesantjoan.cat\/es","name":"Turisme Horta de Sant Joan","description":"","publisher":{"@id":"http:\/\/turismehortadesantjoan.cat\/es#organization"},"potentialAction":[{"@type":"SearchAction","target":{"@type":"EntryPoint","urlTemplate":"http:\/\/turismehortadesantjoan.cat\/es?s={search_term_string}"},"query-input":{"@type":"PropertyValueSpecification","valueRequired":true,"valueName":"search_term_string"}}],"inLanguage":"es"},{"@type":"Organization","@id":"http:\/\/turismehortadesantjoan.cat\/es#organization","name":"Turisme Horta de Sant Joan","url":"http:\/\/turismehortadesantjoan.cat\/es","logo":{"@type":"ImageObject","inLanguage":"es","@id":"http:\/\/turismehortadesantjoan.cat\/es#\/schema\/logo\/image\/","url":"http:\/\/turismehortadesantjoan.cat\/wp-content\/uploads\/2017\/10\/cropped-Sin-ti\u0301tulo-2.png","contentUrl":"http:\/\/turismehortadesantjoan.cat\/wp-content\/uploads\/2017\/10\/cropped-Sin-ti\u0301tulo-2.png","width":169,"height":40,"caption":"Turisme Horta de Sant Joan"},"image":{"@id":"http:\/\/turismehortadesantjoan.cat\/es#\/schema\/logo\/image\/"}}]}},"_links":{"self":[{"href":"http:\/\/turismehortadesantjoan.cat\/es\/wp-json\/wp\/v2\/pages\/13206"}],"collection":[{"href":"http:\/\/turismehortadesantjoan.cat\/es\/wp-json\/wp\/v2\/pages"}],"about":[{"href":"http:\/\/turismehortadesantjoan.cat\/es\/wp-json\/wp\/v2\/types\/page"}],"author":[{"embeddable":true,"href":"http:\/\/turismehortadesantjoan.cat\/es\/wp-json\/wp\/v2\/users\/1"}],"replies":[{"embeddable":true,"href":"http:\/\/turismehortadesantjoan.cat\/es\/wp-json\/wp\/v2\/comments?post=13206"}],"version-history":[{"count":5,"href":"http:\/\/turismehortadesantjoan.cat\/es\/wp-json\/wp\/v2\/pages\/13206\/revisions"}],"predecessor-version":[{"id":13209,"href":"http:\/\/turismehortadesantjoan.cat\/es\/wp-json\/wp\/v2\/pages\/13206\/revisions\/13209"}],"wp:attachment":[{"href":"http:\/\/turismehortadesantjoan.cat\/es\/wp-json\/wp\/v2\/media?parent=13206"}],"curies":[{"name":"wp","href":"https:\/\/api.w.org\/{rel}","templated":true}]}}